{"id":7696,"date":"2018-07-11T13:55:33","date_gmt":"2018-07-11T11:55:33","guid":{"rendered":"http:\/\/ksiegarnia-akademicka.pl\/?post_type=product&#038;p=7696"},"modified":"2024-12-04T13:50:25","modified_gmt":"2024-12-04T12:50:25","slug":"smart-logistics","status":"publish","type":"product","link":"http:\/\/ksiegarnia-akademicka.pl\/index.php\/product\/smart-logistics\/","title":{"rendered":"Smart logistics"},"content":{"rendered":"<p>Autor:<br \/>\nDembi\u0144ska Izabela, Frankowska Marzena, Malinowska Magdalena, Tundys Blanka<br \/>\nWydawca: edu-Libri<br \/>\nOprawa: Mi\u0119kka<br \/>\nFormat: 16.5&#215;23.5cm<br \/>\nLiczba stron: 160<br \/>\nRok wydania: 2018<\/p>\n<p>Opracowanie sk\u0142ada si\u0119 z pi\u0119ciu rozdzia\u0142\u00f3w. W cz\u0119\u015bci pierwszej zaprezentowano podstawowe definicje oraz ewolucj\u0119 zmian w obszarze logistyki w kierunku inteligentnych rozwi\u0105za\u0144. Przedmiotem rozwa\u017ca\u0144 w rozdziale drugim s\u0105 implikacje organizacyjne rozwoju inteligentnej logistyki i inteligentnych \u0142a\u0144cuch\u00f3w dostaw. Cz\u0119\u015b\u0107 trzeci\u0105 opracowania po\u015bwi\u0119cono problematyce inteligentnego przemys\u0142u. Wskazano wyznaczniki jego rozwoju i funkcjonowania oraz om\u00f3wiono rozwijane na \u015bwiecie koncepcje inteligentnego przemys\u0142u. Opisano rozwi\u0105zania inteligentnej logistyki w obs\u0142udze proces\u00f3w produkcyjnych. W cz\u0119\u015bci czwartej scharakteryzowano wykorzystanie inteligentnych rozwi\u0105za\u0144 w zarz\u0105dzaniu transportem i w gospodarce magazynowej. Natomiast w rozdziale pi\u0105tym poruszono tematyk\u0119 smart city, ukazuj\u0105c\u0105 zarz\u0105dzanie systemem logistycznym miasta z wykorzystaniem innowacyjnych rozwi\u0105za\u0144 technologicznych.<\/p>\n","protected":false},"excerpt":{"rendered":"<p>Autor: Dembi\u0144ska Izabela, Frankowska Marzena, Malinowska Magdalena, Tundys Blanka Wydawca: [&hellip;]<\/p>\n","protected":false},"featured_media":7697,"template":"","meta":[],"product_brand":[],"product_cat":[7517,31,7535],"product_tag":[502],"class_list":{"0":"post-7696","1":"product","2":"type-product","3":"status-publish","4":"has-post-thumbnail","6":"product_cat-logistyka","7":"product_cat-przedsiebiorstwo","8":"product_cat-transport-2","9":"product_tag-logistyka","11":"first","12":"instock","13":"sale","14":"shipping-taxable","15":"purchasable","16":"product-type-simple"},"_links":{"self":[{"href":"http:\/\/ksiegarnia-akademicka.pl\/index.php\/wp-json\/wp\/v2\/product\/7696","targetHints":{"allow":["GET"]}}],"collection":[{"href":"http:\/\/ksiegarnia-akademicka.pl\/index.php\/wp-json\/wp\/v2\/product"}],"about":[{"href":"http:\/\/ksiegarnia-akademicka.pl\/index.php\/wp-json\/wp\/v2\/types\/product"}],"wp:featuredmedia":[{"embeddable":true,"href":"http:\/\/ksiegarnia-akademicka.pl\/index.php\/wp-json\/wp\/v2\/media\/7697"}],"wp:attachment":[{"href":"http:\/\/ksiegarnia-akademicka.pl\/index.php\/wp-json\/wp\/v2\/media?parent=7696"}],"wp:term":[{"taxonomy":"product_brand","embeddable":true,"href":"http:\/\/ksiegarnia-akademicka.pl\/index.php\/wp-json\/wp\/v2\/product_brand?post=7696"},{"taxonomy":"product_cat","embeddable":true,"href":"http:\/\/ksiegarnia-akademicka.pl\/index.php\/wp-json\/wp\/v2\/product_cat?post=7696"},{"taxonomy":"product_tag","embeddable":true,"href":"http:\/\/ksiegarnia-akademicka.pl\/index.php\/wp-json\/wp\/v2\/product_tag?post=7696"}],"curies":[{"name":"wp","href":"https:\/\/api.w.org\/{rel}","templated":true}]}}