{"id":7664,"date":"2018-07-11T11:46:11","date_gmt":"2018-07-11T09:46:11","guid":{"rendered":"http:\/\/ksiegarnia-akademicka.pl\/?post_type=product&#038;p=7664"},"modified":"2024-12-14T13:24:38","modified_gmt":"2024-12-14T12:24:38","slug":"wspolna-europa-rozne-ceny-analiza-procesow-konwergencji","status":"publish","type":"product","link":"http:\/\/ksiegarnia-akademicka.pl\/index.php\/product\/wspolna-europa-rozne-ceny-analiza-procesow-konwergencji\/","title":{"rendered":"Wsp\u00f3lna Europa r\u00f3\u017cne ceny analiza proces\u00f3w konwergencji"},"content":{"rendered":"<p>Joanna Wolszczak-Derlacz<br \/>\nWydawca: CeDeWu<br \/>\nOprawa: Mi\u0119kka<br \/>\nFormat: 17.0&#215;24.0cm<br \/>\nLiczba stron: 186<br \/>\nWydanie: 1<br \/>\nRok wydania: 2007<\/p>\n<p>Oczywi\u015bcie najlepiej by\u0107 pi\u0119knym, m\u0142odym i zdrowym, ale je\u017celi rozpatruje si\u0119 tylko alternatyw\u0119 &#8211; by\u0107 krajem drogim i bogatym czy tanim i biednym &#8211; to dla mnie odpowied\u017a jest jasna.<\/p>\n<p>Wsp\u00f3lna Europa, r\u00f3\u017cne ceny &#8211; to ksi\u0105\u017cka, w kt\u00f3rej obalam pewne mity, a w szczeg\u00f3lno\u015bci wy\u0142uszczam:<br \/>\ndlaczego nie powinni\u015bmy si\u0119 ba\u0107 wzrostu cen,a wr\u0119cz traktowa\u0107 to jak b\u0142ogos\u0142awie\u0144stwo,<br \/>\ndefinicj\u0119 i rodzaje konwergencji &#8211; ostatnio bardzomodnej, ale nie zawsze stosowanej poprawnie,<br \/>\njakie triki stosowa\u0107, \u017ceby uzyska\u0107 ca\u0142kiem innewyniki w analizie statystycznej.<br \/>\nJe\u017celi komu\u015b si\u0119 nara\u017cam to trudno.<br \/>\nNa wolnym rynku powinno dochodzi\u0107 do kupna produkt\u00f3w tam gdzie jest taniej i sprzeda\u017cy tam gdzie jest dro\u017cej dop\u00f3ty, dop\u00f3ki b\u0119dzie istnia\u0142a r\u00f3\u017cnica w cenach produkt\u00f3w. Dlaczego tak si\u0119 nie dzieje albo dzieje si\u0119, ale w bardzo ograniczonym zakresie na terenie Unii Europejskiej jest pewnego rodzaju zagadk\u0105.<\/p>\n<p>Je\u017celi chcesz si\u0119 dowiedzie\u0107 jak rozwi\u0105za\u0107 t\u0119 zagadk\u0119, albo przynajmniej interesuje Ci\u0119 gdzie i co kupi\u0107 najtaniej, i czy euro przyczyni si\u0119 do wzrostu cen, to jest to ksi\u0105\u017cka dla Ciebie &#8211; niezale\u017cnie czy jeste\u015b studentem, badaczem czy praktykiem.<\/p>\n","protected":false},"excerpt":{"rendered":"<p>Joanna Wolszczak-Derlacz Wydawca: CeDeWu Oprawa: Mi\u0119kka Format: 17.0&#215;24.0cm Liczba stron: [&hellip;]<\/p>\n","protected":false},"featured_media":7665,"template":"","meta":[],"product_brand":[],"product_cat":[25],"product_tag":[7542,250],"class_list":{"0":"post-7664","1":"product","2":"type-product","3":"status-publish","4":"has-post-thumbnail","6":"product_cat-unia-europejska","7":"product_tag-konwergencja-ekonomiczna","8":"product_tag-unia-europejska","10":"first","11":"instock","12":"sale","13":"shipping-taxable","14":"purchasable","15":"product-type-simple"},"_links":{"self":[{"href":"http:\/\/ksiegarnia-akademicka.pl\/index.php\/wp-json\/wp\/v2\/product\/7664","targetHints":{"allow":["GET"]}}],"collection":[{"href":"http:\/\/ksiegarnia-akademicka.pl\/index.php\/wp-json\/wp\/v2\/product"}],"about":[{"href":"http:\/\/ksiegarnia-akademicka.pl\/index.php\/wp-json\/wp\/v2\/types\/product"}],"wp:featuredmedia":[{"embeddable":true,"href":"http:\/\/ksiegarnia-akademicka.pl\/index.php\/wp-json\/wp\/v2\/media\/7665"}],"wp:attachment":[{"href":"http:\/\/ksiegarnia-akademicka.pl\/index.php\/wp-json\/wp\/v2\/media?parent=7664"}],"wp:term":[{"taxonomy":"product_brand","embeddable":true,"href":"http:\/\/ksiegarnia-akademicka.pl\/index.php\/wp-json\/wp\/v2\/product_brand?post=7664"},{"taxonomy":"product_cat","embeddable":true,"href":"http:\/\/ksiegarnia-akademicka.pl\/index.php\/wp-json\/wp\/v2\/product_cat?post=7664"},{"taxonomy":"product_tag","embeddable":true,"href":"http:\/\/ksiegarnia-akademicka.pl\/index.php\/wp-json\/wp\/v2\/product_tag?post=7664"}],"curies":[{"name":"wp","href":"https:\/\/api.w.org\/{rel}","templated":true}]}}