{"id":7651,"date":"2018-07-11T10:58:42","date_gmt":"2018-07-11T08:58:42","guid":{"rendered":"http:\/\/ksiegarnia-akademicka.pl\/?post_type=product&#038;p=7651"},"modified":"2018-07-11T10:58:42","modified_gmt":"2018-07-11T08:58:42","slug":"selected-chapters-from-the-history-of-british-literature","status":"publish","type":"product","link":"http:\/\/ksiegarnia-akademicka.pl\/index.php\/product\/selected-chapters-from-the-history-of-british-literature\/","title":{"rendered":"SELECTED CHAPTERS FROM THE HISTORY OF BRITISH LITERATURE"},"content":{"rendered":"<p>Agata Buda<br \/>\n2017, wyd. I, stron 116, B-5, cena 21 z\u0142 (podr\u0119cznik)<\/p>\n<p>Podr\u0119cznik zawiera interpretacje kilku arcydzie\u0142 literatury angielskiej, nale\u017c\u0105cych do kanonu najwybitniejszych utwor\u00f3w literackich. S\u0105 tu omawiane utwory takich tw\u00f3rc\u00f3w, jak: W. Szekspir, M. Shelley, E. Bronte, K. Dickens, O. Wilde i T. Hardy. Ka\u017cdy rozdzia\u0142 jest podzielony na: cz\u0119\u015b\u0107 stanowi\u0105c\u0105 t\u0142o, kt\u00f3ra umiejscawia autora w kontek\u015bcie historyczno \u2013 biograficznym i cz\u0119\u015b\u0107 interpretacyjn\u0105 oraz lektur\u0119 najwa\u017cniejszego dzie\u0142a nale\u017c\u0105cego do danej epoki literackiej. Autorka wykorzystuje bezpo\u015brednie cytaty z oryginalnych dzie\u0142. Ksi\u0105\u017cka podpowiada, jak u\u017cywa\u0107 krytyki literackiej w celu przeprowadzenia daj\u0105cych do my\u015blenia i istotnych informacji.<\/p>\n","protected":false},"excerpt":{"rendered":"<p>Agata Buda 2017, wyd. I, stron 116, B-5, cena 21 [&hellip;]<\/p>\n","protected":false},"featured_media":7652,"template":"","meta":[],"product_brand":[],"product_cat":[7529,43],"product_tag":[6020,7541],"class_list":{"0":"post-7651","1":"product","2":"type-product","3":"status-publish","4":"has-post-thumbnail","6":"product_cat-inne","7":"product_cat-wydawnictwo-uth","8":"product_tag-filologia-angielska","9":"product_tag-seria-jezyk-w-tekstach-literatury-i-kultury","11":"first","12":"instock","13":"shipping-taxable","14":"purchasable","15":"product-type-simple"},"_links":{"self":[{"href":"http:\/\/ksiegarnia-akademicka.pl\/index.php\/wp-json\/wp\/v2\/product\/7651","targetHints":{"allow":["GET"]}}],"collection":[{"href":"http:\/\/ksiegarnia-akademicka.pl\/index.php\/wp-json\/wp\/v2\/product"}],"about":[{"href":"http:\/\/ksiegarnia-akademicka.pl\/index.php\/wp-json\/wp\/v2\/types\/product"}],"wp:featuredmedia":[{"embeddable":true,"href":"http:\/\/ksiegarnia-akademicka.pl\/index.php\/wp-json\/wp\/v2\/media\/7652"}],"wp:attachment":[{"href":"http:\/\/ksiegarnia-akademicka.pl\/index.php\/wp-json\/wp\/v2\/media?parent=7651"}],"wp:term":[{"taxonomy":"product_brand","embeddable":true,"href":"http:\/\/ksiegarnia-akademicka.pl\/index.php\/wp-json\/wp\/v2\/product_brand?post=7651"},{"taxonomy":"product_cat","embeddable":true,"href":"http:\/\/ksiegarnia-akademicka.pl\/index.php\/wp-json\/wp\/v2\/product_cat?post=7651"},{"taxonomy":"product_tag","embeddable":true,"href":"http:\/\/ksiegarnia-akademicka.pl\/index.php\/wp-json\/wp\/v2\/product_tag?post=7651"}],"curies":[{"name":"wp","href":"https:\/\/api.w.org\/{rel}","templated":true}]}}