{"id":7627,"date":"2018-07-11T09:55:22","date_gmt":"2018-07-11T07:55:22","guid":{"rendered":"http:\/\/ksiegarnia-akademicka.pl\/?post_type=product&#038;p=7627"},"modified":"2018-07-11T09:55:22","modified_gmt":"2018-07-11T07:55:22","slug":"umowa-o-zaopatrzenie-w-wode-lub-odprowadzanie-sciekow","status":"publish","type":"product","link":"http:\/\/ksiegarnia-akademicka.pl\/index.php\/product\/umowa-o-zaopatrzenie-w-wode-lub-odprowadzanie-sciekow\/","title":{"rendered":"Umowa o zaopatrzenie w wod\u0119 lub odprowadzanie \u015bciek\u00f3w"},"content":{"rendered":"<p>Henryk Palarz<br \/>\nWydawca: Wolters Kluwer<br \/>\nOprawa: Mi\u0119kka<br \/>\nFormat: 14.0&#215;20.0cm<br \/>\nLiczba stron: 268<br \/>\nWydanie: 1<br \/>\nRok wydania: 2017<\/p>\n<p>Ksi\u0105\u017cka zawiera om\u00f3wienie prawid\u0142owego i kompletnego wzoru umowy o zaopatrzenie w wod\u0119 lub odprowadzanie \u015bciek\u00f3w. W opracowaniu przedstawiono m.in.:<br \/>\n&#8211; istot\u0119 i charakter prawny umowy,<br \/>\n&#8211; zasady zawierania i rozwi\u0105zywania um\u00f3w,<br \/>\n&#8211; obligatoryjn\u0105 tre\u015b\u0107 umowy wyznaczan\u0105 przez przepisy ustawy o zbiorowym zaopatrzeniu w wod\u0119 i zbiorowym odprowadzaniu \u015bciek\u00f3w,<br \/>\n&#8211; postanowienia umowne, kt\u00f3re nie s\u0105 obligatoryjne, ale zwyczajowo autorzy wzorc\u00f3w umownych zamieszczaj\u0105 je,<br \/>\n&#8211; specyfik\u0119 zawierania um\u00f3w przez zarz\u0105dc\u00f3w budynk\u00f3w wielolokalowych, czyli w szczeg\u00f3lno\u015bci sp\u00f3\u0142dzielnie mieszkaniowe i wsp\u00f3lnoty mieszkaniowe.<br \/>\nW publikacji zaprezentowano bogate, g\u0142\u00f3wnie antymonopolowe orzecznictwo, powsta\u0142e na bazie kontroli wzorc\u00f3w um\u00f3w redagowanych przez przedsi\u0119biorstwa wodoci\u0105gowo-kanalizacyjne. Zamieszczono w niej r\u00f3wnie\u017c przyk\u0142adowy wz\u00f3r umowy o zaopatrzenie w wod\u0119 i odprowadzanie \u015bciek\u00f3w.<\/p>\n","protected":false},"excerpt":{"rendered":"<p>Henryk Palarz Wydawca: Wolters Kluwer Oprawa: Mi\u0119kka Format: 14.0&#215;20.0cm Liczba [&hellip;]<\/p>\n","protected":false},"featured_media":7628,"template":"","meta":[],"product_brand":[],"product_cat":[7492,7495,18,7494],"product_tag":[4045,485,486],"class_list":{"0":"post-7627","1":"product","2":"type-product","3":"status-publish","4":"has-post-thumbnail","6":"product_cat-administracyjne","7":"product_cat-gospodarcze-i-handlowe","8":"product_cat-prawo","9":"product_cat-samorzad-terytorialny","10":"product_tag-ochrona-srodowiska","11":"product_tag-prawo-administracyjne","12":"product_tag-samorzad-terytorialny","14":"first","15":"instock","16":"sale","17":"shipping-taxable","18":"purchasable","19":"product-type-simple"},"_links":{"self":[{"href":"http:\/\/ksiegarnia-akademicka.pl\/index.php\/wp-json\/wp\/v2\/product\/7627","targetHints":{"allow":["GET"]}}],"collection":[{"href":"http:\/\/ksiegarnia-akademicka.pl\/index.php\/wp-json\/wp\/v2\/product"}],"about":[{"href":"http:\/\/ksiegarnia-akademicka.pl\/index.php\/wp-json\/wp\/v2\/types\/product"}],"wp:featuredmedia":[{"embeddable":true,"href":"http:\/\/ksiegarnia-akademicka.pl\/index.php\/wp-json\/wp\/v2\/media\/7628"}],"wp:attachment":[{"href":"http:\/\/ksiegarnia-akademicka.pl\/index.php\/wp-json\/wp\/v2\/media?parent=7627"}],"wp:term":[{"taxonomy":"product_brand","embeddable":true,"href":"http:\/\/ksiegarnia-akademicka.pl\/index.php\/wp-json\/wp\/v2\/product_brand?post=7627"},{"taxonomy":"product_cat","embeddable":true,"href":"http:\/\/ksiegarnia-akademicka.pl\/index.php\/wp-json\/wp\/v2\/product_cat?post=7627"},{"taxonomy":"product_tag","embeddable":true,"href":"http:\/\/ksiegarnia-akademicka.pl\/index.php\/wp-json\/wp\/v2\/product_tag?post=7627"}],"curies":[{"name":"wp","href":"https:\/\/api.w.org\/{rel}","templated":true}]}}