{"id":7556,"date":"2018-07-05T16:25:52","date_gmt":"2018-07-05T14:25:52","guid":{"rendered":"http:\/\/ksiegarnia-akademicka.pl\/?post_type=product&#038;p=7556"},"modified":"2026-01-31T11:09:10","modified_gmt":"2026-01-31T10:09:10","slug":"wytrzymalosc-materialow-z-elementami-ujecia-komputerowego-2","status":"publish","type":"product","link":"http:\/\/ksiegarnia-akademicka.pl\/index.php\/product\/wytrzymalosc-materialow-z-elementami-ujecia-komputerowego-2\/","title":{"rendered":"Wytrzyma\u0142o\u015b\u0107 materia\u0142\u00f3w z elementami uj\u0119cia komputerowego"},"content":{"rendered":"<p>Roman B\u0105k<br \/>\nTadeusz Burczy\u0144ski<br \/>\nWydawca: Wydawnictwo Naukowe PWN<br \/>\nOprawa: Mi\u0119kka<br \/>\nFormat: 20.5&#215;25.0cm<br \/>\nLiczba stron: 586<br \/>\nWydanie: 2<br \/>\nRok wydania: 2018<\/p>\n<p>W podr\u0119czniku w spos\u00f3b kompleksowy przedstawiono zar\u00f3wno podstawy wytrzyma\u0142o\u015bci materia\u0142\u00f3w, jak i zastosowanie metod komputerowych do rozwi\u0105zywania zagadnie\u0144 z tej dziedziny.Om\u00f3wiono modele jednowymiarowe (pr\u0119ty), dwuwymiarowe (tarcze, p\u0142yty, pow\u0142oki) i tr\u00f3jwymiarowe (cia\u0142a przestrzenne) rzeczywistych obiekt\u00f3w mechanicznych. Zaprezentowano teori\u0119 spr\u0119\u017cysto\u015bci i plastyczno\u015bci oraz obecne pogl\u0105dy na temat p\u0119kania i zm\u0119czenia materia\u0142\u00f3w.<br \/>\nPrzedstawiono zagadnienia odkszta\u0142calno\u015bci i wytrzyma\u0142o\u015bci polimer\u00f3w i kompozyt\u00f3w. Wiele z rozwa\u017canych problem\u00f3w wytrzyma\u0142o\u015bciowych rozwi\u0105zano zar\u00f3wno metod\u0105 klasyczn\u0105, jak i metod\u0105 element\u00f3w sko\u0144czonych (MES).<\/p>\n<p>Uzupe\u0142nieniem podr\u0119cznika s\u0105 programy MES, kt\u00f3re s\u0105 dost\u0119pne dla ka\u017cdego w Internecie, oraz zamieszczone na ko\u0144cu ksi\u0105\u017cki, w postaci kolorowych fotogram\u00f3w, przyk\u0142ady zastosowania MES do numerycznej analizy wytrzyma\u0142o\u015bciowej.<\/p>\n<p>Podr\u0119cznik jest przeznaczony dla student\u00f3w wydzia\u0142\u00f3w mechanicznych i budowlanych politechnik oraz dla in\u017cynier\u00f3w, kt\u00f3rzy w pracy zawodowej pos\u0142uguj\u0105 si\u0119 nowoczesnymi metodami analizy i projektowania wytrzyma\u0142o\u015bciowego konstrukcji.<\/p>\n","protected":false},"excerpt":{"rendered":"<p>Roman B\u0105k Tadeusz Burczy\u0144ski Wydawca: Wydawnictwo Naukowe PWN Oprawa: Mi\u0119kka [&hellip;]<\/p>\n","protected":false},"featured_media":7557,"template":"","meta":[],"product_brand":[],"product_cat":[41],"product_tag":[105],"class_list":{"0":"post-7556","1":"product","2":"type-product","3":"status-publish","4":"has-post-thumbnail","6":"product_cat-nauki-techniczne","7":"product_tag-materialoznawstwo","9":"first","10":"instock","11":"sale","12":"shipping-taxable","13":"purchasable","14":"product-type-simple"},"_links":{"self":[{"href":"http:\/\/ksiegarnia-akademicka.pl\/index.php\/wp-json\/wp\/v2\/product\/7556","targetHints":{"allow":["GET"]}}],"collection":[{"href":"http:\/\/ksiegarnia-akademicka.pl\/index.php\/wp-json\/wp\/v2\/product"}],"about":[{"href":"http:\/\/ksiegarnia-akademicka.pl\/index.php\/wp-json\/wp\/v2\/types\/product"}],"wp:featuredmedia":[{"embeddable":true,"href":"http:\/\/ksiegarnia-akademicka.pl\/index.php\/wp-json\/wp\/v2\/media\/7557"}],"wp:attachment":[{"href":"http:\/\/ksiegarnia-akademicka.pl\/index.php\/wp-json\/wp\/v2\/media?parent=7556"}],"wp:term":[{"taxonomy":"product_brand","embeddable":true,"href":"http:\/\/ksiegarnia-akademicka.pl\/index.php\/wp-json\/wp\/v2\/product_brand?post=7556"},{"taxonomy":"product_cat","embeddable":true,"href":"http:\/\/ksiegarnia-akademicka.pl\/index.php\/wp-json\/wp\/v2\/product_cat?post=7556"},{"taxonomy":"product_tag","embeddable":true,"href":"http:\/\/ksiegarnia-akademicka.pl\/index.php\/wp-json\/wp\/v2\/product_tag?post=7556"}],"curies":[{"name":"wp","href":"https:\/\/api.w.org\/{rel}","templated":true}]}}