{"id":7515,"date":"2018-07-05T14:48:15","date_gmt":"2018-07-05T12:48:15","guid":{"rendered":"http:\/\/ksiegarnia-akademicka.pl\/?post_type=product&#038;p=7515"},"modified":"2021-12-06T09:02:34","modified_gmt":"2021-12-06T08:02:34","slug":"badania-symulacyjne-i-doswiadczalne-elementow-taboru-i-infrastruktury-kolejowej-w-aspekcie-bezpieczenstwa-i-eksploatacji","status":"publish","type":"product","link":"http:\/\/ksiegarnia-akademicka.pl\/index.php\/product\/badania-symulacyjne-i-doswiadczalne-elementow-taboru-i-infrastruktury-kolejowej-w-aspekcie-bezpieczenstwa-i-eksploatacji\/","title":{"rendered":"Badania symulacyjne i do\u015bwiadczalne element\u00f3w taboru i infrastruktury kolejowej w aspekcie bezpiecze\u0144stwa i eksploatacji"},"content":{"rendered":"<p>Jacek Kukulski<br \/>\nWydawnictwo: OWPW<br \/>\nRozw\u00f3j infrastruktury kolejowej i zwi\u0119kszenie pr\u0119dko\u015bci poci\u0105g\u00f3w s\u0105 wynikiem doskonalenia konstrukcji nowoczesnych pojazd\u00f3w kolejowych oraz optymalizacji konstrukcji infrastruktury kolejowej. W opracowaniu om\u00f3wiono badania ukierunkowane na zwi\u0119kszenie bezpiecze\u0144stwa ruchu poci\u0105g\u00f3w, a tak\u017ce ograniczenie koszt\u00f3w utrzymania nawierzchni kolejowej. G\u0142\u00f3wnym przedmiotem zainteresowania autora s\u0105 zagadnienia dotycz\u0105ce modelowania nawierzchni kolejowej, jej diagnostyki i utrzymania, w tym metod utrzymania i oceny zu\u017cycia, a tak\u017ce uszkodze\u0144 nawierzchni i jej element\u00f3w. Drugim om\u00f3wionym tematem s\u0105 badania taboru kolejowego i jego element\u00f3w, w tym zagadnienia zwi\u0105zane z tribologi\u0105 pary ciernej hamulca pojazd\u00f3w kolejowych.<br \/>\nRok: 2017<br \/>\nStron: 140<br \/>\nISBN: 978-83-7814-640-7<\/p>\n","protected":false},"excerpt":{"rendered":"<p>Jacek Kukulski Wydawnictwo: OWPW Rozw\u00f3j infrastruktury kolejowej i zwi\u0119kszenie pr\u0119dko\u015bci [&hellip;]<\/p>\n","protected":false},"featured_media":7516,"template":"","meta":[],"product_brand":[],"product_cat":[7535],"product_tag":[],"class_list":{"0":"post-7515","1":"product","2":"type-product","3":"status-publish","4":"has-post-thumbnail","6":"product_cat-transport-2","8":"first","9":"instock","10":"sale","11":"shipping-taxable","12":"purchasable","13":"product-type-simple"},"_links":{"self":[{"href":"http:\/\/ksiegarnia-akademicka.pl\/index.php\/wp-json\/wp\/v2\/product\/7515","targetHints":{"allow":["GET"]}}],"collection":[{"href":"http:\/\/ksiegarnia-akademicka.pl\/index.php\/wp-json\/wp\/v2\/product"}],"about":[{"href":"http:\/\/ksiegarnia-akademicka.pl\/index.php\/wp-json\/wp\/v2\/types\/product"}],"wp:featuredmedia":[{"embeddable":true,"href":"http:\/\/ksiegarnia-akademicka.pl\/index.php\/wp-json\/wp\/v2\/media\/7516"}],"wp:attachment":[{"href":"http:\/\/ksiegarnia-akademicka.pl\/index.php\/wp-json\/wp\/v2\/media?parent=7515"}],"wp:term":[{"taxonomy":"product_brand","embeddable":true,"href":"http:\/\/ksiegarnia-akademicka.pl\/index.php\/wp-json\/wp\/v2\/product_brand?post=7515"},{"taxonomy":"product_cat","embeddable":true,"href":"http:\/\/ksiegarnia-akademicka.pl\/index.php\/wp-json\/wp\/v2\/product_cat?post=7515"},{"taxonomy":"product_tag","embeddable":true,"href":"http:\/\/ksiegarnia-akademicka.pl\/index.php\/wp-json\/wp\/v2\/product_tag?post=7515"}],"curies":[{"name":"wp","href":"https:\/\/api.w.org\/{rel}","templated":true}]}}