{"id":7481,"date":"2018-07-04T16:32:06","date_gmt":"2018-07-04T14:32:06","guid":{"rendered":"http:\/\/ksiegarnia-akademicka.pl\/?post_type=product&#038;p=7481"},"modified":"2018-07-04T16:32:06","modified_gmt":"2018-07-04T14:32:06","slug":"polityka-regionalna-unii-europejskiej-jako-polityka-publiczna-marek-swistak","status":"publish","type":"product","link":"http:\/\/ksiegarnia-akademicka.pl\/index.php\/product\/polityka-regionalna-unii-europejskiej-jako-polityka-publiczna-marek-swistak\/","title":{"rendered":"Polityka regionalna Unii Europejskiej jako polityka publiczna Marek \u015awistak"},"content":{"rendered":"<p>Wydawnictwo Uniwersytetu Jagiello\u0144skiego<br \/>\nOprawa: Mi\u0119kka ze skrzyde\u0142kami<br \/>\nFormat: 15.0&#215;23.0cm<br \/>\nLiczba stron: 346<br \/>\nRok wydania: 2018<\/p>\n<p>Niejasna, ma\u0142o skuteczna, trudno dostrzegalna, skomplikowana \u2013 tak cz\u0119sto okre\u015bla si\u0119 polityk\u0119 regionaln\u0105 Unii Europejskiej. Tymczasem jest ona jedn\u0105 z najwa\u017cniejszych polityk publicznych, zw\u0142aszcza ze wzgl\u0119du na ilo\u015b\u0107 \u015brodk\u00f3w pochodz\u0105cych z bud\u017cetu UE na rozw\u00f3j i tworzenie wysokiej jako\u015bci \u017cycia. Jednocze\u015bnie Polska jest jednym z najwi\u0119kszych beneficjent\u00f3w tej polityki, st\u0105d zasadno\u015b\u0107 podejmowania problematyki optymalizacji unijnej polityki regionalnej. Autorzy najwa\u017cniejszych opracowa\u0144 w polskiej literaturze przedmiotu odwo\u0142uj\u0105 si\u0119 g\u0142\u00f3wnie do aspekt\u00f3w normatywnych (prawnych i regulacyjnych) b\u0105d\u017a rozstrzygni\u0119\u0107 administracyjnych. Brakuje natomiast analiz odnosz\u0105cych si\u0119 do polityki regionalnej w kontek\u015bcie procesu politycznego, sposobu jej tworzenia, uzgadniania priorytet\u00f3w rozwojowych, sposob\u00f3w podejmowania decyzji.<\/p>\n<p>W coraz bardziej z\u0142o\u017conych spo\u0142ecze\u0144stwach, uk\u0142adach regionalnych, w kt\u00f3rych mamy do czynienia ze zjawiskami o zintegrowanym charakterze, otwarcie si\u0119 polityki regionalnej na innych \u2013 pozapa\u0144stwowych i pozaunijnych \u2013 aktor\u00f3w jest dzia\u0142aniem w kierunku zwi\u0119kszenia jej efektywno\u015bci. Wi\u0105\u017ce si\u0119 to z konieczno\u015bci\u0105 ustalania instrument\u00f3w nie tyle ustandaryzowanych, ile dopasowanych do potrzeb i oczekiwa\u0144 adresat\u00f3w, a zarazem osi\u0105gaj\u0105cych za\u0142o\u017cone cele badanej polityki. Jednocze\u015bnie wskazuje to na wi\u0119ksze wyzwanie w zakresie sterowania unijn\u0105 polityk\u0105 regionaln\u0105.<\/p>\n<p>Punktem wyj\u015bcia rozwa\u017ca\u0144 przedstawionych w niniejszej ksi\u0105\u017cce jest spojrzenie na polityk\u0119 regionaln\u0105 Unii Europejskiej z punktu widzenia nauki o polityce publicznej. Ta interesuj\u0105ca perspektywa poznawcza pozwala na namys\u0142 nad unijn\u0105 polityk\u0105 regionaln\u0105 jako dzia\u0142aniem, w wyniku kt\u00f3rego w\u0142adza oraz obywatele organizuj\u0105 proces rozwi\u0105zywania problem\u00f3w zwi\u0105zanych z rozwojem. Mowa tutaj o sferze konkretnych dzia\u0142a\u0144, a nie tylko walki o w\u0142adz\u0119.<\/p>\n<p>Autor dokonuje oceny podej\u015bcia opartego na politykach publicznych na podstawie analizy polityki regionalnej w kontek\u015bcie jej optymalizacji. Nie bez znaczenia pozostaje \u015brodowisko instytucjonalne, dekonstrukcja europejskiego procesu politycznego rozumianego jako seria etap\u00f3w anga\u017cuj\u0105cych r\u00f3\u017cnych aktor\u00f3w, instrumenty, procedury oraz interakcj\u0119 mi\u0119dzy nimi. To wszystko sk\u0142ada si\u0119 na proces tworzenia polityki regionalnej UE tak\u017ce w krajach cz\u0142onkowskich, a zatem i w Polsce.<\/p>\n","protected":false},"excerpt":{"rendered":"<p>Wydawnictwo Uniwersytetu Jagiello\u0144skiego Oprawa: Mi\u0119kka ze skrzyde\u0142kami Format: 15.0&#215;23.0cm Liczba [&hellip;]<\/p>\n","protected":false},"featured_media":7482,"template":"","meta":[],"product_brand":[],"product_cat":[25],"product_tag":[],"class_list":{"0":"post-7481","1":"product","2":"type-product","3":"status-publish","4":"has-post-thumbnail","6":"product_cat-unia-europejska","8":"first","9":"instock","10":"sale","11":"shipping-taxable","12":"purchasable","13":"product-type-simple"},"_links":{"self":[{"href":"http:\/\/ksiegarnia-akademicka.pl\/index.php\/wp-json\/wp\/v2\/product\/7481","targetHints":{"allow":["GET"]}}],"collection":[{"href":"http:\/\/ksiegarnia-akademicka.pl\/index.php\/wp-json\/wp\/v2\/product"}],"about":[{"href":"http:\/\/ksiegarnia-akademicka.pl\/index.php\/wp-json\/wp\/v2\/types\/product"}],"wp:featuredmedia":[{"embeddable":true,"href":"http:\/\/ksiegarnia-akademicka.pl\/index.php\/wp-json\/wp\/v2\/media\/7482"}],"wp:attachment":[{"href":"http:\/\/ksiegarnia-akademicka.pl\/index.php\/wp-json\/wp\/v2\/media?parent=7481"}],"wp:term":[{"taxonomy":"product_brand","embeddable":true,"href":"http:\/\/ksiegarnia-akademicka.pl\/index.php\/wp-json\/wp\/v2\/product_brand?post=7481"},{"taxonomy":"product_cat","embeddable":true,"href":"http:\/\/ksiegarnia-akademicka.pl\/index.php\/wp-json\/wp\/v2\/product_cat?post=7481"},{"taxonomy":"product_tag","embeddable":true,"href":"http:\/\/ksiegarnia-akademicka.pl\/index.php\/wp-json\/wp\/v2\/product_tag?post=7481"}],"curies":[{"name":"wp","href":"https:\/\/api.w.org\/{rel}","templated":true}]}}