{"id":7343,"date":"2018-05-22T12:59:10","date_gmt":"2018-05-22T10:59:10","guid":{"rendered":"http:\/\/ksiegarnia-akademicka.pl\/index.php\/product\/daf-kompakt-neu-b1-kurs-und-ubungsbuch-cd\/"},"modified":"2018-12-20T09:14:07","modified_gmt":"2018-12-20T08:14:07","slug":"daf-kompakt-neu-b1-kurs-und-ubungsbuch-cd","status":"publish","type":"product","link":"http:\/\/ksiegarnia-akademicka.pl\/index.php\/product\/daf-kompakt-neu-b1-kurs-und-ubungsbuch-cd\/","title":{"rendered":"DaF Kompakt Neu B1 Kurs- und Ubungsbuch +CD"},"content":{"rendered":"<p>Autor:<br \/>\nMargit Doubek<br \/>\nNadja Fugert<br \/>\nBrigit Braun<br \/>\nWydawca: LektorKlett<br \/>\nOprawa: Mi\u0119kka<br \/>\nFormat: 21.0&#215;29.0cm<br \/>\nLiczba stron: 256<br \/>\nRok wydania: 2017<\/p>\n<p>Das Anf\u00e4ngerlehrwerk DaF kompakt neu f\u00fchrt Lernende, die schnell mit Deutsch durchstarten wollen, von A1 bis B1. Es ist besonders geeignet f\u00fcr Studierende und Berufseinsteiger in Intensivkursen, z. B. an Goethe-Instituten und Universit\u00e4ten.<\/p>\n<p>DaF kompakt neu A2:<br \/>\nStudierende und Berufseinsteiger im Fokus<\/p>\n<p>Gr\u00fcndliche inhaltliche \u00dcberarbeitung<br \/>\nRelevante Themen aus den Bereichen Studium und Beruf<br \/>\nAktuelle Landeskunde aus D-A-CH-L<br \/>\nVermittlung von interkulturellem Wissen<br \/>\nKlares und modernes Layout<\/p>\n","protected":false},"excerpt":{"rendered":"<p>Autor: Margit Doubek Nadja Fugert Brigit Braun Wydawca: LektorKlett Oprawa: [&hellip;]<\/p>\n","protected":false},"featured_media":9846,"template":"","meta":[],"product_brand":[],"product_cat":[37],"product_tag":[3619,347,7748],"class_list":{"0":"post-7343","1":"product","2":"type-product","3":"status-publish","4":"has-post-thumbnail","6":"product_cat-jezyki-obce","7":"product_tag-jezyk-niemiecki","8":"product_tag-podrecznik","9":"product_tag-seria-daf-kompakt","11":"first","12":"instock","13":"sale","14":"shipping-taxable","15":"purchasable","16":"product-type-simple"},"_links":{"self":[{"href":"http:\/\/ksiegarnia-akademicka.pl\/index.php\/wp-json\/wp\/v2\/product\/7343","targetHints":{"allow":["GET"]}}],"collection":[{"href":"http:\/\/ksiegarnia-akademicka.pl\/index.php\/wp-json\/wp\/v2\/product"}],"about":[{"href":"http:\/\/ksiegarnia-akademicka.pl\/index.php\/wp-json\/wp\/v2\/types\/product"}],"wp:featuredmedia":[{"embeddable":true,"href":"http:\/\/ksiegarnia-akademicka.pl\/index.php\/wp-json\/wp\/v2\/media\/9846"}],"wp:attachment":[{"href":"http:\/\/ksiegarnia-akademicka.pl\/index.php\/wp-json\/wp\/v2\/media?parent=7343"}],"wp:term":[{"taxonomy":"product_brand","embeddable":true,"href":"http:\/\/ksiegarnia-akademicka.pl\/index.php\/wp-json\/wp\/v2\/product_brand?post=7343"},{"taxonomy":"product_cat","embeddable":true,"href":"http:\/\/ksiegarnia-akademicka.pl\/index.php\/wp-json\/wp\/v2\/product_cat?post=7343"},{"taxonomy":"product_tag","embeddable":true,"href":"http:\/\/ksiegarnia-akademicka.pl\/index.php\/wp-json\/wp\/v2\/product_tag?post=7343"}],"curies":[{"name":"wp","href":"https:\/\/api.w.org\/{rel}","templated":true}]}}