{"id":7283,"date":"2018-05-22T12:58:58","date_gmt":"2018-05-22T10:58:58","guid":{"rendered":"http:\/\/ksiegarnia-akademicka.pl\/index.php\/product\/matlab-i-simulink-poradnik-uzytkownika\/"},"modified":"2020-02-13T09:08:22","modified_gmt":"2020-02-13T08:08:22","slug":"matlab-i-simulink-poradnik-uzytkownika","status":"publish","type":"product","link":"http:\/\/ksiegarnia-akademicka.pl\/index.php\/product\/matlab-i-simulink-poradnik-uzytkownika\/","title":{"rendered":"MATLAB i Simulink Poradnik u\u017cytkownika"},"content":{"rendered":"<p>Autor:<br \/>\nBogumi\u0142a Mrozek<br \/>\nWydawca: Helion<br \/>\nOprawa: Mi\u0119kka<br \/>\nFormat: 23.5&#215;15.7<br \/>\nLiczba stron: 280<br \/>\nWydanie: 4<br \/>\nRok wydania: 2017<br \/>\nJ\u0119zyk wydania: polski<\/p>\n<p>Modeluj, rozwi\u0105zuj problemy i wizualizuj wyniki z MATLAB-em i Simulinkiem!<\/p>\n<p>Wykonaj z\u0142o\u017cone obliczenia i wykresy bez programowania<br \/>\nPoznaj sk\u0142adniki pakietu MATLAB, przygotuj niezawodne i \u0142atwe w u\u017cytkowaniu programy<br \/>\nNapisz przyjazne aplikacje App z interfejsem graficznym u\u017cytkownika<br \/>\nPoznaj elegancj\u0119 programowania obiektowo zorientowanego<br \/>\nWykorzystaj biblioteki Toolbox w praktyce<br \/>\nPrzeprowad\u017a symulacj\u0119 proces\u00f3w w Simulinku<br \/>\nMATLAB to interaktywne \u015brodowisko przeznaczone do rozwi\u0105zywania z\u0142o\u017conych problem\u00f3w matematycznych, ekonomicznych i in\u017cynierskich, znajduj\u0105ce zastosowanie w r\u00f3\u017cnych dziedzinach nauki i techniki. Ten program to jedno z podstawowych narz\u0119dzi codziennej pracy naukowc\u00f3w, in\u017cynier\u00f3w oraz analityk\u00f3w finansowych. W po\u0142\u0105czeniu z Simulinkiem oferuje im ogromne mo\u017cliwo\u015bci modelowania i symulacji uk\u0142ad\u00f3w dynamicznych. Dzi\u0119ki wydajnym algorytmom obliczeniowym i mechanizmom analizy wynik\u00f3w MATLAB i Simulink pozwalaj\u0105 szybko i efektywnie wykonywa\u0107 z\u0142o\u017cone obliczenia oraz prezentowa\u0107 ich wyniki w postaci grafiki dwu- i tr\u00f3jwymiarowej.<\/p>\n<p>Sprawne korzystanie z MATLAB-a wymaga pewnej wiedzy i opanowania narz\u0119dzi oferowanych przez program. Jedno i drugie znajdziesz w ksi\u0105\u017cce \u201eMATLAB\u00ae i Simulink\u00ae. Poradnik u\u017cytkownika. Wydanie IV \u201d. Poznasz najwa\u017cniejsze zagadnienia zwi\u0105zane z zastosowaniem tego \u015brodowiska w praktyce. Nawet je\u015bli nie mia\u0142e\u015b z nim wcze\u015bniej do czynienia, szybko staniesz si\u0119 zaawansowanym u\u017cytkownikiem pakietu. Ksi\u0105\u017cka wprowadzi Ci\u0119 w podstawowe zagadnienia zwi\u0105zane z obliczaniem z\u0142o\u017conych wyra\u017ce\u0144 matematycznych, rozwi\u0105zywaniem r\u00f3wna\u0144 i tworzeniem aplikacji. Poznasz metody numerycznego wyznaczania wynik\u00f3w i przybli\u017cania przebieg\u00f3w funkcji. Nauczysz si\u0119 te\u017c korzysta\u0107 z rozszerze\u0144 MATLAB-a i u\u017cywa\u0107 pakietu Simulink.<\/p>\n<p>Podstawy pracy w \u015brodowisku MATLAB<br \/>\nLicencje dla domu, studenta i uczelni<br \/>\nNatychmiastowe wyniki oblicze\u0144 i ich wizualizacja bez programowania<br \/>\nMATLAB w chmurze, na ekranie smartfona, tabletu lub przegl\u0105darki WWW<br \/>\nProgramowanie i prezentacja wynik\u00f3w oblicze\u0144 w Live Editorze<br \/>\nU\u017cywanie prostych i z\u0142o\u017conych typ\u00f3w danych<br \/>\nProgramowanie zorientowane obiektowo<br \/>\nTworzenie aplikacji App z graficznym interfejsem u\u017cytkownika<br \/>\nRozwi\u0105zywanie r\u00f3\u017cnych rodzaj\u00f3w r\u00f3wna\u0144 i uk\u0142ad\u00f3w r\u00f3wna\u0144<br \/>\nModelowanie, symulacja i analiza w pakiecie Simulink<br \/>\nObliczenia r\u00f3wnoleg\u0142e na procesorach wielordzeniowych, na karcie graficznej i klastrach<br \/>\nKorzystanie z rozszerze\u0144 i bibliotek MATLAB-a i Simulinka<br \/>\nPoznaj najskuteczniejsze narz\u0119dzie pracy in\u017cynier\u00f3w, matematyk\u00f3w i ekonomist\u00f3w!<\/p>\n","protected":false},"excerpt":{"rendered":"<p>Autor: Bogumi\u0142a Mrozek Wydawca: Helion Oprawa: Mi\u0119kka Format: 23.5&#215;15.7 Liczba [&hellip;]<\/p>\n","protected":false},"featured_media":12251,"template":"","meta":[],"product_brand":[],"product_cat":[7722,36,7709,41],"product_tag":[1969,7470,7471,2733],"class_list":{"0":"post-7283","1":"product","2":"type-product","3":"status-publish","4":"has-post-thumbnail","6":"product_cat-energetyka","7":"product_cat-informatyka","8":"product_cat-mechanika","9":"product_cat-nauki-techniczne","10":"product_tag-aplikacje","11":"product_tag-matlab","12":"product_tag-obliczenia-inzynierskie","13":"product_tag-programowanie","15":"first","16":"instock","17":"sale","18":"shipping-taxable","19":"purchasable","20":"product-type-simple"},"_links":{"self":[{"href":"http:\/\/ksiegarnia-akademicka.pl\/index.php\/wp-json\/wp\/v2\/product\/7283","targetHints":{"allow":["GET"]}}],"collection":[{"href":"http:\/\/ksiegarnia-akademicka.pl\/index.php\/wp-json\/wp\/v2\/product"}],"about":[{"href":"http:\/\/ksiegarnia-akademicka.pl\/index.php\/wp-json\/wp\/v2\/types\/product"}],"wp:featuredmedia":[{"embeddable":true,"href":"http:\/\/ksiegarnia-akademicka.pl\/index.php\/wp-json\/wp\/v2\/media\/12251"}],"wp:attachment":[{"href":"http:\/\/ksiegarnia-akademicka.pl\/index.php\/wp-json\/wp\/v2\/media?parent=7283"}],"wp:term":[{"taxonomy":"product_brand","embeddable":true,"href":"http:\/\/ksiegarnia-akademicka.pl\/index.php\/wp-json\/wp\/v2\/product_brand?post=7283"},{"taxonomy":"product_cat","embeddable":true,"href":"http:\/\/ksiegarnia-akademicka.pl\/index.php\/wp-json\/wp\/v2\/product_cat?post=7283"},{"taxonomy":"product_tag","embeddable":true,"href":"http:\/\/ksiegarnia-akademicka.pl\/index.php\/wp-json\/wp\/v2\/product_tag?post=7283"}],"curies":[{"name":"wp","href":"https:\/\/api.w.org\/{rel}","templated":true}]}}