{"id":7235,"date":"2018-05-22T12:58:49","date_gmt":"2018-05-22T10:58:49","guid":{"rendered":"http:\/\/ksiegarnia-akademicka.pl\/index.php\/product\/wartosc-odzywcza-wybranych-produktow-spozywczych-i-typowych-potraw\/"},"modified":"2018-05-22T12:58:49","modified_gmt":"2018-05-22T10:58:49","slug":"wartosc-odzywcza-wybranych-produktow-spozywczych-i-typowych-potraw","status":"publish","type":"product","link":"http:\/\/ksiegarnia-akademicka.pl\/index.php\/product\/wartosc-odzywcza-wybranych-produktow-spozywczych-i-typowych-potraw\/","title":{"rendered":"Warto\u015b\u0107 od\u017cywcza wybranych produkt\u00f3w spo\u017cywczych i typowych potraw"},"content":{"rendered":"","protected":false},"excerpt":{"rendered":"","protected":false},"featured_media":0,"template":"","meta":[],"product_brand":[],"product_cat":[16],"product_tag":[1756,4417,1226],"class_list":{"0":"post-7235","1":"product","2":"type-product","3":"status-publish","5":"product_cat-ksiegarnia-akademicka-radom","6":"product_tag-dietetyka","7":"product_tag-produkty-spozywcze","8":"product_tag-towaroznawstwo","10":"first","11":"instock","12":"shipping-taxable","13":"purchasable","14":"product-type-simple"},"_links":{"self":[{"href":"http:\/\/ksiegarnia-akademicka.pl\/index.php\/wp-json\/wp\/v2\/product\/7235","targetHints":{"allow":["GET"]}}],"collection":[{"href":"http:\/\/ksiegarnia-akademicka.pl\/index.php\/wp-json\/wp\/v2\/product"}],"about":[{"href":"http:\/\/ksiegarnia-akademicka.pl\/index.php\/wp-json\/wp\/v2\/types\/product"}],"wp:attachment":[{"href":"http:\/\/ksiegarnia-akademicka.pl\/index.php\/wp-json\/wp\/v2\/media?parent=7235"}],"wp:term":[{"taxonomy":"product_brand","embeddable":true,"href":"http:\/\/ksiegarnia-akademicka.pl\/index.php\/wp-json\/wp\/v2\/product_brand?post=7235"},{"taxonomy":"product_cat","embeddable":true,"href":"http:\/\/ksiegarnia-akademicka.pl\/index.php\/wp-json\/wp\/v2\/product_cat?post=7235"},{"taxonomy":"product_tag","embeddable":true,"href":"http:\/\/ksiegarnia-akademicka.pl\/index.php\/wp-json\/wp\/v2\/product_tag?post=7235"}],"curies":[{"name":"wp","href":"https:\/\/api.w.org\/{rel}","templated":true}]}}