{"id":7230,"date":"2018-05-22T12:58:48","date_gmt":"2018-05-22T10:58:48","guid":{"rendered":"http:\/\/ksiegarnia-akademicka.pl\/index.php\/product\/charakter-prawny-stosunkow-sluzbowych-funkcjonariuszy-sluzb-mundurowych\/"},"modified":"2023-12-14T10:02:21","modified_gmt":"2023-12-14T09:02:21","slug":"charakter-prawny-stosunkow-sluzbowych-funkcjonariuszy-sluzb-mundurowych","status":"publish","type":"product","link":"http:\/\/ksiegarnia-akademicka.pl\/index.php\/product\/charakter-prawny-stosunkow-sluzbowych-funkcjonariuszy-sluzb-mundurowych\/","title":{"rendered":"Charakter prawny stosunk\u00f3w s\u0142u\u017cbowych funkcjonariuszy s\u0142u\u017cb mundurowych"},"content":{"rendered":"<p>Mariusz Wieczorek<br \/>\nWydawca: Adam Marsza\u0142ek<br \/>\nOprawa: Mi\u0119kka<br \/>\nFormat: 16.0&#215;22.5cm<br \/>\nLiczba stron: 408<br \/>\nRok wydania: 2017<\/p>\n<p>W ksi\u0105\u017cce podj\u0119ta zosta\u0142a kwestia charakteru prawnego stosunku s\u0142u\u017cbowego funkcjonariuszy s\u0142u\u017cb mundurowych. Pomimo tego, \u017ce na przestrzeni kilku ostatnich lat administracyjnoprawny stosunek zatrudnienia, w ramach kt\u00f3rego zatrudnieni s\u0105 funkcjonariusze sta\u0142 si\u0119 obiektem zainteresowania przedstawicieli doktryny, to nadal jest zagospodarowany naukowo w niepor\u00f3wnanie mniejszym stopniu ni\u017c stosunek pracy. Opracowanie stanowi zatem pr\u00f3b\u0119 zape\u0142nienia stwierdzonej luki w rozwa\u017caniach teoretycznych nad istot\u0105 stosunku s\u0142u\u017cbowego.<\/p>\n<p>Publikacja adresowana jest nie tylko do przedstawicieli doktryny, zajmuj\u0105cych si\u0119 kwestiami administracyjnoprawnego zatrudnienia ale i do praktyk\u00f3w. Podstaw\u0119 pracy stanowi analiza przepis\u00f3w reguluj\u0105cych stosunki s\u0142u\u017cbowe w poszczeg\u00f3lnych formacjach mundurowych, z uwzgl\u0119dnieniem orzecznictwa oraz doktryny. Powinna zatem przyczyni\u0107 si\u0119 nie tylko do wzmo\u017cenia dyskusji teoretyczno prawnej ale i do przybli\u017cenia osobom stosuj\u0105cym przepisy z zakresu stosunk\u00f3w s\u0142u\u017cbowych sposobu ich interpretacji w nauce prawa.<\/p>\n","protected":false},"excerpt":{"rendered":"<p>Mariusz Wieczorek Wydawca: Adam Marsza\u0142ek Oprawa: Mi\u0119kka Format: 16.0&#215;22.5cm Liczba [&hellip;]<\/p>\n","protected":false},"featured_media":7749,"template":"","meta":[],"product_brand":[],"product_cat":[18,7550],"product_tag":[4993,793,7458],"class_list":{"0":"post-7230","1":"product","2":"type-product","3":"status-publish","4":"has-post-thumbnail","6":"product_cat-prawo","7":"product_cat-prawo-pracy","8":"product_tag-komentarze-i-opracowania-prawne","9":"product_tag-prawo-pracy","10":"product_tag-sluzby-mundurowe","12":"first","13":"outofstock","14":"sale","15":"shipping-taxable","16":"purchasable","17":"product-type-simple"},"_links":{"self":[{"href":"http:\/\/ksiegarnia-akademicka.pl\/index.php\/wp-json\/wp\/v2\/product\/7230","targetHints":{"allow":["GET"]}}],"collection":[{"href":"http:\/\/ksiegarnia-akademicka.pl\/index.php\/wp-json\/wp\/v2\/product"}],"about":[{"href":"http:\/\/ksiegarnia-akademicka.pl\/index.php\/wp-json\/wp\/v2\/types\/product"}],"wp:featuredmedia":[{"embeddable":true,"href":"http:\/\/ksiegarnia-akademicka.pl\/index.php\/wp-json\/wp\/v2\/media\/7749"}],"wp:attachment":[{"href":"http:\/\/ksiegarnia-akademicka.pl\/index.php\/wp-json\/wp\/v2\/media?parent=7230"}],"wp:term":[{"taxonomy":"product_brand","embeddable":true,"href":"http:\/\/ksiegarnia-akademicka.pl\/index.php\/wp-json\/wp\/v2\/product_brand?post=7230"},{"taxonomy":"product_cat","embeddable":true,"href":"http:\/\/ksiegarnia-akademicka.pl\/index.php\/wp-json\/wp\/v2\/product_cat?post=7230"},{"taxonomy":"product_tag","embeddable":true,"href":"http:\/\/ksiegarnia-akademicka.pl\/index.php\/wp-json\/wp\/v2\/product_tag?post=7230"}],"curies":[{"name":"wp","href":"https:\/\/api.w.org\/{rel}","templated":true}]}}