{"id":7222,"date":"2018-05-22T12:58:46","date_gmt":"2018-05-22T10:58:46","guid":{"rendered":"http:\/\/ksiegarnia-akademicka.pl\/index.php\/product\/nieruchomosci-aktualne-problemy-prawne\/"},"modified":"2020-08-24T09:21:38","modified_gmt":"2020-08-24T07:21:38","slug":"nieruchomosci-aktualne-problemy-prawne","status":"publish","type":"product","link":"http:\/\/ksiegarnia-akademicka.pl\/index.php\/product\/nieruchomosci-aktualne-problemy-prawne\/","title":{"rendered":"Nieruchomo\u015bci Aktualne problemy prawne"},"content":{"rendered":"<p>Praca zbiorowa pod redakcj\u0105 Joanny Smar\u017c<br \/>\n2016, wyd. I, stron 194 (monografia)<\/p>\n<p>Monografia jest pok\u0142osiem Og\u00f3lnopolskiej Konferencji Naukowej \u201eNieruchomo\u015bci \u2013 aktualne problemy prawne\u201d. Zawiera autorskie spojrzenie teoretyk\u00f3w i praktyk\u00f3w prawa na wybrane zagadnienia z zakresu nieruchomo\u015bci, kt\u00f3re ,opr\u00f3cz analizy poszczeg\u00f3lnych zagadnie\u0144 stanowi\u0105 pr\u00f3b\u0119 zdefiniowania wniosk\u00f3w de lege ferenda. Publikacja jest skierowana do szerokiego kr\u0119gu odbiorc\u00f3w, w tym prawnik\u00f3w, administratywist\u00f3w, budowla\u0144c\u00f3w, praktyk\u00f3w, pracownik\u00f3w urz\u0119d\u00f3w administracji rz\u0105dowej, samorz\u0105dowej, student\u00f3w prawa, administracji, gospodarki nieruchomo\u015bciami, budownictwa oraz w\u0142a\u015bcicieli nieruchomo\u015bci.<\/p>\n","protected":false},"excerpt":{"rendered":"<p>Praca zbiorowa pod redakcj\u0105 Joanny Smar\u017c 2016, wyd. I, stron [&hellip;]<\/p>\n","protected":false},"featured_media":10227,"template":"","meta":[],"product_brand":[],"product_cat":[8018,43],"product_tag":[3466,6754,705,1008],"class_list":{"0":"post-7222","1":"product","2":"type-product","3":"status-publish","4":"has-post-thumbnail","6":"product_cat-prawo-i-administracja","7":"product_cat-wydawnictwo-uth","8":"product_tag-administracja","9":"product_tag-monografie-uth","10":"product_tag-nieruchomosci","11":"product_tag-prawo","13":"first","14":"instock","15":"shipping-taxable","16":"purchasable","17":"product-type-simple"},"_links":{"self":[{"href":"http:\/\/ksiegarnia-akademicka.pl\/index.php\/wp-json\/wp\/v2\/product\/7222","targetHints":{"allow":["GET"]}}],"collection":[{"href":"http:\/\/ksiegarnia-akademicka.pl\/index.php\/wp-json\/wp\/v2\/product"}],"about":[{"href":"http:\/\/ksiegarnia-akademicka.pl\/index.php\/wp-json\/wp\/v2\/types\/product"}],"wp:featuredmedia":[{"embeddable":true,"href":"http:\/\/ksiegarnia-akademicka.pl\/index.php\/wp-json\/wp\/v2\/media\/10227"}],"wp:attachment":[{"href":"http:\/\/ksiegarnia-akademicka.pl\/index.php\/wp-json\/wp\/v2\/media?parent=7222"}],"wp:term":[{"taxonomy":"product_brand","embeddable":true,"href":"http:\/\/ksiegarnia-akademicka.pl\/index.php\/wp-json\/wp\/v2\/product_brand?post=7222"},{"taxonomy":"product_cat","embeddable":true,"href":"http:\/\/ksiegarnia-akademicka.pl\/index.php\/wp-json\/wp\/v2\/product_cat?post=7222"},{"taxonomy":"product_tag","embeddable":true,"href":"http:\/\/ksiegarnia-akademicka.pl\/index.php\/wp-json\/wp\/v2\/product_tag?post=7222"}],"curies":[{"name":"wp","href":"https:\/\/api.w.org\/{rel}","templated":true}]}}