{"id":7213,"date":"2018-05-22T12:58:44","date_gmt":"2018-05-22T10:58:44","guid":{"rendered":"http:\/\/ksiegarnia-akademicka.pl\/index.php\/product\/zrozumiec-filozofie\/"},"modified":"2022-02-02T12:59:52","modified_gmt":"2022-02-02T11:59:52","slug":"zrozumiec-filozofie","status":"publish","type":"product","link":"http:\/\/ksiegarnia-akademicka.pl\/index.php\/product\/zrozumiec-filozofie\/","title":{"rendered":"Rozumie\u0107 filozofi\u0119"},"content":{"rendered":"<p>Autor:<br \/>\nMiros\u0142aw Kiwka<br \/>\nWydawca: Atla 2<br \/>\nOprawa: Twarda<br \/>\nFormat: 17.5&#215;24.5cm<br \/>\nLiczba stron: 197<br \/>\nWydanie: 2<br \/>\nRok wydania: 2007<\/p>\n<p>W \u017cyciu ka\u017cdego cz\u0142owieka nadchodzi czas, gdy pyta, czym jest \u015bwiat, w kt\u00f3rym przysz\u0142o mu \u017cy\u0107, sk\u0105d si\u0119 wzi\u0105\u0142 i dlaczego istnieje, skoro istnie\u0107 nie musi, kim jest i dok\u0105d p\u0142ynie rzek\u0105 czasu, czy jego \u017cycie, poza sam\u0105 walk\u0105 o przetrwanie, ma jaki\u015b g\u0142\u0119bszy sens, w imi\u0119 czego powinien w\u0142a\u015bnie tak, a nie inaczej post\u0119powa\u0107.<br \/>\nPoszukiwanie odpowiedzi na te i podobne im pytania sta\u0142o si\u0119 przyczyn\u0105 napisania niniejszej ksi\u0105\u017cki. Stanowi ona swego rodzaju kompendium. Nie jako przy okazji poruszono tak\u017ce kwestie zwi\u0105zane z poznaniem, wiar\u0105, religi\u0105, teologi\u0105, naukami eksperymentalnymi, a tak\u017ce sztuk\u0105, \u015bwiatopogl\u0105dem, ideologi\u0105 i kultur\u0105.<\/p>\n","protected":false},"excerpt":{"rendered":"<p>Autor: Miros\u0142aw Kiwka Wydawca: Atla 2 Oprawa: Twarda Format: 17.5&#215;24.5cm [&hellip;]<\/p>\n","protected":false},"featured_media":9231,"template":"","meta":[],"product_brand":[],"product_cat":[7506,27],"product_tag":[233],"class_list":{"0":"post-7213","1":"product","2":"type-product","3":"status-publish","4":"has-post-thumbnail","6":"product_cat-filozofia","7":"product_cat-nauki-spoleczne","8":"product_tag-filozofia","10":"first","11":"outofstock","12":"sale","13":"shipping-taxable","14":"purchasable","15":"product-type-simple"},"_links":{"self":[{"href":"http:\/\/ksiegarnia-akademicka.pl\/index.php\/wp-json\/wp\/v2\/product\/7213","targetHints":{"allow":["GET"]}}],"collection":[{"href":"http:\/\/ksiegarnia-akademicka.pl\/index.php\/wp-json\/wp\/v2\/product"}],"about":[{"href":"http:\/\/ksiegarnia-akademicka.pl\/index.php\/wp-json\/wp\/v2\/types\/product"}],"wp:featuredmedia":[{"embeddable":true,"href":"http:\/\/ksiegarnia-akademicka.pl\/index.php\/wp-json\/wp\/v2\/media\/9231"}],"wp:attachment":[{"href":"http:\/\/ksiegarnia-akademicka.pl\/index.php\/wp-json\/wp\/v2\/media?parent=7213"}],"wp:term":[{"taxonomy":"product_brand","embeddable":true,"href":"http:\/\/ksiegarnia-akademicka.pl\/index.php\/wp-json\/wp\/v2\/product_brand?post=7213"},{"taxonomy":"product_cat","embeddable":true,"href":"http:\/\/ksiegarnia-akademicka.pl\/index.php\/wp-json\/wp\/v2\/product_cat?post=7213"},{"taxonomy":"product_tag","embeddable":true,"href":"http:\/\/ksiegarnia-akademicka.pl\/index.php\/wp-json\/wp\/v2\/product_tag?post=7213"}],"curies":[{"name":"wp","href":"https:\/\/api.w.org\/{rel}","templated":true}]}}