{"id":7210,"date":"2018-05-22T12:58:43","date_gmt":"2018-05-22T10:58:43","guid":{"rendered":"http:\/\/ksiegarnia-akademicka.pl\/index.php\/product\/metodyka-edukacji-polonistycznej-w-okresie-wczesnoszkolnym-podrecznik-dla-studentow-i-poczatkujacych-nauczycieli\/"},"modified":"2023-10-24T09:01:21","modified_gmt":"2023-10-24T07:01:21","slug":"metodyka-edukacji-polonistycznej-w-okresie-wczesnoszkolnym-podrecznik-dla-studentow-i-poczatkujacych-nauczycieli","status":"publish","type":"product","link":"http:\/\/ksiegarnia-akademicka.pl\/index.php\/product\/metodyka-edukacji-polonistycznej-w-okresie-wczesnoszkolnym-podrecznik-dla-studentow-i-poczatkujacych-nauczycieli\/","title":{"rendered":"Metodyka edukacji polonistycznej w okresie wczesnoszkolnym Podr\u0119cznik dla student\u00f3w i poczatkuj\u0105cych nauczycieli"},"content":{"rendered":"<p>Autor:<br \/>\nDanuta Dobrowolska<br \/>\nWydawca: Impuls<br \/>\nOprawa: Mi\u0119kka<br \/>\nFormat: 16.0&#215;23.5<br \/>\nLiczba stron: 300<br \/>\nWydanie: 1<br \/>\nRok wydania: 2018<\/p>\n<p>Ksi\u0105\u017cka ta zrodzi\u0142a si\u0119 z przekonania, \u017ce b\u0119dzie potrzebna studentom pedagogiki wczesnoszkolnej oraz studiuj\u0105cym edukacj\u0119 wczesnoszkoln\u0105 lub dokszta\u0142caj\u0105cym si\u0119 w tym zakresie nauczycielom. Autorka zawar\u0142a w niej swoje kilkunastoletnie do\u015bwiadczenia z prowadzenia przedmiotu edukacja polonistyczna w systemie kszta\u0142cenia zintegrowanego na uczelni i na platformie e-learningowej. Do kszta\u0142cenia na odleg\u0142o\u015b\u0107 par\u0119 lat temu przygotowa\u0142a 10 godzin wyk\u0142ad\u00f3w, kt\u00f3re za zgod\u0105 w\u0142adz uczelni \u2013 Wy\u017cszej Szko\u0142y Pedagogicznej Towarzystwa Wiedzy Powszechnej w Warszawie (obecnie im. Janusza Korczaka) \u2013 wykorzysta\u0142a w tej publikacji. Zosta\u0142y one wch\u0142oni\u0119te przez rozdzia\u0142y ksi\u0105\u017cki, ale ju\u017c jako tre\u015bci mocno rozszerzone, zmienione i zaktualizowane.<br \/>\nW prezentowanym podr\u0119czniku pokazano wiedz\u0119 opart\u0105 zar\u00f3wno na w\u0142asnych do\u015bwiadczeniach dydaktycznych autorki, jak i na bogatej literaturze przedmiotu. Om\u00f3wiono w niej prac\u0119 z tekstami literackimi i z dzie\u0142ami sztuki (muzyki, plastyki) r\u00f3\u017cnymi metodami: pozawerbalnymi, a tak\u017ce werbalno-czynno\u015bciowymi, opartymi cz\u0119\u015bciowo na analizie strukturalnej, oraz metodami aktywizuj\u0105cymi.<br \/>\nAutorka uwa\u017ca, \u017ce metodyka edukacji wczesnoszkolnej uwzgl\u0119dniaj\u0105ca kszta\u0142cenie literackie oparte na stosowaniu metod werbalno-czynno\u015bciowych, zadaniowych i metod aktywizuj\u0105cych znalaz\u0142a ju\u017c swoje miejsce w dydaktyce. Nie nale\u017cy tego zaprzepaszcza\u0107.<br \/>\nW zakresie kszta\u0142cenia j\u0119zykowego wykorzystuje tradycyjne metodyki, w kt\u00f3rych k\u0142adzie si\u0119 nacisk na \u0107wiczenia s\u0142u\u017c\u0105ce rozwijaniu sprawno\u015bci j\u0119zykowej ucznia r\u00f3\u017cnymi formami zada\u0144.<br \/>\nAutorka ma jednak \u015bwiadomo\u015b\u0107, \u017ce kszta\u0142cenie przede wszystkim techniki czytania i pisania obecnie ju\u017c nie wystarcza do rozwini\u0119cia indywidualnej, bogatej pod wzgl\u0119dem s\u0142ownictwa i kreatywnej mowy oraz umiej\u0119tno\u015bci poprawnego, ale i tw\u00f3rczego pisania. \u0106wiczenia, kt\u00f3re maj\u0105 utrwala\u0107 materia\u0142 i kszta\u0142ci\u0107 g\u0142\u00f3wnie nawyki, mog\u0105 stanowi\u0107 baz\u0119 czynno\u015bci nauczyciela przede wszystkim na pocz\u0105tku nauki dziecka, a z czasem powinny si\u0119 sta\u0107 tylko \u0107wiczeniami pomocniczymi, s\u0142u\u017c\u0105cymi opanowaniu nowego materia\u0142u.<br \/>\nW podr\u0119czniku om\u00f3wiono nowe propozycje rozwijania j\u0119zyka ucznia propagowane przez pedagog\u00f3w nowator\u00f3w. Zaprezentowano metody pracy w \u015bwietle bada\u0144 i teorii uwzgl\u0119dniaj\u0105cych wsp\u00f3\u0142czesn\u0105 wiedz\u0119 o uczniu, jego zdolno\u015bciach oraz pracy m\u00f3zgu.<\/p>\n","protected":false},"excerpt":{"rendered":"<p>Autor: Danuta Dobrowolska Wydawca: Impuls Oprawa: Mi\u0119kka Format: 16.0&#215;23.5 Liczba [&hellip;]<\/p>\n","protected":false},"featured_media":9159,"template":"","meta":[],"product_brand":[],"product_cat":[28],"product_tag":[6464,52,51],"class_list":{"0":"post-7210","1":"product","2":"type-product","3":"status-publish","4":"has-post-thumbnail","6":"product_cat-pedagogika","7":"product_tag-edukacja-wczesnoszkolna","8":"product_tag-nauczanie-poczatkowe","9":"product_tag-pedagogika","11":"first","12":"outofstock","13":"sale","14":"shipping-taxable","15":"purchasable","16":"product-type-simple"},"_links":{"self":[{"href":"http:\/\/ksiegarnia-akademicka.pl\/index.php\/wp-json\/wp\/v2\/product\/7210","targetHints":{"allow":["GET"]}}],"collection":[{"href":"http:\/\/ksiegarnia-akademicka.pl\/index.php\/wp-json\/wp\/v2\/product"}],"about":[{"href":"http:\/\/ksiegarnia-akademicka.pl\/index.php\/wp-json\/wp\/v2\/types\/product"}],"wp:featuredmedia":[{"embeddable":true,"href":"http:\/\/ksiegarnia-akademicka.pl\/index.php\/wp-json\/wp\/v2\/media\/9159"}],"wp:attachment":[{"href":"http:\/\/ksiegarnia-akademicka.pl\/index.php\/wp-json\/wp\/v2\/media?parent=7210"}],"wp:term":[{"taxonomy":"product_brand","embeddable":true,"href":"http:\/\/ksiegarnia-akademicka.pl\/index.php\/wp-json\/wp\/v2\/product_brand?post=7210"},{"taxonomy":"product_cat","embeddable":true,"href":"http:\/\/ksiegarnia-akademicka.pl\/index.php\/wp-json\/wp\/v2\/product_cat?post=7210"},{"taxonomy":"product_tag","embeddable":true,"href":"http:\/\/ksiegarnia-akademicka.pl\/index.php\/wp-json\/wp\/v2\/product_tag?post=7210"}],"curies":[{"name":"wp","href":"https:\/\/api.w.org\/{rel}","templated":true}]}}