{"id":7199,"date":"2018-05-22T12:58:41","date_gmt":"2018-05-22T10:58:41","guid":{"rendered":"http:\/\/ksiegarnia-akademicka.pl\/index.php\/product\/wyklady-z-fizyki-1-mechanika-fizyka-czasteczkowa\/"},"modified":"2025-01-30T13:12:12","modified_gmt":"2025-01-30T12:12:12","slug":"wyklady-z-fizyki-1-mechanika-fizyka-czasteczkowa","status":"publish","type":"product","link":"http:\/\/ksiegarnia-akademicka.pl\/index.php\/product\/wyklady-z-fizyki-1-mechanika-fizyka-czasteczkowa\/","title":{"rendered":"Wyk\u0142ady z fizyki 1 Mechanika, Fizyka cz\u0105steczkowa"},"content":{"rendered":"<div class=\"grupa osoby\"><span class=\"meta-head\">Autor:<\/span><\/p>\n<ul>\n<li class=\"meta-value\">I.W. Sawieliew<\/li>\n<\/ul>\n<\/div>\n<div class=\"grupa wydawca\"><span class=\"meta-head\">Wydawca:<\/span>\u00a0Wydawnictwo Naukowe PWN<\/div>\n<div class=\"grupa dane\">\n<div>Oprawa:\u00a0<span class=\"meta-value-bold\">Mi\u0119kka<\/span><\/div>\n<div>Format:\u00a0<span class=\"meta-value-bold\">14.0&#215;20.0cm<\/span><\/div>\n<div>Liczba stron:\u00a0<span class=\"meta-value-bold\">493<\/span><\/div>\n<div>Wydanie:\u00a0<span class=\"meta-value-bold\">3<\/span><\/div>\n<div>Rok wydania:\u00a0<span class=\"meta-value-bold\">2000<\/span><\/div>\n<div>J\u0119zyk wydania:\u00a0<span class=\"meta-value-bold\">polski<\/span><\/div>\n<\/div>\n<div><\/div>\n<div>Kinematykadynamika punktu materialnegoprawa zachowanianieinercjalne uk\u0142ady odniesieniamechanika cia\u0142a sztywnegofizyka cz\u0105steczkowa i termodynamika<\/div>\n","protected":false},"excerpt":{"rendered":"<p>Autor: I.W. Sawieliew Wydawca:\u00a0Wydawnictwo Naukowe PWN Oprawa:\u00a0Mi\u0119kka Format:\u00a014.0&#215;20.0cm Liczba stron:\u00a0493 [&hellip;]<\/p>\n","protected":false},"featured_media":20067,"template":"","meta":[],"product_brand":[],"product_cat":[8038],"product_tag":[129,269,5477],"class_list":{"0":"post-7199","1":"product","2":"type-product","3":"status-publish","4":"has-post-thumbnail","6":"product_cat-fizyka","7":"product_tag-fizyka","8":"product_tag-podrecznik-akademicki","9":"product_tag-wyklady","11":"first","12":"instock","13":"shipping-taxable","14":"purchasable","15":"product-type-simple"},"_links":{"self":[{"href":"http:\/\/ksiegarnia-akademicka.pl\/index.php\/wp-json\/wp\/v2\/product\/7199","targetHints":{"allow":["GET"]}}],"collection":[{"href":"http:\/\/ksiegarnia-akademicka.pl\/index.php\/wp-json\/wp\/v2\/product"}],"about":[{"href":"http:\/\/ksiegarnia-akademicka.pl\/index.php\/wp-json\/wp\/v2\/types\/product"}],"wp:featuredmedia":[{"embeddable":true,"href":"http:\/\/ksiegarnia-akademicka.pl\/index.php\/wp-json\/wp\/v2\/media\/20067"}],"wp:attachment":[{"href":"http:\/\/ksiegarnia-akademicka.pl\/index.php\/wp-json\/wp\/v2\/media?parent=7199"}],"wp:term":[{"taxonomy":"product_brand","embeddable":true,"href":"http:\/\/ksiegarnia-akademicka.pl\/index.php\/wp-json\/wp\/v2\/product_brand?post=7199"},{"taxonomy":"product_cat","embeddable":true,"href":"http:\/\/ksiegarnia-akademicka.pl\/index.php\/wp-json\/wp\/v2\/product_cat?post=7199"},{"taxonomy":"product_tag","embeddable":true,"href":"http:\/\/ksiegarnia-akademicka.pl\/index.php\/wp-json\/wp\/v2\/product_tag?post=7199"}],"curies":[{"name":"wp","href":"https:\/\/api.w.org\/{rel}","templated":true}]}}