{"id":7182,"date":"2018-05-22T12:58:38","date_gmt":"2018-05-22T10:58:38","guid":{"rendered":"http:\/\/ksiegarnia-akademicka.pl\/index.php\/product\/inwestuje-w-elektrownie-wiatrowa-przewodnik-krok-po-kroku\/"},"modified":"2018-05-22T12:58:38","modified_gmt":"2018-05-22T10:58:38","slug":"inwestuje-w-elektrownie-wiatrowa-przewodnik-krok-po-kroku","status":"publish","type":"product","link":"http:\/\/ksiegarnia-akademicka.pl\/index.php\/product\/inwestuje-w-elektrownie-wiatrowa-przewodnik-krok-po-kroku\/","title":{"rendered":"Inwestuj\u0119 w elektrowni\u0119 wiatrow\u0105 Przewodnik &#8211; Krok po kroku"},"content":{"rendered":"","protected":false},"excerpt":{"rendered":"","protected":false},"featured_media":0,"template":"","meta":[],"product_brand":[],"product_cat":[16],"product_tag":[7445,4247,1257],"class_list":{"0":"post-7182","1":"product","2":"type-product","3":"status-publish","5":"product_cat-ksiegarnia-akademicka-radom","6":"product_tag-elektrownie-wiatrowe","7":"product_tag-energetyka","8":"product_tag-poradniki","10":"first","11":"instock","12":"shipping-taxable","13":"purchasable","14":"product-type-simple"},"_links":{"self":[{"href":"http:\/\/ksiegarnia-akademicka.pl\/index.php\/wp-json\/wp\/v2\/product\/7182","targetHints":{"allow":["GET"]}}],"collection":[{"href":"http:\/\/ksiegarnia-akademicka.pl\/index.php\/wp-json\/wp\/v2\/product"}],"about":[{"href":"http:\/\/ksiegarnia-akademicka.pl\/index.php\/wp-json\/wp\/v2\/types\/product"}],"wp:attachment":[{"href":"http:\/\/ksiegarnia-akademicka.pl\/index.php\/wp-json\/wp\/v2\/media?parent=7182"}],"wp:term":[{"taxonomy":"product_brand","embeddable":true,"href":"http:\/\/ksiegarnia-akademicka.pl\/index.php\/wp-json\/wp\/v2\/product_brand?post=7182"},{"taxonomy":"product_cat","embeddable":true,"href":"http:\/\/ksiegarnia-akademicka.pl\/index.php\/wp-json\/wp\/v2\/product_cat?post=7182"},{"taxonomy":"product_tag","embeddable":true,"href":"http:\/\/ksiegarnia-akademicka.pl\/index.php\/wp-json\/wp\/v2\/product_tag?post=7182"}],"curies":[{"name":"wp","href":"https:\/\/api.w.org\/{rel}","templated":true}]}}