{"id":7177,"date":"2018-05-22T12:58:37","date_gmt":"2018-05-22T10:58:37","guid":{"rendered":"http:\/\/ksiegarnia-akademicka.pl\/index.php\/product\/podstawy-reologii-i-reometrii-plynow\/"},"modified":"2019-10-24T09:28:30","modified_gmt":"2019-10-24T07:28:30","slug":"podstawy-reologii-i-reometrii-plynow","status":"publish","type":"product","link":"http:\/\/ksiegarnia-akademicka.pl\/index.php\/product\/podstawy-reologii-i-reometrii-plynow\/","title":{"rendered":"Podstawy reologii i reometrii p\u0142yn\u00f3w"},"content":{"rendered":"<p>Tytu\u0142\tPodstawy reologii i reometrii p\u0142yn\u00f3w<br \/>\nPodr\u0119czniki Akademickie &#8211; Politechnika \u0141\u00f3dzka<br \/>\nAutor\tMarek Dziubi\u0144ski<br \/>\nWydawca\tWydawnictwo Politechniki \u0141\u00f3dzkiej, 2009<br \/>\nISBN\t8372833168, 9788372833167<br \/>\nLiczba stron\t243<\/p>\n<p>Przedstawiono podstawy reologii, definicj\u0119 i klasyfikacj\u0119 p\u0142yn\u00f3w nienewtonowskich. Om\u00f3wiono modele reologiczne oraz podano og\u00f3lne zasady pomiar\u00f3w w\u0142asno\u015bci Teologicznych za pomoc\u0105 re-ometr\u00f3w kapilarnych i rotacyjnych, a tak\u017ce opisano badania w\u0142asno\u015bci spr\u0119\u017cystolepkich.<\/p>\n","protected":false},"excerpt":{"rendered":"<p>Tytu\u0142 Podstawy reologii i reometrii p\u0142yn\u00f3w Podr\u0119czniki Akademickie &#8211; Politechnika [&hellip;]<\/p>\n","protected":false},"featured_media":9067,"template":"","meta":[],"product_brand":[],"product_cat":[41],"product_tag":[7443,5016,6364,7442],"class_list":{"0":"post-7177","1":"product","2":"type-product","3":"status-publish","4":"has-post-thumbnail","6":"product_cat-nauki-techniczne","7":"product_tag-ciecz-nieniutonowska","8":"product_tag-mechanika-plynow","9":"product_tag-reologia","10":"product_tag-reometria","12":"first","13":"outofstock","14":"sale","15":"shipping-taxable","16":"purchasable","17":"product-type-simple"},"_links":{"self":[{"href":"http:\/\/ksiegarnia-akademicka.pl\/index.php\/wp-json\/wp\/v2\/product\/7177","targetHints":{"allow":["GET"]}}],"collection":[{"href":"http:\/\/ksiegarnia-akademicka.pl\/index.php\/wp-json\/wp\/v2\/product"}],"about":[{"href":"http:\/\/ksiegarnia-akademicka.pl\/index.php\/wp-json\/wp\/v2\/types\/product"}],"wp:featuredmedia":[{"embeddable":true,"href":"http:\/\/ksiegarnia-akademicka.pl\/index.php\/wp-json\/wp\/v2\/media\/9067"}],"wp:attachment":[{"href":"http:\/\/ksiegarnia-akademicka.pl\/index.php\/wp-json\/wp\/v2\/media?parent=7177"}],"wp:term":[{"taxonomy":"product_brand","embeddable":true,"href":"http:\/\/ksiegarnia-akademicka.pl\/index.php\/wp-json\/wp\/v2\/product_brand?post=7177"},{"taxonomy":"product_cat","embeddable":true,"href":"http:\/\/ksiegarnia-akademicka.pl\/index.php\/wp-json\/wp\/v2\/product_cat?post=7177"},{"taxonomy":"product_tag","embeddable":true,"href":"http:\/\/ksiegarnia-akademicka.pl\/index.php\/wp-json\/wp\/v2\/product_tag?post=7177"}],"curies":[{"name":"wp","href":"https:\/\/api.w.org\/{rel}","templated":true}]}}