{"id":7173,"date":"2018-05-22T12:58:36","date_gmt":"2018-05-22T10:58:36","guid":{"rendered":"http:\/\/ksiegarnia-akademicka.pl\/index.php\/product\/metodyka-rozwiazywania-zadan-z-mechaniki-2\/"},"modified":"2018-12-08T10:36:25","modified_gmt":"2018-12-08T09:36:25","slug":"metodyka-rozwiazywania-zadan-z-mechaniki-2","status":"publish","type":"product","link":"http:\/\/ksiegarnia-akademicka.pl\/index.php\/product\/metodyka-rozwiazywania-zadan-z-mechaniki-2\/","title":{"rendered":"Metodyka rozwi\u0105zywania zada\u0144 z mechaniki"},"content":{"rendered":"<p>Autor:<br \/>\nJ\u00f3zef Nizio\u0142<br \/>\nWydawca: Wydawnictwo Naukowe PWN<br \/>\nOprawa: Mi\u0119kka<br \/>\nFormat: 20.0&#215;24.0cm<br \/>\nLiczba stron: 576<br \/>\nWydanie: 2<br \/>\nRok wydania: 2018<\/p>\n<p>Podr\u0119cznik zawiera zbi\u00f3r zada\u0144 z mechaniki og\u00f3lnej, uzupe\u0142niony syntetycznym om\u00f3wieniem metod ich rozwi\u0105zywania. Zadania obejmuj\u0105, zgodnie z programem obowi\u0105zuj\u0105cym na uczelniach technicznych, zagadnienia z zakresu statyki, kinematyki i dynamiki.<\/p>\n<p>Ka\u017cdy rozdzia\u0142 rozpoczyna si\u0119 kr\u00f3tkim om\u00f3wieniem podstawowych praw, wzor\u00f3w i r\u00f3wna\u0144. Nast\u0119pnie przedstawiona jest analiza kilku przyk\u0142ad\u00f3w oraz podany zestaw zada\u0144 do samodzielnej pracy, opatrzony wskaz\u00f3wkami i uwagami u\u0142atwiaj\u0105cymi wyb\u00f3r odpowiedniej metody rozwi\u0105zania, a tak\u017ce odpowiedziami umo\u017cliwiaj\u0105cymi zweryfikowanie poprawno\u015bci oblicze\u0144.<\/p>\n<p>Ksi\u0105\u017cka pozwala sprawdzi\u0107 i utrwali\u0107 wiedz\u0119 z mechaniki.<\/p>\n<p>Wydawnictwo WNT poleca podr\u0119cznik studentom uczelni technicznych, szczeg\u00f3lnie kierunk\u00f3w: mechanika i budowa maszyn, automatyka, robotyka, in\u017cynieria materia\u0142owa, transport oraz budownictwo.<\/p>\n","protected":false},"excerpt":{"rendered":"<p>Autor: J\u00f3zef Nizio\u0142 Wydawca: Wydawnictwo Naukowe PWN Oprawa: Mi\u0119kka Format: [&hellip;]<\/p>\n","protected":false},"featured_media":9294,"template":"","meta":[],"product_brand":[],"product_cat":[7709,41],"product_tag":[1871,5576,269],"class_list":{"0":"post-7173","1":"product","2":"type-product","3":"status-publish","4":"has-post-thumbnail","6":"product_cat-mechanika","7":"product_cat-nauki-techniczne","8":"product_tag-mechanika","9":"product_tag-metodyka","10":"product_tag-podrecznik-akademicki","12":"first","13":"instock","14":"sale","15":"shipping-taxable","16":"purchasable","17":"product-type-simple"},"_links":{"self":[{"href":"http:\/\/ksiegarnia-akademicka.pl\/index.php\/wp-json\/wp\/v2\/product\/7173","targetHints":{"allow":["GET"]}}],"collection":[{"href":"http:\/\/ksiegarnia-akademicka.pl\/index.php\/wp-json\/wp\/v2\/product"}],"about":[{"href":"http:\/\/ksiegarnia-akademicka.pl\/index.php\/wp-json\/wp\/v2\/types\/product"}],"wp:featuredmedia":[{"embeddable":true,"href":"http:\/\/ksiegarnia-akademicka.pl\/index.php\/wp-json\/wp\/v2\/media\/9294"}],"wp:attachment":[{"href":"http:\/\/ksiegarnia-akademicka.pl\/index.php\/wp-json\/wp\/v2\/media?parent=7173"}],"wp:term":[{"taxonomy":"product_brand","embeddable":true,"href":"http:\/\/ksiegarnia-akademicka.pl\/index.php\/wp-json\/wp\/v2\/product_brand?post=7173"},{"taxonomy":"product_cat","embeddable":true,"href":"http:\/\/ksiegarnia-akademicka.pl\/index.php\/wp-json\/wp\/v2\/product_cat?post=7173"},{"taxonomy":"product_tag","embeddable":true,"href":"http:\/\/ksiegarnia-akademicka.pl\/index.php\/wp-json\/wp\/v2\/product_tag?post=7173"}],"curies":[{"name":"wp","href":"https:\/\/api.w.org\/{rel}","templated":true}]}}