{"id":7170,"date":"2018-05-22T12:58:36","date_gmt":"2018-05-22T10:58:36","guid":{"rendered":"http:\/\/ksiegarnia-akademicka.pl\/index.php\/product\/mechanika-techniczna-tom-1-statyka-i-wytrzymalosc-materialow-2\/"},"modified":"2022-03-23T12:13:27","modified_gmt":"2022-03-23T11:13:27","slug":"mechanika-techniczna-tom-1-statyka-i-wytrzymalosc-materialow-2","status":"publish","type":"product","link":"http:\/\/ksiegarnia-akademicka.pl\/index.php\/product\/mechanika-techniczna-tom-1-statyka-i-wytrzymalosc-materialow-2\/","title":{"rendered":"Mechanika techniczna Tom 1 Statyka i wytrzyma\u0142o\u015b\u0107 materia\u0142\u00f3w"},"content":{"rendered":"<p>Autor:<br \/>\nJan Misiak<br \/>\nWydawca: Wydawnictwo Naukowe PWN<br \/>\nOprawa: Mi\u0119kka<br \/>\nFormat: 16.5&#215;23.5cm<br \/>\nLiczba stron: 295<br \/>\nWydanie: 6<br \/>\nRok wydania: 2022<\/p>\n<p>Statyka obejmuje:<br \/>\npodstawowe poj\u0119cia i zasady statyki<br \/>\nzagadnienia redukcji uk\u0142ad\u00f3w si\u0142 i warunk\u00f3w r\u00f3wnowagi<br \/>\nprawa tarcia<br \/>\nsposoby obliczania \u015brodk\u00f3w \u0107i\u0119\u017cko\u015bci<br \/>\nWytrzyma\u0142o\u015b\u0107 materia\u0142\u00f3w zawiera:<br \/>\npodstawowe poj\u0119cia z zakresu wytrzyma\u0142o\u015bci materia\u0142\u00f3w<br \/>\nzagadnienia rozci\u0105gania, \u015bciskania, zgniatania, skr\u0119cania i wyboczenia<br \/>\ncharakterystyk\u0119 wielowymiarowego stanu napr\u0119\u017cenia<br \/>\nsposoby obliczania ugi\u0119\u0107 belek i kratownic p\u0142askich<\/p>\n","protected":false},"excerpt":{"rendered":"<p>Autor: Jan Misiak Wydawca: Wydawnictwo Naukowe PWN Oprawa: Mi\u0119kka Format: [&hellip;]<\/p>\n","protected":false},"featured_media":8929,"template":"","meta":[],"product_brand":[],"product_cat":[7709,41],"product_tag":[1871,7692,269],"class_list":{"0":"post-7170","1":"product","2":"type-product","3":"status-publish","4":"has-post-thumbnail","6":"product_cat-mechanika","7":"product_cat-nauki-techniczne","8":"product_tag-mechanika","9":"product_tag-mechanika-techniczna","10":"product_tag-podrecznik-akademicki","12":"first","13":"instock","14":"sale","15":"shipping-taxable","16":"purchasable","17":"product-type-simple"},"_links":{"self":[{"href":"http:\/\/ksiegarnia-akademicka.pl\/index.php\/wp-json\/wp\/v2\/product\/7170","targetHints":{"allow":["GET"]}}],"collection":[{"href":"http:\/\/ksiegarnia-akademicka.pl\/index.php\/wp-json\/wp\/v2\/product"}],"about":[{"href":"http:\/\/ksiegarnia-akademicka.pl\/index.php\/wp-json\/wp\/v2\/types\/product"}],"wp:featuredmedia":[{"embeddable":true,"href":"http:\/\/ksiegarnia-akademicka.pl\/index.php\/wp-json\/wp\/v2\/media\/8929"}],"wp:attachment":[{"href":"http:\/\/ksiegarnia-akademicka.pl\/index.php\/wp-json\/wp\/v2\/media?parent=7170"}],"wp:term":[{"taxonomy":"product_brand","embeddable":true,"href":"http:\/\/ksiegarnia-akademicka.pl\/index.php\/wp-json\/wp\/v2\/product_brand?post=7170"},{"taxonomy":"product_cat","embeddable":true,"href":"http:\/\/ksiegarnia-akademicka.pl\/index.php\/wp-json\/wp\/v2\/product_cat?post=7170"},{"taxonomy":"product_tag","embeddable":true,"href":"http:\/\/ksiegarnia-akademicka.pl\/index.php\/wp-json\/wp\/v2\/product_tag?post=7170"}],"curies":[{"name":"wp","href":"https:\/\/api.w.org\/{rel}","templated":true}]}}