{"id":7167,"date":"2018-05-22T12:58:35","date_gmt":"2018-05-22T10:58:35","guid":{"rendered":"http:\/\/ksiegarnia-akademicka.pl\/index.php\/product\/infrastruktura-transportu\/"},"modified":"2024-03-25T10:41:54","modified_gmt":"2024-03-25T09:41:54","slug":"infrastruktura-transportu","status":"publish","type":"product","link":"http:\/\/ksiegarnia-akademicka.pl\/index.php\/product\/infrastruktura-transportu\/","title":{"rendered":"Infrastruktura transportu"},"content":{"rendered":"<p>Infrastruktura transportu<br \/>\nT. Basiewicz<br \/>\nA. Go\u0142aszewski<br \/>\nL. Rudzi\u0144ski<br \/>\nWydawnictwo: OWPW<br \/>\nSkrypt opracowany zosta\u0142 zgodnie z programem wyk\u0142ad\u00f3w przedmiotu kierunkowego Infrastruktura transportu na Wydziale Transportu. Publikacja obejmuje wszystkie rodzaje dr\u00f3g transportowych. Przeznaczona jest dla wszystkich student\u00f3w specjalizuj\u0105cych si\u0119 w in\u017cynierii transportu.<br \/>\nWydanie: 3, 2007<br \/>\nStron: 216<br \/>\nISBN: 978-83-7207-730-1<\/p>\n","protected":false},"excerpt":{"rendered":"<p>Infrastruktura transportu T. Basiewicz A. Go\u0142aszewski L. Rudzi\u0144ski Wydawnictwo: OWPW [&hellip;]<\/p>\n","protected":false},"featured_media":8939,"template":"","meta":[],"product_brand":[],"product_cat":[41],"product_tag":[7694,642],"class_list":{"0":"post-7167","1":"product","2":"type-product","3":"status-publish","4":"has-post-thumbnail","6":"product_cat-nauki-techniczne","7":"product_tag-skrypty-politechniki-warszawskiej","8":"product_tag-transport","10":"first","11":"outofstock","12":"sale","13":"shipping-taxable","14":"purchasable","15":"product-type-simple"},"_links":{"self":[{"href":"http:\/\/ksiegarnia-akademicka.pl\/index.php\/wp-json\/wp\/v2\/product\/7167","targetHints":{"allow":["GET"]}}],"collection":[{"href":"http:\/\/ksiegarnia-akademicka.pl\/index.php\/wp-json\/wp\/v2\/product"}],"about":[{"href":"http:\/\/ksiegarnia-akademicka.pl\/index.php\/wp-json\/wp\/v2\/types\/product"}],"wp:featuredmedia":[{"embeddable":true,"href":"http:\/\/ksiegarnia-akademicka.pl\/index.php\/wp-json\/wp\/v2\/media\/8939"}],"wp:attachment":[{"href":"http:\/\/ksiegarnia-akademicka.pl\/index.php\/wp-json\/wp\/v2\/media?parent=7167"}],"wp:term":[{"taxonomy":"product_brand","embeddable":true,"href":"http:\/\/ksiegarnia-akademicka.pl\/index.php\/wp-json\/wp\/v2\/product_brand?post=7167"},{"taxonomy":"product_cat","embeddable":true,"href":"http:\/\/ksiegarnia-akademicka.pl\/index.php\/wp-json\/wp\/v2\/product_cat?post=7167"},{"taxonomy":"product_tag","embeddable":true,"href":"http:\/\/ksiegarnia-akademicka.pl\/index.php\/wp-json\/wp\/v2\/product_tag?post=7167"}],"curies":[{"name":"wp","href":"https:\/\/api.w.org\/{rel}","templated":true}]}}