{"id":7158,"date":"2018-05-22T12:58:34","date_gmt":"2018-05-22T10:58:34","guid":{"rendered":"http:\/\/ksiegarnia-akademicka.pl\/index.php\/product\/podstawy-termodynamiki\/"},"modified":"2018-12-04T16:36:28","modified_gmt":"2018-12-04T15:36:28","slug":"podstawy-termodynamiki","status":"publish","type":"product","link":"http:\/\/ksiegarnia-akademicka.pl\/index.php\/product\/podstawy-termodynamiki\/","title":{"rendered":"Podstawy termodynamiki"},"content":{"rendered":"<p>Autor:<br \/>\nAgnieszka Sad\u0142owska-Sa\u0142\u0119ga<br \/>\nIlustracje: Sad\u0142owska-Sa\u0142\u0119ga Agnieszka, Rado\u0144 Jan<br \/>\nWydawca: Nauka i Technika<br \/>\nOprawa: Kartonowa Foliowana<br \/>\nFormat: 16.5&#215;23.5cm<br \/>\nLiczba stron: 224<br \/>\nWydanie: 1<br \/>\nRok wydania: 2015<\/p>\n<p>Ksi\u0105\u017cka przeznaczona jest dla student\u00f3w wy\u017cszych uczelni technicznych oraz dla specjalist\u00f3w zajmuj\u0105cych si\u0119 technik\u0105 ciepln\u0105. Om\u00f3wiono w niej w spos\u00f3b przyst\u0119pny, zwi\u0119z\u0142y i logiczny zasady termodynamiki &#8211; og\u00f3lne prawa obowi\u0105zuj\u0105ce we wszystkich typach uk\u0142ad\u00f3w i wszelkich przemianach fizycznych i chemicznych. Przedstawiono przemiany gaz\u00f3w doskona\u0142ych i p\u00f3\u0142-doskona\u0142ych, zasady przep\u0142ywu ciep\u0142a oraz termodynamik\u0119 przep\u0142yw\u00f3w, obiegi por\u00f3wnawcze silnik\u00f3w cieplnych i urz\u0105dze\u0144 ch\u0142odniczych. Zalet\u0105 ksi\u0105\u017cki jest poparcie teorii odpowiednimi przyk\u0142adami rachunkowymi, w kt\u00f3rych uwzgl\u0119dniono najcz\u0119\u015bciej spotykane w praktyce in\u017cynierskiej procesy i urz\u0105dzenia.<br \/>\nDo ksi\u0105\u017cki do\u0142\u0105czono:<br \/>\n&#8211; wykres &#8222;i-s&#8221; entalpia-entropia dla pary wodnej do 1000 stopni Celsjusza i 95 MPa<br \/>\n&#8211; wykres &#8222;i=x&#8221; Molliera dla powietrza wilgotnego<\/p>\n","protected":false},"excerpt":{"rendered":"<p>Autor: Agnieszka Sad\u0142owska-Sa\u0142\u0119ga Ilustracje: Sad\u0142owska-Sa\u0142\u0119ga Agnieszka, Rado\u0144 Jan Wydawca: Nauka [&hellip;]<\/p>\n","protected":false},"featured_media":9000,"template":"","meta":[],"product_brand":[],"product_cat":[41],"product_tag":[7421,1871,269,1945],"class_list":{"0":"post-7158","1":"product","2":"type-product","3":"status-publish","4":"has-post-thumbnail","6":"product_cat-nauki-techniczne","7":"product_tag-cieplo","8":"product_tag-mechanika","9":"product_tag-podrecznik-akademicki","10":"product_tag-termodynamika","12":"first","13":"instock","14":"sale","15":"shipping-taxable","16":"purchasable","17":"product-type-simple"},"_links":{"self":[{"href":"http:\/\/ksiegarnia-akademicka.pl\/index.php\/wp-json\/wp\/v2\/product\/7158","targetHints":{"allow":["GET"]}}],"collection":[{"href":"http:\/\/ksiegarnia-akademicka.pl\/index.php\/wp-json\/wp\/v2\/product"}],"about":[{"href":"http:\/\/ksiegarnia-akademicka.pl\/index.php\/wp-json\/wp\/v2\/types\/product"}],"wp:featuredmedia":[{"embeddable":true,"href":"http:\/\/ksiegarnia-akademicka.pl\/index.php\/wp-json\/wp\/v2\/media\/9000"}],"wp:attachment":[{"href":"http:\/\/ksiegarnia-akademicka.pl\/index.php\/wp-json\/wp\/v2\/media?parent=7158"}],"wp:term":[{"taxonomy":"product_brand","embeddable":true,"href":"http:\/\/ksiegarnia-akademicka.pl\/index.php\/wp-json\/wp\/v2\/product_brand?post=7158"},{"taxonomy":"product_cat","embeddable":true,"href":"http:\/\/ksiegarnia-akademicka.pl\/index.php\/wp-json\/wp\/v2\/product_cat?post=7158"},{"taxonomy":"product_tag","embeddable":true,"href":"http:\/\/ksiegarnia-akademicka.pl\/index.php\/wp-json\/wp\/v2\/product_tag?post=7158"}],"curies":[{"name":"wp","href":"https:\/\/api.w.org\/{rel}","templated":true}]}}