{"id":7157,"date":"2018-05-22T12:58:33","date_gmt":"2018-05-22T10:58:33","guid":{"rendered":"http:\/\/ksiegarnia-akademicka.pl\/index.php\/product\/diagnostyka-samochodowa-laboratorium\/"},"modified":"2018-12-04T14:19:33","modified_gmt":"2018-12-04T13:19:33","slug":"diagnostyka-samochodowa-laboratorium","status":"publish","type":"product","link":"http:\/\/ksiegarnia-akademicka.pl\/index.php\/product\/diagnostyka-samochodowa-laboratorium\/","title":{"rendered":"Diagnostyka samochodowa Laboratorium"},"content":{"rendered":"<p>Praca zbiorowa<br \/>\nZ. Lozia (red.)<br \/>\nWydawnictwo: OWPW<br \/>\nSkrypt omawia zagadnienia, kt\u00f3rych znajomo\u015b\u0107 jest niezb\u0119dna do odbycia \u0107wicze\u0144 laboratoryjnych z przedmiot\u00f3w: &#8222;Diagnostyka samochodowa&#8221;, &#8222;Budowa i eksploatacja pojazd\u00f3w samochodowych&#8221;, prowadzonych na Wydziale Transportu PW. Mog\u0105 z niego korzysta\u0107 studenci innych wydzia\u0142\u00f3w PW, w celu zapoznania si\u0119 z problemami okre\u015blania stanu technicznego pojazd\u00f3w samochodowych.<br \/>\nWydanie: 2 popr. i rozszerz., 2014<br \/>\nStron: 250<br \/>\nISBN: 978-83-7814-322-2<\/p>\n","protected":false},"excerpt":{"rendered":"<p>Praca zbiorowa Z. Lozia (red.) Wydawnictwo: OWPW Skrypt omawia zagadnienia, [&hellip;]<\/p>\n","protected":false},"featured_media":8944,"template":"","meta":[],"product_brand":[],"product_cat":[41,7535],"product_tag":[85,4350,1853],"class_list":{"0":"post-7157","1":"product","2":"type-product","3":"status-publish","4":"has-post-thumbnail","6":"product_cat-nauki-techniczne","7":"product_cat-transport-2","8":"product_tag-diagnostyka","9":"product_tag-laboratorium","10":"product_tag-pojazdy-samochodowe","12":"first","13":"instock","14":"sale","15":"shipping-taxable","16":"purchasable","17":"product-type-simple"},"_links":{"self":[{"href":"http:\/\/ksiegarnia-akademicka.pl\/index.php\/wp-json\/wp\/v2\/product\/7157","targetHints":{"allow":["GET"]}}],"collection":[{"href":"http:\/\/ksiegarnia-akademicka.pl\/index.php\/wp-json\/wp\/v2\/product"}],"about":[{"href":"http:\/\/ksiegarnia-akademicka.pl\/index.php\/wp-json\/wp\/v2\/types\/product"}],"wp:featuredmedia":[{"embeddable":true,"href":"http:\/\/ksiegarnia-akademicka.pl\/index.php\/wp-json\/wp\/v2\/media\/8944"}],"wp:attachment":[{"href":"http:\/\/ksiegarnia-akademicka.pl\/index.php\/wp-json\/wp\/v2\/media?parent=7157"}],"wp:term":[{"taxonomy":"product_brand","embeddable":true,"href":"http:\/\/ksiegarnia-akademicka.pl\/index.php\/wp-json\/wp\/v2\/product_brand?post=7157"},{"taxonomy":"product_cat","embeddable":true,"href":"http:\/\/ksiegarnia-akademicka.pl\/index.php\/wp-json\/wp\/v2\/product_cat?post=7157"},{"taxonomy":"product_tag","embeddable":true,"href":"http:\/\/ksiegarnia-akademicka.pl\/index.php\/wp-json\/wp\/v2\/product_tag?post=7157"}],"curies":[{"name":"wp","href":"https:\/\/api.w.org\/{rel}","templated":true}]}}