{"id":7154,"date":"2018-05-22T12:58:33","date_gmt":"2018-05-22T10:58:33","guid":{"rendered":"http:\/\/ksiegarnia-akademicka.pl\/index.php\/product\/budownictwo-i-konstrukcje-inzynierskie-cwiczenia-laboratoryjne\/"},"modified":"2018-12-04T14:51:57","modified_gmt":"2018-12-04T13:51:57","slug":"budownictwo-i-konstrukcje-inzynierskie-cwiczenia-laboratoryjne","status":"publish","type":"product","link":"http:\/\/ksiegarnia-akademicka.pl\/index.php\/product\/budownictwo-i-konstrukcje-inzynierskie-cwiczenia-laboratoryjne\/","title":{"rendered":"Budownictwo i konstrukcje in\u017cynierskie. \u0106wiczenia laboratoryjne"},"content":{"rendered":"<p>B. Matlak<br \/>\nP. Falaci\u0144ski<br \/>\nWydawnictwo: OWPW<br \/>\nW skrypcie zawarto kr\u00f3tkie om\u00f3wienie w\u0142a\u015bciwo\u015bci i regu\u0142 oznaczania materia\u0142\u00f3w budowlanych, zgodny z Polskimi Normami spos\u00f3b wyznaczania ich parametr\u00f3w technicznych i wykonywania pomiar\u00f3w oraz zasady interpretacji wynik\u00f3w bada\u0144 i prawid\u0142owej oceny materia\u0142\u00f3w. Wyniki zaprezentowanych \u0107wicze\u0144 laboratoryjnych umo\u017cliwiaj\u0105 okre\u015blenie wp\u0142ywu warunk\u00f3w dojrzewania, sposobu zag\u0119szczania, sk\u0142adnik\u00f3w, stanu zawilgocenia i zmiennych temperatur na w\u0142a\u015bciwo\u015bci mechaniczne najcz\u0119\u015bciej stosowanych materia\u0142\u00f3w, takich jak zaprawy cementowe, wyroby gipsowe, beton czy drewno. <\/p>\n<p>Autorzy zaprezentowali dane techniczne oraz sposoby pomiar\u00f3w materia\u0142\u00f3w tradycyjnych oraz nowoczesnych, takich jak np. folie, zawiesiny twardniej\u0105ce, papy termozgrzewalne, kt\u00f3re maj\u0105 szczeg\u00f3lnie istotne znaczenie w konstrukcjach in\u017cynierii \u015brodowiska, gdy\u017c to ich jako\u015b\u0107 cz\u0119sto decyduje o trwa\u0142o\u015bci i niezawodno\u015bci obiekt\u00f3w in\u017cynierskich.<br \/>\nRok: 2013<br \/>\nStron: 82<br \/>\nISBN: 978-83-7814-069-6<\/p>\n","protected":false},"excerpt":{"rendered":"<p>B. Matlak P. Falaci\u0144ski Wydawnictwo: OWPW W skrypcie zawarto kr\u00f3tkie [&hellip;]<\/p>\n","protected":false},"featured_media":8955,"template":"","meta":[],"product_brand":[],"product_cat":[41],"product_tag":[1453,6096,5096],"class_list":{"0":"post-7154","1":"product","2":"type-product","3":"status-publish","4":"has-post-thumbnail","6":"product_cat-nauki-techniczne","7":"product_tag-budownictwo","8":"product_tag-konstrukcje","9":"product_tag-laboratoria","11":"first","12":"instock","13":"sale","14":"shipping-taxable","15":"purchasable","16":"product-type-simple"},"_links":{"self":[{"href":"http:\/\/ksiegarnia-akademicka.pl\/index.php\/wp-json\/wp\/v2\/product\/7154","targetHints":{"allow":["GET"]}}],"collection":[{"href":"http:\/\/ksiegarnia-akademicka.pl\/index.php\/wp-json\/wp\/v2\/product"}],"about":[{"href":"http:\/\/ksiegarnia-akademicka.pl\/index.php\/wp-json\/wp\/v2\/types\/product"}],"wp:featuredmedia":[{"embeddable":true,"href":"http:\/\/ksiegarnia-akademicka.pl\/index.php\/wp-json\/wp\/v2\/media\/8955"}],"wp:attachment":[{"href":"http:\/\/ksiegarnia-akademicka.pl\/index.php\/wp-json\/wp\/v2\/media?parent=7154"}],"wp:term":[{"taxonomy":"product_brand","embeddable":true,"href":"http:\/\/ksiegarnia-akademicka.pl\/index.php\/wp-json\/wp\/v2\/product_brand?post=7154"},{"taxonomy":"product_cat","embeddable":true,"href":"http:\/\/ksiegarnia-akademicka.pl\/index.php\/wp-json\/wp\/v2\/product_cat?post=7154"},{"taxonomy":"product_tag","embeddable":true,"href":"http:\/\/ksiegarnia-akademicka.pl\/index.php\/wp-json\/wp\/v2\/product_tag?post=7154"}],"curies":[{"name":"wp","href":"https:\/\/api.w.org\/{rel}","templated":true}]}}