{"id":7151,"date":"2018-05-22T12:58:32","date_gmt":"2018-05-22T10:58:32","guid":{"rendered":"http:\/\/ksiegarnia-akademicka.pl\/index.php\/product\/termodynamika-techniczna\/"},"modified":"2018-12-04T16:16:44","modified_gmt":"2018-12-04T15:16:44","slug":"termodynamika-techniczna","status":"publish","type":"product","link":"http:\/\/ksiegarnia-akademicka.pl\/index.php\/product\/termodynamika-techniczna\/","title":{"rendered":"Termodynamika techniczna"},"content":{"rendered":"<p>Autor:<br \/>\nStefan Wi\u015bniewski<br \/>\nWydawca: WNT<br \/>\nOprawa: Mi\u0119kka<br \/>\nFormat: 16.5&#215;24.0cm<br \/>\nLiczba stron: 498<br \/>\nWydanie: 5<br \/>\nRok wydania: 2014<\/p>\n<p>Ksi\u0105\u017cka ta zawiera g\u0142\u00f3wne zagadnienia z termodynamiki, a w\u015br\u00f3d nich:<br \/>\npodstawowe zasady termodynamiki<br \/>\ntermodynamik\u0119 gaz\u00f3w doskona\u0142ych, rzeczywistych i par<br \/>\ntermodynamik\u0119 przep\u0142yw\u00f3w \u015bci\u015bliwych<br \/>\ntermodynamik\u0119 uk\u0142ad\u00f3w wielosk\u0142adnikowych ze szczeg\u00f3lnym uwzgl\u0119dnieniem proces\u00f3w spalania termodynamik\u0119 uk\u0142ad\u00f3w specjalnych<br \/>\npodstawy termodynamiki proces\u00f3w nier\u00f3wnowagowych<br \/>\nOmawiane zagadnienia zilustrowano przyk\u0142adami liczbowymi u\u0142atwiaj\u0105cymi ich lepsze zrozumienie.<\/p>\n","protected":false},"excerpt":{"rendered":"<p>Autor: Stefan Wi\u015bniewski Wydawca: WNT Oprawa: Mi\u0119kka Format: 16.5&#215;24.0cm Liczba [&hellip;]<\/p>\n","protected":false},"featured_media":8991,"template":"","meta":[],"product_brand":[],"product_cat":[41],"product_tag":[7421,1871,269,1945],"class_list":{"0":"post-7151","1":"product","2":"type-product","3":"status-publish","4":"has-post-thumbnail","6":"product_cat-nauki-techniczne","7":"product_tag-cieplo","8":"product_tag-mechanika","9":"product_tag-podrecznik-akademicki","10":"product_tag-termodynamika","12":"first","13":"instock","14":"sale","15":"shipping-taxable","16":"purchasable","17":"product-type-simple"},"_links":{"self":[{"href":"http:\/\/ksiegarnia-akademicka.pl\/index.php\/wp-json\/wp\/v2\/product\/7151","targetHints":{"allow":["GET"]}}],"collection":[{"href":"http:\/\/ksiegarnia-akademicka.pl\/index.php\/wp-json\/wp\/v2\/product"}],"about":[{"href":"http:\/\/ksiegarnia-akademicka.pl\/index.php\/wp-json\/wp\/v2\/types\/product"}],"wp:featuredmedia":[{"embeddable":true,"href":"http:\/\/ksiegarnia-akademicka.pl\/index.php\/wp-json\/wp\/v2\/media\/8991"}],"wp:attachment":[{"href":"http:\/\/ksiegarnia-akademicka.pl\/index.php\/wp-json\/wp\/v2\/media?parent=7151"}],"wp:term":[{"taxonomy":"product_brand","embeddable":true,"href":"http:\/\/ksiegarnia-akademicka.pl\/index.php\/wp-json\/wp\/v2\/product_brand?post=7151"},{"taxonomy":"product_cat","embeddable":true,"href":"http:\/\/ksiegarnia-akademicka.pl\/index.php\/wp-json\/wp\/v2\/product_cat?post=7151"},{"taxonomy":"product_tag","embeddable":true,"href":"http:\/\/ksiegarnia-akademicka.pl\/index.php\/wp-json\/wp\/v2\/product_tag?post=7151"}],"curies":[{"name":"wp","href":"https:\/\/api.w.org\/{rel}","templated":true}]}}