{"id":7150,"date":"2018-05-22T12:58:32","date_gmt":"2018-05-22T10:58:32","guid":{"rendered":"http:\/\/ksiegarnia-akademicka.pl\/index.php\/product\/proekologiczne-odnawialne-zrodla-energii-kompendium\/"},"modified":"2018-12-04T16:01:10","modified_gmt":"2018-12-04T15:01:10","slug":"proekologiczne-odnawialne-zrodla-energii-kompendium","status":"publish","type":"product","link":"http:\/\/ksiegarnia-akademicka.pl\/index.php\/product\/proekologiczne-odnawialne-zrodla-energii-kompendium\/","title":{"rendered":"Proekologiczne odnawialne \u017ar\u00f3d\u0142a energii Kompendium"},"content":{"rendered":"<p>Autor:<br \/>\nWitold M. Lewandowski<br \/>\nEwa Klugmann-Radziemska<br \/>\nWydawca: Wydawnictwo Naukowe PWN<br \/>\nOprawa: Mi\u0119kka<br \/>\nFormat: 16.0&#215;23.5cm<br \/>\nLiczba stron: 488<br \/>\nWydanie: 1<br \/>\nRok wydania: 2018<\/p>\n<p>Unikatowa publikacja, kt\u00f3ra kompleksowo i w przyst\u0119pny spos\u00f3b przedstawia aktualne sposoby wykorzystania nowoczesnych, proekologicznych odnawialnych \u017ar\u00f3de\u0142 energii (OZE).<br \/>\nAutorzy, profesorowie z Politechniki Gda\u0144skiej, za nadrz\u0119dny temat ksi\u0105\u017cki postawili sobie szeroko rozumian\u0105 ochron\u0119 \u015brodowiska, niszczonego przede wszystkim przez przemys\u0142 bazuj\u0105cy na energetyce konwencjonalnej. \u017beby zahamowa\u0107 ten proces, niezb\u0119dne jest szerokie wykorzystanie energetyki odnawialnej.<br \/>\nCzytelnik zatem b\u0119dzie m\u00f3g\u0142 znale\u017a\u0107 w ksi\u0105\u017cce aktualn\u0105 wiedz\u0119 techniczn\u0105 dotycz\u0105c\u0105 m.in.:<br \/>\n\u2022 wykorzystania energii wodnej, geotermalnej czy pr\u0105d\u00f3w morskich,<br \/>\n\u2022 wykorzystania biomasy, biopaliw, biogazu,<br \/>\n\u2022 pasywnych i aktywnych system\u00f3w wykorzystania energii s\u0142onecznej \u2013 ogniw fotowoltaicznych i kolektor\u00f3w s\u0142onecznych,<br \/>\n\u2022 pomp ciep\u0142a,<br \/>\n\u2022 ogniw paliwowych i najnowszych zastosowa\u0144 wodoru.<br \/>\nPublikacj\u0119 kierujemy do szerokiego grona odbiorc\u00f3w: zar\u00f3wno do \u015brodowiska akademickiego \u2013 student\u00f3w politechnik i innych uczelni technicznych, na kierunkach zwi\u0105zanych z in\u017cynieri\u0105 i ochron\u0105 \u015brodowiska czy nowoczesn\u0105 energetyk\u0105, ale r\u00f3wnie\u017c dla praktyk\u00f3w \u2013 ekolog\u00f3w, in\u017cynier\u00f3w, zak\u0142ad\u00f3w przemys\u0142owych, kt\u00f3rym zale\u017cy na zast\u0119powaniu energetyki konwencjonalnej \u2013 energetyk\u0105 zwi\u0105zan\u0105 z OZE. Polecamy j\u0105 r\u00f3wnie\u017c ka\u017cdemu, komu zale\u017cy na ochronie \u015brodowiska.<\/p>\n","protected":false},"excerpt":{"rendered":"<p>Autor: Witold M. Lewandowski Ewa Klugmann-Radziemska Wydawca: Wydawnictwo Naukowe PWN [&hellip;]<\/p>\n","protected":false},"featured_media":8986,"template":"","meta":[],"product_brand":[],"product_cat":[39],"product_tag":[1949,4247,269],"class_list":{"0":"post-7150","1":"product","2":"type-product","3":"status-publish","4":"has-post-thumbnail","6":"product_cat-srodowisko-prawo-i-zarzadzanie","7":"product_tag-ekologia","8":"product_tag-energetyka","9":"product_tag-podrecznik-akademicki","11":"first","12":"instock","13":"sale","14":"shipping-taxable","15":"purchasable","16":"product-type-simple"},"_links":{"self":[{"href":"http:\/\/ksiegarnia-akademicka.pl\/index.php\/wp-json\/wp\/v2\/product\/7150","targetHints":{"allow":["GET"]}}],"collection":[{"href":"http:\/\/ksiegarnia-akademicka.pl\/index.php\/wp-json\/wp\/v2\/product"}],"about":[{"href":"http:\/\/ksiegarnia-akademicka.pl\/index.php\/wp-json\/wp\/v2\/types\/product"}],"wp:featuredmedia":[{"embeddable":true,"href":"http:\/\/ksiegarnia-akademicka.pl\/index.php\/wp-json\/wp\/v2\/media\/8986"}],"wp:attachment":[{"href":"http:\/\/ksiegarnia-akademicka.pl\/index.php\/wp-json\/wp\/v2\/media?parent=7150"}],"wp:term":[{"taxonomy":"product_brand","embeddable":true,"href":"http:\/\/ksiegarnia-akademicka.pl\/index.php\/wp-json\/wp\/v2\/product_brand?post=7150"},{"taxonomy":"product_cat","embeddable":true,"href":"http:\/\/ksiegarnia-akademicka.pl\/index.php\/wp-json\/wp\/v2\/product_cat?post=7150"},{"taxonomy":"product_tag","embeddable":true,"href":"http:\/\/ksiegarnia-akademicka.pl\/index.php\/wp-json\/wp\/v2\/product_tag?post=7150"}],"curies":[{"name":"wp","href":"https:\/\/api.w.org\/{rel}","templated":true}]}}