{"id":7138,"date":"2018-05-22T12:58:29","date_gmt":"2018-05-22T10:58:29","guid":{"rendered":"http:\/\/ksiegarnia-akademicka.pl\/index.php\/product\/pedagogika-przedszkolna-oblicza-i-poszukiwania\/"},"modified":"2018-12-06T11:59:06","modified_gmt":"2018-12-06T10:59:06","slug":"pedagogika-przedszkolna-oblicza-i-poszukiwania","status":"publish","type":"product","link":"http:\/\/ksiegarnia-akademicka.pl\/index.php\/product\/pedagogika-przedszkolna-oblicza-i-poszukiwania\/","title":{"rendered":"Pedagogika przedszkolna Oblicza i poszukiwania"},"content":{"rendered":"<p>Redakcja: Magda-Adamowicz Marzenna, Olczak Agnieszka<br \/>\nWydawca: Adam Marsza\u0142ek<br \/>\nOprawa: Mi\u0119kka<br \/>\nFormat: 16.0&#215;22.5cm<br \/>\nLiczba stron: 404<br \/>\nRok wydania: 2014<\/p>\n<p>W niniejszej monografii om\u00f3wiono wiele zagadnie\u0144 z zakresu pedagogiki przedszkolnej. Poruszono szerok\u0105 problematyk\u0119 badawcz\u0105, dokonano analiz z zakresu prakseologii, dydaktyki, wychowania, opieki czy spo\u0142ecznego funkcjonowania. Odnosz\u0105c si\u0119 do tematyki tomu, mo\u017cna podkre\u015bli\u0107 jego kompleksowy charakter. Wskazana r\u00f3\u017cnorodno\u015b\u0107 pozwoli\u0142a na stworzenie p\u0142aszczyzny do wymiany pogl\u0105d\u00f3w przedstawicieli r\u00f3\u017cnych \u015brodowisk. [&#8230;]<\/p>\n<p>Prac\u0119 t\u0119 adresujemy przede wszystkim do trzech grup odbiorc\u00f3w: 1) student\u00f3w pedagogiki przedszkolnej; 2) nauczycieli akademickich tych samych specjalno\u015bci, kt\u00f3rym te teksty mog\u0105 pos\u0142u\u017cy\u0107 do analiz w pracy z przysz\u0142ymi i obecnymi nauczycielami przedszkoli; 3) czynnych nauczycieli przedszkoli, troszcz\u0105cych si\u0119 o rozw\u00f3j dzieci i swojego warsztatu zawodowego.<\/p>\n","protected":false},"excerpt":{"rendered":"<p>Redakcja: Magda-Adamowicz Marzenna, Olczak Agnieszka Wydawca: Adam Marsza\u0142ek Oprawa: Mi\u0119kka [&hellip;]<\/p>\n","protected":false},"featured_media":9158,"template":"","meta":[],"product_brand":[],"product_cat":[28],"product_tag":[52,51,5116,269],"class_list":{"0":"post-7138","1":"product","2":"type-product","3":"status-publish","4":"has-post-thumbnail","6":"product_cat-pedagogika","7":"product_tag-nauczanie-poczatkowe","8":"product_tag-pedagogika","9":"product_tag-pedagogika-przedszkolna","10":"product_tag-podrecznik-akademicki","12":"first","13":"instock","14":"sale","15":"shipping-taxable","16":"purchasable","17":"product-type-simple"},"_links":{"self":[{"href":"http:\/\/ksiegarnia-akademicka.pl\/index.php\/wp-json\/wp\/v2\/product\/7138","targetHints":{"allow":["GET"]}}],"collection":[{"href":"http:\/\/ksiegarnia-akademicka.pl\/index.php\/wp-json\/wp\/v2\/product"}],"about":[{"href":"http:\/\/ksiegarnia-akademicka.pl\/index.php\/wp-json\/wp\/v2\/types\/product"}],"wp:featuredmedia":[{"embeddable":true,"href":"http:\/\/ksiegarnia-akademicka.pl\/index.php\/wp-json\/wp\/v2\/media\/9158"}],"wp:attachment":[{"href":"http:\/\/ksiegarnia-akademicka.pl\/index.php\/wp-json\/wp\/v2\/media?parent=7138"}],"wp:term":[{"taxonomy":"product_brand","embeddable":true,"href":"http:\/\/ksiegarnia-akademicka.pl\/index.php\/wp-json\/wp\/v2\/product_brand?post=7138"},{"taxonomy":"product_cat","embeddable":true,"href":"http:\/\/ksiegarnia-akademicka.pl\/index.php\/wp-json\/wp\/v2\/product_cat?post=7138"},{"taxonomy":"product_tag","embeddable":true,"href":"http:\/\/ksiegarnia-akademicka.pl\/index.php\/wp-json\/wp\/v2\/product_tag?post=7138"}],"curies":[{"name":"wp","href":"https:\/\/api.w.org\/{rel}","templated":true}]}}