{"id":7126,"date":"2018-05-22T12:58:27","date_gmt":"2018-05-22T10:58:27","guid":{"rendered":"http:\/\/ksiegarnia-akademicka.pl\/index.php\/product\/catia-wykorzystanie-metody-elementow-skonczonych-w-obliczeniach-inzynierskich\/"},"modified":"2021-03-09T13:52:02","modified_gmt":"2021-03-09T12:52:02","slug":"catia-wykorzystanie-metody-elementow-skonczonych-w-obliczeniach-inzynierskich","status":"publish","type":"product","link":"http:\/\/ksiegarnia-akademicka.pl\/index.php\/product\/catia-wykorzystanie-metody-elementow-skonczonych-w-obliczeniach-inzynierskich\/","title":{"rendered":"CATIA Wykorzystanie metody element\u00f3w sko\u0144czonych w obliczeniach in\u017cynierskich"},"content":{"rendered":"<p>Autor:<br \/>\nKrzysztof Sok\u00f3\u0142<br \/>\nWydawca: Helion<br \/>\nOprawa: Mi\u0119kka<br \/>\nFormat: 17.0&#215;24.0cm<br \/>\nLiczba stron: 160<br \/>\nRok wydania: 2014<\/p>\n<p>Pakiet CATIA V5 znany jest w \u015bwiecie in\u017cynierskim g\u0142\u00f3wnie jako zaawansowane \u015brodowisko do wspomaganego komputerowo projektowania cz\u0119\u015bci i z\u0142o\u017ce\u0144 mechanicznych (CAD) oraz ich wytwarzania przy u\u017cyciu obrabiarek sterowanych numerycznie (CAM). CATIA V5 oferuje jednak znacznie wi\u0119cej mo\u017cliwo\u015bci; jedn\u0105 z nich jest przeprowadzanie oblicze\u0144 i analiz in\u017cynierskich cz\u0119\u015bci oraz z\u0142o\u017ce\u0144 na podstawie metody element\u00f3w sko\u0144czonych (MES). Niezale\u017cnie od skomplikowania modelu oraz zastosowanego materia\u0142u oprogramowanie doskonale radzi sobie z symulacjami element\u00f3w i uk\u0142ad\u00f3w mechanicznych r\u00f3\u017cnego typu. G\u0142\u00f3wnym ograniczeniem w pe\u0142nym wykorzystaniu pakietu bywa brak wiedzy i do\u015bwiadczenia.<\/p>\n<p>Problem ten stara si\u0119 rozwi\u0105za\u0107 ksi\u0105\u017cka CATIA. Wykorzystanie metody element\u00f3w sko\u0144czonych w obliczeniach in\u017cynierskich. W przejrzysty spos\u00f3b prezentuje ona podstawowe informacje na temat obs\u0142ugi modu\u0142u Generative Structural Analysis (GSA) i wprowadza w arkana trudnej sztuki przygotowywania modelu do analiz numerycznych, poprawnego ich przeprowadzania i w\u0142a\u015bciwej interpretacji otrzymanych wynik\u00f3w. Dzi\u0119ki lekturze poznasz praktyczne przyk\u0142ady symulacji r\u00f3\u017cnego rodzaju cz\u0119\u015bci i z\u0142o\u017ce\u0144 oraz optymalizacji uk\u0142ad\u00f3w. Przedstawione w ksi\u0105\u017cce zagadnienia umo\u017cliwi\u0105 Ci przygotowanie bardziej skomplikowanych i czasoch\u0142onnych oblicze\u0144 numerycznych z wykorzystaniem metody element\u00f3w sko\u0144czonych.<\/p>\n","protected":false},"excerpt":{"rendered":"<p>Autor: Krzysztof Sok\u00f3\u0142 Wydawca: Helion Oprawa: Mi\u0119kka Format: 17.0&#215;24.0cm Liczba [&hellip;]<\/p>\n","protected":false},"featured_media":9062,"template":"","meta":[],"product_brand":[],"product_cat":[41],"product_tag":[121,1871,6255,269],"class_list":{"0":"post-7126","1":"product","2":"type-product","3":"status-publish","4":"has-post-thumbnail","6":"product_cat-nauki-techniczne","7":"product_tag-automatyka","8":"product_tag-mechanika","9":"product_tag-mechatronika","10":"product_tag-podrecznik-akademicki","12":"first","13":"instock","14":"sale","15":"shipping-taxable","16":"purchasable","17":"product-type-simple"},"_links":{"self":[{"href":"http:\/\/ksiegarnia-akademicka.pl\/index.php\/wp-json\/wp\/v2\/product\/7126","targetHints":{"allow":["GET"]}}],"collection":[{"href":"http:\/\/ksiegarnia-akademicka.pl\/index.php\/wp-json\/wp\/v2\/product"}],"about":[{"href":"http:\/\/ksiegarnia-akademicka.pl\/index.php\/wp-json\/wp\/v2\/types\/product"}],"wp:featuredmedia":[{"embeddable":true,"href":"http:\/\/ksiegarnia-akademicka.pl\/index.php\/wp-json\/wp\/v2\/media\/9062"}],"wp:attachment":[{"href":"http:\/\/ksiegarnia-akademicka.pl\/index.php\/wp-json\/wp\/v2\/media?parent=7126"}],"wp:term":[{"taxonomy":"product_brand","embeddable":true,"href":"http:\/\/ksiegarnia-akademicka.pl\/index.php\/wp-json\/wp\/v2\/product_brand?post=7126"},{"taxonomy":"product_cat","embeddable":true,"href":"http:\/\/ksiegarnia-akademicka.pl\/index.php\/wp-json\/wp\/v2\/product_cat?post=7126"},{"taxonomy":"product_tag","embeddable":true,"href":"http:\/\/ksiegarnia-akademicka.pl\/index.php\/wp-json\/wp\/v2\/product_tag?post=7126"}],"curies":[{"name":"wp","href":"https:\/\/api.w.org\/{rel}","templated":true}]}}