{"id":7111,"date":"2018-05-22T12:58:24","date_gmt":"2018-05-22T10:58:24","guid":{"rendered":"http:\/\/ksiegarnia-akademicka.pl\/index.php\/product\/metrologia-elektryczna\/"},"modified":"2024-07-29T09:07:11","modified_gmt":"2024-07-29T07:07:11","slug":"metrologia-elektryczna","status":"publish","type":"product","link":"http:\/\/ksiegarnia-akademicka.pl\/index.php\/product\/metrologia-elektryczna\/","title":{"rendered":"Metrologia elektryczna"},"content":{"rendered":"<p>Maciej Poni\u0144ski<br \/>\nAugustyn Chwaleba<br \/>\nAndrzej Siedlecki<br \/>\nWydawca: WNT<br \/>\nOprawa: Mi\u0119kka<br \/>\nFormat: 16.5&#215;24.0cm<br \/>\nLiczba stron: 600<br \/>\nWydanie: 10<br \/>\nRok wydania: 2010<\/p>\n<p>W kolejnym 10 wydaniu zosta\u0142y wprowadzone znaczne zmiany i unowocze\u015bnienia, aby dostosowa\u0107 tre\u015b\u0107 podr\u0119cznika do nowych program\u00f3w studi\u00f3w. Nowy podr\u0119cznik obejmuje 18 rozdzia\u0142\u00f3w, w kt\u00f3rych s\u0105 om\u00f3wione podstawowe poj\u0119cia metrologiczne, metody oceny dok\u0142adno\u015bci pomiar\u00f3w, elementy teorii eksperymentu, przetworniki i przyrz\u0105dy pomiarowe r\u00f3\u017cnych wielko\u015bci fizycznych, uk\u0142ady i systemy pomiarowe, zagadnienia organizacji s\u0142u\u017cby miar. Zosta\u0142y usuni\u0119te tre\u015bci przestarza\u0142e i nieaktualne.<\/p>\n","protected":false},"excerpt":{"rendered":"<p>Maciej Poni\u0144ski Augustyn Chwaleba Andrzej Siedlecki Wydawca: WNT Oprawa: Mi\u0119kka [&hellip;]<\/p>\n","protected":false},"featured_media":7532,"template":"","meta":[],"product_brand":[],"product_cat":[41],"product_tag":[120,119,5086,269],"class_list":{"0":"post-7111","1":"product","2":"type-product","3":"status-publish","4":"has-post-thumbnail","6":"product_cat-nauki-techniczne","7":"product_tag-elektronika","8":"product_tag-elektrotechnika","9":"product_tag-metrologia","10":"product_tag-podrecznik-akademicki","12":"first","13":"outofstock","14":"sale","15":"shipping-taxable","16":"purchasable","17":"product-type-simple"},"_links":{"self":[{"href":"http:\/\/ksiegarnia-akademicka.pl\/index.php\/wp-json\/wp\/v2\/product\/7111","targetHints":{"allow":["GET"]}}],"collection":[{"href":"http:\/\/ksiegarnia-akademicka.pl\/index.php\/wp-json\/wp\/v2\/product"}],"about":[{"href":"http:\/\/ksiegarnia-akademicka.pl\/index.php\/wp-json\/wp\/v2\/types\/product"}],"wp:featuredmedia":[{"embeddable":true,"href":"http:\/\/ksiegarnia-akademicka.pl\/index.php\/wp-json\/wp\/v2\/media\/7532"}],"wp:attachment":[{"href":"http:\/\/ksiegarnia-akademicka.pl\/index.php\/wp-json\/wp\/v2\/media?parent=7111"}],"wp:term":[{"taxonomy":"product_brand","embeddable":true,"href":"http:\/\/ksiegarnia-akademicka.pl\/index.php\/wp-json\/wp\/v2\/product_brand?post=7111"},{"taxonomy":"product_cat","embeddable":true,"href":"http:\/\/ksiegarnia-akademicka.pl\/index.php\/wp-json\/wp\/v2\/product_cat?post=7111"},{"taxonomy":"product_tag","embeddable":true,"href":"http:\/\/ksiegarnia-akademicka.pl\/index.php\/wp-json\/wp\/v2\/product_tag?post=7111"}],"curies":[{"name":"wp","href":"https:\/\/api.w.org\/{rel}","templated":true}]}}