{"id":7110,"date":"2018-05-22T12:58:24","date_gmt":"2018-05-22T10:58:24","guid":{"rendered":"http:\/\/ksiegarnia-akademicka.pl\/index.php\/product\/teaching-english-to-polish-young-learners-at-risk-for-dyslexia-focus-on-the-multi-sensory-method\/"},"modified":"2018-07-11T11:06:41","modified_gmt":"2018-07-11T09:06:41","slug":"teaching-english-to-polish-young-learners-at-risk-for-dyslexia-focus-on-the-multi-sensory-method","status":"publish","type":"product","link":"http:\/\/ksiegarnia-akademicka.pl\/index.php\/product\/teaching-english-to-polish-young-learners-at-risk-for-dyslexia-focus-on-the-multi-sensory-method\/","title":{"rendered":"Teaching English to Polish Young Learners at Risk for Dyslexia: Focus on the Multi-sensory Method"},"content":{"rendered":"<p>Iwona Gryz<\/p>\n<p>2016, wyd. I, B-5, str. 208. (monografia), cena 33,60 z\u0142<\/p>\n<p>W monografii zaprezentowano metody wykrywania dysleksji u uczni\u00f3w w wieku 3-7 lat. S\u0105 to: diagnostyka gotowo\u015bci szkolnej, diagnostyka ryzyka dysleksji i diagnostyka dysleksji rozwojowej. Podano najbardziej efektywne \u0107wiczenia dla dzieci z ryzykiem dysleksji na bazie metody multi-sensorycznej. Podano mnemotechniki w nauczaniu j\u0119zyk\u00f3w obcych w przedszkolu. Zaprezentowano pi\u0119\u0107 przyk\u0142adowych plan\u00f3w lekcji z wykorzystaniem metody multi-sensorycznej.<\/p>\n","protected":false},"excerpt":{"rendered":"<p>Iwona Gryz 2016, wyd. I, B-5, str. 208. (monografia), cena [&hellip;]<\/p>\n","protected":false},"featured_media":7653,"template":"","meta":[],"product_brand":[],"product_cat":[7529,43],"product_tag":[5599,336,7410],"class_list":{"0":"post-7110","1":"product","2":"type-product","3":"status-publish","4":"has-post-thumbnail","6":"product_cat-inne","7":"product_cat-wydawnictwo-uth","8":"product_tag-filologia","9":"product_tag-jezyk-angielski","10":"product_tag-metodyka-nauczania-jezykow","12":"first","13":"instock","14":"shipping-taxable","15":"purchasable","16":"product-type-simple"},"_links":{"self":[{"href":"http:\/\/ksiegarnia-akademicka.pl\/index.php\/wp-json\/wp\/v2\/product\/7110","targetHints":{"allow":["GET"]}}],"collection":[{"href":"http:\/\/ksiegarnia-akademicka.pl\/index.php\/wp-json\/wp\/v2\/product"}],"about":[{"href":"http:\/\/ksiegarnia-akademicka.pl\/index.php\/wp-json\/wp\/v2\/types\/product"}],"wp:featuredmedia":[{"embeddable":true,"href":"http:\/\/ksiegarnia-akademicka.pl\/index.php\/wp-json\/wp\/v2\/media\/7653"}],"wp:attachment":[{"href":"http:\/\/ksiegarnia-akademicka.pl\/index.php\/wp-json\/wp\/v2\/media?parent=7110"}],"wp:term":[{"taxonomy":"product_brand","embeddable":true,"href":"http:\/\/ksiegarnia-akademicka.pl\/index.php\/wp-json\/wp\/v2\/product_brand?post=7110"},{"taxonomy":"product_cat","embeddable":true,"href":"http:\/\/ksiegarnia-akademicka.pl\/index.php\/wp-json\/wp\/v2\/product_cat?post=7110"},{"taxonomy":"product_tag","embeddable":true,"href":"http:\/\/ksiegarnia-akademicka.pl\/index.php\/wp-json\/wp\/v2\/product_tag?post=7110"}],"curies":[{"name":"wp","href":"https:\/\/api.w.org\/{rel}","templated":true}]}}