{"id":7100,"date":"2018-05-22T12:58:23","date_gmt":"2018-05-22T10:58:23","guid":{"rendered":"http:\/\/ksiegarnia-akademicka.pl\/index.php\/product\/the-handbook-of-sociolinguistics\/"},"modified":"2019-06-11T12:57:27","modified_gmt":"2019-06-11T10:57:27","slug":"the-handbook-of-sociolinguistics","status":"publish","type":"product","link":"http:\/\/ksiegarnia-akademicka.pl\/index.php\/product\/the-handbook-of-sociolinguistics\/","title":{"rendered":"The Handbook of Sociolinguistics"},"content":{"rendered":"<p>Anna Stachurska<\/p>\n<p>2016, wyd. I, B-5, str.114   (podr\u0119cznik) ,cena 27,30 z\u0142<\/p>\n<p>Podr\u0119cznik proponuje reprezentatywny przegl\u0105d najwa\u017cniejszych poj\u0119\u0107 i zagadnie\u0144 z socjolingwistyki. Zaprezentowano dyskusj\u0119 na temat poj\u0119cia j\u0119zyka oraz szeroko rozumianego wariantu j\u0119zykowego. Autorka wprowadza czytelnik\u00f3w w podstawy najwa\u017cniejszych regionalnych odmian j\u0119zyka angielskiego u\u017cywanych w Ameryce P\u00f3\u0142nocnej oraz na Antypodach. Podobnie om\u00f3wione s\u0105 najbardziej charakterystyczne cechy ameryka\u0144skiej odmiany j\u0119zyka angielskiego. Ko\u0144cowa cz\u0119\u015b\u0107 podr\u0119cznika wprowadza w podstawy spo\u0142ecznych i rasowych odmian j\u0119zyka angielskiego w\u0142\u0105czywszy w to charakterystyk\u0119 r\u00f3\u017cnic istniej\u0105cych mi\u0119dzy j\u0119zykiem u\u017cywanym przez m\u0119\u017cczyzn i kobiety.<\/p>\n","protected":false},"excerpt":{"rendered":"<p>Anna Stachurska 2016, wyd. I, B-5, str.114 (podr\u0119cznik) ,cena 27,30 [&hellip;]<\/p>\n","protected":false},"featured_media":7648,"template":"","meta":[],"product_brand":[],"product_cat":[7529,43],"product_tag":[6020,269],"class_list":{"0":"post-7100","1":"product","2":"type-product","3":"status-publish","4":"has-post-thumbnail","6":"product_cat-inne","7":"product_cat-wydawnictwo-uth","8":"product_tag-filologia-angielska","9":"product_tag-podrecznik-akademicki","11":"first","12":"instock","13":"shipping-taxable","14":"purchasable","15":"product-type-simple"},"_links":{"self":[{"href":"http:\/\/ksiegarnia-akademicka.pl\/index.php\/wp-json\/wp\/v2\/product\/7100","targetHints":{"allow":["GET"]}}],"collection":[{"href":"http:\/\/ksiegarnia-akademicka.pl\/index.php\/wp-json\/wp\/v2\/product"}],"about":[{"href":"http:\/\/ksiegarnia-akademicka.pl\/index.php\/wp-json\/wp\/v2\/types\/product"}],"wp:featuredmedia":[{"embeddable":true,"href":"http:\/\/ksiegarnia-akademicka.pl\/index.php\/wp-json\/wp\/v2\/media\/7648"}],"wp:attachment":[{"href":"http:\/\/ksiegarnia-akademicka.pl\/index.php\/wp-json\/wp\/v2\/media?parent=7100"}],"wp:term":[{"taxonomy":"product_brand","embeddable":true,"href":"http:\/\/ksiegarnia-akademicka.pl\/index.php\/wp-json\/wp\/v2\/product_brand?post=7100"},{"taxonomy":"product_cat","embeddable":true,"href":"http:\/\/ksiegarnia-akademicka.pl\/index.php\/wp-json\/wp\/v2\/product_cat?post=7100"},{"taxonomy":"product_tag","embeddable":true,"href":"http:\/\/ksiegarnia-akademicka.pl\/index.php\/wp-json\/wp\/v2\/product_tag?post=7100"}],"curies":[{"name":"wp","href":"https:\/\/api.w.org\/{rel}","templated":true}]}}