{"id":7029,"date":"2018-05-22T12:58:08","date_gmt":"2018-05-22T10:58:08","guid":{"rendered":"http:\/\/ksiegarnia-akademicka.pl\/index.php\/product\/pielegniarstwo-neurologiczne\/"},"modified":"2020-01-24T15:54:05","modified_gmt":"2020-01-24T14:54:05","slug":"pielegniarstwo-neurologiczne","status":"publish","type":"product","link":"http:\/\/ksiegarnia-akademicka.pl\/index.php\/product\/pielegniarstwo-neurologiczne\/","title":{"rendered":"Piel\u0119gniarstwo neurologiczne"},"content":{"rendered":"<p>Autor:<br \/>\nKazimiera Adamczyk<br \/>\nWydawca: Czelej<br \/>\nOprawa: Mi\u0119kka<br \/>\nFormat: 17.0&#215;24.0cm<br \/>\nLiczba stron: 118<br \/>\nWydanie: 1<br \/>\nRok wydania: 2000<br \/>\nJ\u0119zyk wydania: polski<\/p>\n<p>Pacjent z problemami neurologicznymi to dla piel\u0119gniarki wyzwanie. Powinna ona umie\u0107 nawi\u0105za\u0107 z nim kontakt oraz motywowa\u0107 go do aktywno\u015bci i pracy nad sob\u0105, udzielaj\u0105c wsparcia emocjonalnego.<br \/>\nSposoby piel\u0119gnowania takich pacjent\u00f3w opisywano ju\u017c wiele razy. W odr\u00f3\u017cnieniu od dotychczasowych publikacji z tej dziedziny, w prezentowanej tu ksi\u0105\u017cce nacisk po\u0142o\u017cono na elementy piel\u0119gnowania, za\u015b aspekty kliniczne chor\u00f3b podano tylko w zarysie.<br \/>\nAutorka przedstawi\u0142a propozycj\u0119 uproszczonej dokumentacji piel\u0119gniarskiej dla ka\u017cdej z om\u00f3wionych chor\u00f3b.<\/p>\n","protected":false},"excerpt":{"rendered":"<p>Autor: Kazimiera Adamczyk Wydawca: Czelej Oprawa: Mi\u0119kka Format: 17.0&#215;24.0cm Liczba [&hellip;]<\/p>\n","protected":false},"featured_media":8762,"template":"","meta":[],"product_brand":[],"product_cat":[7493,7965],"product_tag":[4645,7383,269],"class_list":{"0":"post-7029","1":"product","2":"type-product","3":"status-publish","4":"has-post-thumbnail","6":"product_cat-medycyna","7":"product_cat-pielegniarstwo","8":"product_tag-pielegniarstwo","9":"product_tag-pielegniarstwo-neurologiczne","10":"product_tag-podrecznik-akademicki","12":"first","13":"instock","14":"sale","15":"shipping-taxable","16":"purchasable","17":"product-type-simple"},"_links":{"self":[{"href":"http:\/\/ksiegarnia-akademicka.pl\/index.php\/wp-json\/wp\/v2\/product\/7029","targetHints":{"allow":["GET"]}}],"collection":[{"href":"http:\/\/ksiegarnia-akademicka.pl\/index.php\/wp-json\/wp\/v2\/product"}],"about":[{"href":"http:\/\/ksiegarnia-akademicka.pl\/index.php\/wp-json\/wp\/v2\/types\/product"}],"wp:featuredmedia":[{"embeddable":true,"href":"http:\/\/ksiegarnia-akademicka.pl\/index.php\/wp-json\/wp\/v2\/media\/8762"}],"wp:attachment":[{"href":"http:\/\/ksiegarnia-akademicka.pl\/index.php\/wp-json\/wp\/v2\/media?parent=7029"}],"wp:term":[{"taxonomy":"product_brand","embeddable":true,"href":"http:\/\/ksiegarnia-akademicka.pl\/index.php\/wp-json\/wp\/v2\/product_brand?post=7029"},{"taxonomy":"product_cat","embeddable":true,"href":"http:\/\/ksiegarnia-akademicka.pl\/index.php\/wp-json\/wp\/v2\/product_cat?post=7029"},{"taxonomy":"product_tag","embeddable":true,"href":"http:\/\/ksiegarnia-akademicka.pl\/index.php\/wp-json\/wp\/v2\/product_tag?post=7029"}],"curies":[{"name":"wp","href":"https:\/\/api.w.org\/{rel}","templated":true}]}}