{"id":7027,"date":"2018-05-22T12:58:08","date_gmt":"2018-05-22T10:58:08","guid":{"rendered":"http:\/\/ksiegarnia-akademicka.pl\/index.php\/product\/zacznij-kochac-dizajn-jak-kolekcjonowac-polska-sztuke-uzytkowa\/"},"modified":"2025-01-07T08:14:13","modified_gmt":"2025-01-07T07:14:13","slug":"zacznij-kochac-dizajn-jak-kolekcjonowac-polska-sztuke-uzytkowa","status":"publish","type":"product","link":"http:\/\/ksiegarnia-akademicka.pl\/index.php\/product\/zacznij-kochac-dizajn-jak-kolekcjonowac-polska-sztuke-uzytkowa\/","title":{"rendered":"Zacznij kocha\u0107 dizajn Jak kolekcjonowa\u0107 polsk\u0105 sztuk\u0119 u\u017cytkow\u0105"},"content":{"rendered":"<p>Autor:<br \/>\nBeata Bochi\u0144ska<br \/>\nRedakcja: Pluszka Adam<br \/>\nWydawca: Marginesy<br \/>\nOprawa: Mi\u0119kka<br \/>\nFormat: 17.7&#215;23.1cm<br \/>\nLiczba stron: 240<br \/>\nWydanie: 1<br \/>\nRok wydania: 2016<\/p>\n<p>Zaczyna si\u0119 niewinnie. Od kupienia pierwszej fili\u017canki czy lampy. Zazwyczaj dlatego, \u017ce nam si\u0119 podoba. Potem nadchodzi refleksja: jest stara, a mo\u017ce jest co\u015b warta? Zaczynamy szuka\u0107, czyta\u0107. Powoli wdziera si\u0119 do naszej \u015bwiadomo\u015bci coraz wi\u0119kszy niepok\u00f3j i chaos. Na tym etapie cz\u0119\u015b\u0107 albo przestaje si\u0119 tym przejmowa\u0107 i zaczyna z niej pi\u0107 herbat\u0119, albo\u2026 natychmiast rzuca si\u0119 w wir poszukiwa\u0144. Prawie ka\u017cdy ma w sobie \u017cy\u0142k\u0119 odkrywcy. Odkry\u0107 skarb, taki prawdziwy, du\u017co warty. Kto nie marzy\u0142 o tym w dzieci\u0144stwie? R\u0119ka do g\u00f3ry!<br \/>\nModa na vintage nie przemija. Tylko rzetelna wiedza o przesz\u0142o\u015bci mo\u017ce pom\u00f3c zrozumie\u0107 warto\u015b\u0107 wsp\u00f3\u0142czesnego designu i nowych nadchodz\u0105cych trend\u00f3w we wzornictwie. Ile i czy mo\u017cna zarobi\u0107 na starym serwisie po ciotce i szklanych wazonach zabranych z naszego rodzinnego domu? Jak dobrze wycenia\u0107 i jak nie przep\u0142aca\u0107 kupuj\u0105c? Jak rozpozna\u0107 i zrozumie\u0107 co, to znaczy dobry design i czy wa\u017cne jest przez kogo by\u0142 projektowany? To poradnik nie tylko dla wytrawnych kolekcjoner\u00f3w, ale dla wszystkich mi\u0142o\u015bnik\u00f3w dobrego designu. Lekko napisany, bogato ilustrowany z praktycznymi poradami i wskaz\u00f3wkami. Zawiera informacje dla tych, kt\u00f3rzy poluj\u0105 na rynkach staroci, ale tak\u017ce tych, kt\u00f3rzy dopiero planuj\u0105 zacz\u0105\u0107 kolekcjonowanie dobrze zaprojektowanych, wsp\u00f3\u0142czesnych przedmiot\u00f3w u\u017cytkowych.<br \/>\nBeata Bochi\u0144ska \u2013 historyczka designu, specjalistka zarz\u0105dzania designem i rozwojem produktu, kolekcjonerka, by\u0142a prezes Instytutu Wzornictwa Przemys\u0142owego. Autorka kilkuset artyku\u0142\u00f3w specjalistycznych, raport\u00f3w i ksi\u0105\u017cek po\u015bwi\u0119conych designowi. Producentka i wsp\u00f3\u0142autorka film\u00f3w. Wyk\u0142adowczyni krytyki designu na Uniwersytecie Warszawskim i zarz\u0105dzania rozwojem nowego produktu w SGH w Warszawie. Kuratorka mi\u0119dzynarodowych wystaw, jurorka konkurs\u00f3w projektowych.<\/p>\n","protected":false},"excerpt":{"rendered":"<p>Autor: Beata Bochi\u0144ska Redakcja: Pluszka Adam Wydawca: Marginesy Oprawa: Mi\u0119kka [&hellip;]<\/p>\n","protected":false},"featured_media":8297,"template":"","meta":[],"product_brand":[],"product_cat":[38],"product_tag":[5814,179,3049],"class_list":{"0":"post-7027","1":"product","2":"type-product","3":"status-publish","4":"has-post-thumbnail","6":"product_cat-historia","7":"product_tag-design","8":"product_tag-projektowanie","9":"product_tag-sztuka-uzytkowa","11":"first","12":"outofstock","13":"sale","14":"shipping-taxable","15":"purchasable","16":"product-type-simple"},"_links":{"self":[{"href":"http:\/\/ksiegarnia-akademicka.pl\/index.php\/wp-json\/wp\/v2\/product\/7027","targetHints":{"allow":["GET"]}}],"collection":[{"href":"http:\/\/ksiegarnia-akademicka.pl\/index.php\/wp-json\/wp\/v2\/product"}],"about":[{"href":"http:\/\/ksiegarnia-akademicka.pl\/index.php\/wp-json\/wp\/v2\/types\/product"}],"wp:featuredmedia":[{"embeddable":true,"href":"http:\/\/ksiegarnia-akademicka.pl\/index.php\/wp-json\/wp\/v2\/media\/8297"}],"wp:attachment":[{"href":"http:\/\/ksiegarnia-akademicka.pl\/index.php\/wp-json\/wp\/v2\/media?parent=7027"}],"wp:term":[{"taxonomy":"product_brand","embeddable":true,"href":"http:\/\/ksiegarnia-akademicka.pl\/index.php\/wp-json\/wp\/v2\/product_brand?post=7027"},{"taxonomy":"product_cat","embeddable":true,"href":"http:\/\/ksiegarnia-akademicka.pl\/index.php\/wp-json\/wp\/v2\/product_cat?post=7027"},{"taxonomy":"product_tag","embeddable":true,"href":"http:\/\/ksiegarnia-akademicka.pl\/index.php\/wp-json\/wp\/v2\/product_tag?post=7027"}],"curies":[{"name":"wp","href":"https:\/\/api.w.org\/{rel}","templated":true}]}}