{"id":7017,"date":"2018-05-22T12:58:06","date_gmt":"2018-05-22T10:58:06","guid":{"rendered":"http:\/\/ksiegarnia-akademicka.pl\/index.php\/product\/elementy-kompozycji-urbanistycznej\/"},"modified":"2019-04-01T09:39:49","modified_gmt":"2019-04-01T07:39:49","slug":"elementy-kompozycji-urbanistycznej","status":"publish","type":"product","link":"http:\/\/ksiegarnia-akademicka.pl\/index.php\/product\/elementy-kompozycji-urbanistycznej\/","title":{"rendered":"Elementy kompozycji urbanistycznej"},"content":{"rendered":"<p>Autor:<br \/>\nKazimierz Wejchert<br \/>\nWydawca: Arkady<br \/>\nOprawa: Mi\u0119kka<br \/>\nFormat: 20.0&#215;28.0cm<br \/>\nLiczba stron: 280<br \/>\nRok wydania: 2016<br \/>\nJ\u0119zyk wydania: polski<\/p>\n<p>Tre\u015b\u0107 programowe:<br \/>\nMiasto &#8211; podstawowe poj\u0119cia. Podstawowe elementy kompozycji przestrzennej. Zasady kszta\u0142towania kompozycji formy urbanistycznej. Wn\u0119trze &#8211; podstawowa jednostka kompozycji przestrzennej. Elementy kompozycji teren\u00f3w zielonych w strukturze urbanistycznej. Warunki naturalne jako podstawa kompozycji miasta.<br \/>\n\u0106wiczenia klauzurowe \/rysunkowe\/ &#8211; ma\u0142e zadania projektowe dotycz\u0105ce operowania elementami struktury przestrzennej miasta.<\/p>\n","protected":false},"excerpt":{"rendered":"<p>Autor: Kazimierz Wejchert Wydawca: Arkady Oprawa: Mi\u0119kka Format: 20.0&#215;28.0cm Liczba [&hellip;]<\/p>\n","protected":false},"featured_media":10712,"template":"","meta":[],"product_brand":[],"product_cat":[7812],"product_tag":[193,3636,3856],"class_list":{"0":"post-7017","1":"product","2":"type-product","3":"status-publish","4":"has-post-thumbnail","6":"product_cat-architektura-i-budownictwo","7":"product_tag-architektura","8":"product_tag-miasto","9":"product_tag-urbanistyka","11":"first","12":"instock","13":"sale","14":"shipping-taxable","15":"purchasable","16":"product-type-simple"},"_links":{"self":[{"href":"http:\/\/ksiegarnia-akademicka.pl\/index.php\/wp-json\/wp\/v2\/product\/7017","targetHints":{"allow":["GET"]}}],"collection":[{"href":"http:\/\/ksiegarnia-akademicka.pl\/index.php\/wp-json\/wp\/v2\/product"}],"about":[{"href":"http:\/\/ksiegarnia-akademicka.pl\/index.php\/wp-json\/wp\/v2\/types\/product"}],"wp:featuredmedia":[{"embeddable":true,"href":"http:\/\/ksiegarnia-akademicka.pl\/index.php\/wp-json\/wp\/v2\/media\/10712"}],"wp:attachment":[{"href":"http:\/\/ksiegarnia-akademicka.pl\/index.php\/wp-json\/wp\/v2\/media?parent=7017"}],"wp:term":[{"taxonomy":"product_brand","embeddable":true,"href":"http:\/\/ksiegarnia-akademicka.pl\/index.php\/wp-json\/wp\/v2\/product_brand?post=7017"},{"taxonomy":"product_cat","embeddable":true,"href":"http:\/\/ksiegarnia-akademicka.pl\/index.php\/wp-json\/wp\/v2\/product_cat?post=7017"},{"taxonomy":"product_tag","embeddable":true,"href":"http:\/\/ksiegarnia-akademicka.pl\/index.php\/wp-json\/wp\/v2\/product_tag?post=7017"}],"curies":[{"name":"wp","href":"https:\/\/api.w.org\/{rel}","templated":true}]}}