{"id":7013,"date":"2018-05-22T12:58:05","date_gmt":"2018-05-22T10:58:05","guid":{"rendered":"http:\/\/ksiegarnia-akademicka.pl\/index.php\/product\/kiedy-warto-obrabowac-bank-oraz-131-innych-zakreconych-pomyslow-i-napadow-pozytywnego-belkotu\/"},"modified":"2018-05-22T12:58:05","modified_gmt":"2018-05-22T10:58:05","slug":"kiedy-warto-obrabowac-bank-oraz-131-innych-zakreconych-pomyslow-i-napadow-pozytywnego-belkotu","status":"publish","type":"product","link":"http:\/\/ksiegarnia-akademicka.pl\/index.php\/product\/kiedy-warto-obrabowac-bank-oraz-131-innych-zakreconych-pomyslow-i-napadow-pozytywnego-belkotu\/","title":{"rendered":"Kiedy warto obrabowa\u0107 bank oraz 131 innych zakr\u0119conych pomys\u0142\u00f3w i napad\u00f3w pozytywnego be\u0142kotu"},"content":{"rendered":"","protected":false},"excerpt":{"rendered":"","protected":false},"featured_media":0,"template":"","meta":[],"product_brand":[],"product_cat":[16],"product_tag":[337,4696],"class_list":{"0":"post-7013","1":"product","2":"type-product","3":"status-publish","5":"product_cat-ksiegarnia-akademicka-radom","6":"product_tag-ekonomia","7":"product_tag-felietony","9":"first","10":"instock","11":"shipping-taxable","12":"purchasable","13":"product-type-simple"},"_links":{"self":[{"href":"http:\/\/ksiegarnia-akademicka.pl\/index.php\/wp-json\/wp\/v2\/product\/7013","targetHints":{"allow":["GET"]}}],"collection":[{"href":"http:\/\/ksiegarnia-akademicka.pl\/index.php\/wp-json\/wp\/v2\/product"}],"about":[{"href":"http:\/\/ksiegarnia-akademicka.pl\/index.php\/wp-json\/wp\/v2\/types\/product"}],"wp:attachment":[{"href":"http:\/\/ksiegarnia-akademicka.pl\/index.php\/wp-json\/wp\/v2\/media?parent=7013"}],"wp:term":[{"taxonomy":"product_brand","embeddable":true,"href":"http:\/\/ksiegarnia-akademicka.pl\/index.php\/wp-json\/wp\/v2\/product_brand?post=7013"},{"taxonomy":"product_cat","embeddable":true,"href":"http:\/\/ksiegarnia-akademicka.pl\/index.php\/wp-json\/wp\/v2\/product_cat?post=7013"},{"taxonomy":"product_tag","embeddable":true,"href":"http:\/\/ksiegarnia-akademicka.pl\/index.php\/wp-json\/wp\/v2\/product_tag?post=7013"}],"curies":[{"name":"wp","href":"https:\/\/api.w.org\/{rel}","templated":true}]}}