{"id":6993,"date":"2018-05-22T12:58:00","date_gmt":"2018-05-22T10:58:00","guid":{"rendered":"http:\/\/ksiegarnia-akademicka.pl\/index.php\/product\/trwala-obecnosc-mitu-w-literaturze-i-kulturze\/"},"modified":"2018-05-22T12:58:00","modified_gmt":"2018-05-22T10:58:00","slug":"trwala-obecnosc-mitu-w-literaturze-i-kulturze","status":"publish","type":"product","link":"http:\/\/ksiegarnia-akademicka.pl\/index.php\/product\/trwala-obecnosc-mitu-w-literaturze-i-kulturze\/","title":{"rendered":"Trwa\u0142a obecno\u015b\u0107 mitu w literaturze i kulturze"},"content":{"rendered":"","protected":false},"excerpt":{"rendered":"","protected":false},"featured_media":0,"template":"","meta":[],"product_brand":[],"product_cat":[16],"product_tag":[5658,6924],"class_list":{"0":"post-6993","1":"product","2":"type-product","3":"status-publish","5":"product_cat-ksiegarnia-akademicka-radom","6":"product_tag-historia-literatury","7":"product_tag-teoria-literatury","9":"first","10":"instock","11":"shipping-taxable","12":"purchasable","13":"product-type-simple"},"_links":{"self":[{"href":"http:\/\/ksiegarnia-akademicka.pl\/index.php\/wp-json\/wp\/v2\/product\/6993","targetHints":{"allow":["GET"]}}],"collection":[{"href":"http:\/\/ksiegarnia-akademicka.pl\/index.php\/wp-json\/wp\/v2\/product"}],"about":[{"href":"http:\/\/ksiegarnia-akademicka.pl\/index.php\/wp-json\/wp\/v2\/types\/product"}],"wp:attachment":[{"href":"http:\/\/ksiegarnia-akademicka.pl\/index.php\/wp-json\/wp\/v2\/media?parent=6993"}],"wp:term":[{"taxonomy":"product_brand","embeddable":true,"href":"http:\/\/ksiegarnia-akademicka.pl\/index.php\/wp-json\/wp\/v2\/product_brand?post=6993"},{"taxonomy":"product_cat","embeddable":true,"href":"http:\/\/ksiegarnia-akademicka.pl\/index.php\/wp-json\/wp\/v2\/product_cat?post=6993"},{"taxonomy":"product_tag","embeddable":true,"href":"http:\/\/ksiegarnia-akademicka.pl\/index.php\/wp-json\/wp\/v2\/product_tag?post=6993"}],"curies":[{"name":"wp","href":"https:\/\/api.w.org\/{rel}","templated":true}]}}