{"id":6985,"date":"2018-05-22T12:57:59","date_gmt":"2018-05-22T10:57:59","guid":{"rendered":"http:\/\/ksiegarnia-akademicka.pl\/index.php\/product\/administracja-rzadowa-panstwa-czlonkowskiego-w-organach-przygotowawczych-rady-unii-europejskiej\/"},"modified":"2018-05-22T12:57:59","modified_gmt":"2018-05-22T10:57:59","slug":"administracja-rzadowa-panstwa-czlonkowskiego-w-organach-przygotowawczych-rady-unii-europejskiej","status":"publish","type":"product","link":"http:\/\/ksiegarnia-akademicka.pl\/index.php\/product\/administracja-rzadowa-panstwa-czlonkowskiego-w-organach-przygotowawczych-rady-unii-europejskiej\/","title":{"rendered":"Administracja rz\u0105dowa pa\u0144stwa cz\u0142onkowskiego w organach przygotowawczych Rady Unii Europejskiej"},"content":{"rendered":"","protected":false},"excerpt":{"rendered":"","protected":false},"featured_media":0,"template":"","meta":[],"product_brand":[],"product_cat":[16],"product_tag":[1100,7366,250],"class_list":{"0":"post-6985","1":"product","2":"type-product","3":"status-publish","5":"product_cat-ksiegarnia-akademicka-radom","6":"product_tag-prawo-unii-europejskiej","7":"product_tag-rada-unii-europejskiej","8":"product_tag-unia-europejska","10":"first","11":"instock","12":"shipping-taxable","13":"purchasable","14":"product-type-simple"},"_links":{"self":[{"href":"http:\/\/ksiegarnia-akademicka.pl\/index.php\/wp-json\/wp\/v2\/product\/6985","targetHints":{"allow":["GET"]}}],"collection":[{"href":"http:\/\/ksiegarnia-akademicka.pl\/index.php\/wp-json\/wp\/v2\/product"}],"about":[{"href":"http:\/\/ksiegarnia-akademicka.pl\/index.php\/wp-json\/wp\/v2\/types\/product"}],"wp:attachment":[{"href":"http:\/\/ksiegarnia-akademicka.pl\/index.php\/wp-json\/wp\/v2\/media?parent=6985"}],"wp:term":[{"taxonomy":"product_brand","embeddable":true,"href":"http:\/\/ksiegarnia-akademicka.pl\/index.php\/wp-json\/wp\/v2\/product_brand?post=6985"},{"taxonomy":"product_cat","embeddable":true,"href":"http:\/\/ksiegarnia-akademicka.pl\/index.php\/wp-json\/wp\/v2\/product_cat?post=6985"},{"taxonomy":"product_tag","embeddable":true,"href":"http:\/\/ksiegarnia-akademicka.pl\/index.php\/wp-json\/wp\/v2\/product_tag?post=6985"}],"curies":[{"name":"wp","href":"https:\/\/api.w.org\/{rel}","templated":true}]}}