{"id":6972,"date":"2018-05-22T12:57:57","date_gmt":"2018-05-22T10:57:57","guid":{"rendered":"http:\/\/ksiegarnia-akademicka.pl\/index.php\/product\/leasing-dla-przedsiebiorcy-jak-wybrac-i-rozliczac\/"},"modified":"2018-05-22T12:57:57","modified_gmt":"2018-05-22T10:57:57","slug":"leasing-dla-przedsiebiorcy-jak-wybrac-i-rozliczac","status":"publish","type":"product","link":"http:\/\/ksiegarnia-akademicka.pl\/index.php\/product\/leasing-dla-przedsiebiorcy-jak-wybrac-i-rozliczac\/","title":{"rendered":"Leasing dla przedsi\u0119biorcy Jak wybra\u0107 i rozlicza\u0107"},"content":{"rendered":"","protected":false},"excerpt":{"rendered":"","protected":false},"featured_media":0,"template":"","meta":[],"product_brand":[],"product_cat":[16],"product_tag":[4993,2156,709],"class_list":{"0":"post-6972","1":"product","2":"type-product","3":"status-publish","5":"product_cat-ksiegarnia-akademicka-radom","6":"product_tag-komentarze-i-opracowania-prawne","7":"product_tag-leasing","8":"product_tag-prawo-gospodarcze-i-handlowe","10":"first","11":"instock","12":"shipping-taxable","13":"purchasable","14":"product-type-simple"},"_links":{"self":[{"href":"http:\/\/ksiegarnia-akademicka.pl\/index.php\/wp-json\/wp\/v2\/product\/6972","targetHints":{"allow":["GET"]}}],"collection":[{"href":"http:\/\/ksiegarnia-akademicka.pl\/index.php\/wp-json\/wp\/v2\/product"}],"about":[{"href":"http:\/\/ksiegarnia-akademicka.pl\/index.php\/wp-json\/wp\/v2\/types\/product"}],"wp:attachment":[{"href":"http:\/\/ksiegarnia-akademicka.pl\/index.php\/wp-json\/wp\/v2\/media?parent=6972"}],"wp:term":[{"taxonomy":"product_brand","embeddable":true,"href":"http:\/\/ksiegarnia-akademicka.pl\/index.php\/wp-json\/wp\/v2\/product_brand?post=6972"},{"taxonomy":"product_cat","embeddable":true,"href":"http:\/\/ksiegarnia-akademicka.pl\/index.php\/wp-json\/wp\/v2\/product_cat?post=6972"},{"taxonomy":"product_tag","embeddable":true,"href":"http:\/\/ksiegarnia-akademicka.pl\/index.php\/wp-json\/wp\/v2\/product_tag?post=6972"}],"curies":[{"name":"wp","href":"https:\/\/api.w.org\/{rel}","templated":true}]}}