{"id":6948,"date":"2018-05-22T12:57:52","date_gmt":"2018-05-22T10:57:52","guid":{"rendered":"http:\/\/ksiegarnia-akademicka.pl\/index.php\/product\/pielegniarstwo-psychiatryczne\/"},"modified":"2020-01-25T12:46:03","modified_gmt":"2020-01-25T11:46:03","slug":"pielegniarstwo-psychiatryczne","status":"publish","type":"product","link":"http:\/\/ksiegarnia-akademicka.pl\/index.php\/product\/pielegniarstwo-psychiatryczne\/","title":{"rendered":"Piel\u0119gniarstwo psychiatryczne"},"content":{"rendered":"<p>Redakcja: G\u00f3rna Krystyna, Jaracz Krystyna, Rybakowski Janusz<br \/>\nWydawca: PZWL<br \/>\nOprawa: Mi\u0119kka<br \/>\nFormat: 16.5&#215;23.5cm<br \/>\nLiczba stron: 512<br \/>\nWydanie: 1<br \/>\nRok wydania: 2019<br \/>\nJ\u0119zyk wydania: polski<\/p>\n<p>Podr\u0119cznik obejmuje zagadnienia dotycz\u0105ce zaburze\u0144 psychicznych, opisane zgodnie z aktualnymi systemami diagnostycznymi ICD-10 i DSM-IV.<\/p>\n<p>W ksi\u0105\u017cce om\u00f3wiono:<br \/>\n&#8211; podstawy psychiatrii<br \/>\n&#8211; ocen\u0119 stanu psychicznego pacjenta oraz komunikowanie si\u0119 z osobami z zaburzeniami psychicznymi<br \/>\n&#8211; podstawy kliniczne zaburze\u0144 psychicznych i psychiatryczn\u0105 opiek\u0119 piel\u0119gniarsk\u0105<\/p>\n","protected":false},"excerpt":{"rendered":"<p>Redakcja: G\u00f3rna Krystyna, Jaracz Krystyna, Rybakowski Janusz Wydawca: PZWL Oprawa: [&hellip;]<\/p>\n","protected":false},"featured_media":12165,"template":"","meta":[],"product_brand":[],"product_cat":[7493,7965],"product_tag":[3994,4645,7355,269],"class_list":{"0":"post-6948","1":"product","2":"type-product","3":"status-publish","4":"has-post-thumbnail","6":"product_cat-medycyna","7":"product_cat-pielegniarstwo","8":"product_tag-medycyna","9":"product_tag-pielegniarstwo","10":"product_tag-pielegniarstwo-psychiatryczne","11":"product_tag-podrecznik-akademicki","13":"first","14":"instock","15":"sale","16":"shipping-taxable","17":"purchasable","18":"product-type-simple"},"_links":{"self":[{"href":"http:\/\/ksiegarnia-akademicka.pl\/index.php\/wp-json\/wp\/v2\/product\/6948","targetHints":{"allow":["GET"]}}],"collection":[{"href":"http:\/\/ksiegarnia-akademicka.pl\/index.php\/wp-json\/wp\/v2\/product"}],"about":[{"href":"http:\/\/ksiegarnia-akademicka.pl\/index.php\/wp-json\/wp\/v2\/types\/product"}],"wp:featuredmedia":[{"embeddable":true,"href":"http:\/\/ksiegarnia-akademicka.pl\/index.php\/wp-json\/wp\/v2\/media\/12165"}],"wp:attachment":[{"href":"http:\/\/ksiegarnia-akademicka.pl\/index.php\/wp-json\/wp\/v2\/media?parent=6948"}],"wp:term":[{"taxonomy":"product_brand","embeddable":true,"href":"http:\/\/ksiegarnia-akademicka.pl\/index.php\/wp-json\/wp\/v2\/product_brand?post=6948"},{"taxonomy":"product_cat","embeddable":true,"href":"http:\/\/ksiegarnia-akademicka.pl\/index.php\/wp-json\/wp\/v2\/product_cat?post=6948"},{"taxonomy":"product_tag","embeddable":true,"href":"http:\/\/ksiegarnia-akademicka.pl\/index.php\/wp-json\/wp\/v2\/product_tag?post=6948"}],"curies":[{"name":"wp","href":"https:\/\/api.w.org\/{rel}","templated":true}]}}