{"id":6945,"date":"2018-05-22T12:57:51","date_gmt":"2018-05-22T10:57:51","guid":{"rendered":"http:\/\/ksiegarnia-akademicka.pl\/index.php\/product\/postepowanie-w-sprawach-nieletnich-komentarz\/"},"modified":"2024-12-04T13:29:11","modified_gmt":"2024-12-04T12:29:11","slug":"postepowanie-w-sprawach-nieletnich-komentarz","status":"publish","type":"product","link":"http:\/\/ksiegarnia-akademicka.pl\/index.php\/product\/postepowanie-w-sprawach-nieletnich-komentarz\/","title":{"rendered":"Post\u0119powanie w sprawach nieletnich Komentarz"},"content":{"rendered":"<p>Autor:<br \/>\nPiotr G\u00f3recki<br \/>\nVioletta Konarska-Wrzosek<br \/>\nWydawca: Wolters Kluwer<br \/>\nOprawa: Twarda<br \/>\nLiczba stron: 592<br \/>\nWydanie: 2<br \/>\nRok wydania: 2019<br \/>\nJ\u0119zyk wydania: polski<\/p>\n<p>W komentarzu om\u00f3wiono zmiany wprowadzone w ustawie o post\u0119powaniu w sprawach nieletnich w 2017 r., w tym m.in. rozszerzaj\u0105ce katalog przest\u0119pstw:<\/p>\n<p>&#8211; kt\u00f3rych pope\u0142nienie w okresie pr\u00f3by stanowi podstaw\u0119 do obligatoryjnego odwo\u0142ania przez s\u0105d rodzinny warunkowego zawieszenia wykonania orzeczonego \u015brodka poprawczego i zarz\u0105dzenia umieszczenia nieletniego w zak\u0142adzie poprawczym;<br \/>\n&#8211; kt\u00f3rych pope\u0142nienie mo\u017ce stanowi\u0107 dodatkow\u0105, wyj\u0105tkow\u0105 podstaw\u0119 do umieszczenia nieletniego w schronisku dla nieletnich;<br \/>\n&#8211; pope\u0142nionych przez wychowanka zak\u0142adu poprawczego, kt\u00f3re mog\u0105 stanowi\u0107 podstaw\u0119 do przeniesienia nieletniego do zak\u0142adu poprawczego o wzmo\u017conym nadzorze wychowawczym.<br \/>\nW publikacji dodatkowo zamieszczono najwa\u017cniejsze przepisy wykonawcze do komentowanej ustawy oraz komentarz do art. 10 k.k., kt\u00f3ry uzupe\u0142nia regulacj\u0119 ustawy o post\u0119powaniu w sprawach nieletnich o przepisy dopuszczaj\u0105ce wyj\u0105tkow\u0105 mo\u017cliwo\u015b\u0107 poci\u0105gni\u0119cia nieletnich, maj\u0105cych uko\u0144czone 15 lat, do odpowiedzialno\u015bci karnej.<\/p>\n","protected":false},"excerpt":{"rendered":"<p>Autor: Piotr G\u00f3recki Violetta Konarska-Wrzosek Wydawca: Wolters Kluwer Oprawa: Twarda [&hellip;]<\/p>\n","protected":false},"featured_media":11139,"template":"","meta":[],"product_brand":[],"product_cat":[7491,18],"product_tag":[4993,4584,4603],"class_list":{"0":"post-6945","1":"product","2":"type-product","3":"status-publish","4":"has-post-thumbnail","6":"product_cat-cywilne","7":"product_cat-prawo","8":"product_tag-komentarze-i-opracowania-prawne","9":"product_tag-prawo-rodzinne-i-opiekuncze","10":"product_tag-seria-komentarze-praktyczne","12":"first","13":"instock","14":"sale","15":"shipping-taxable","16":"purchasable","17":"product-type-simple"},"_links":{"self":[{"href":"http:\/\/ksiegarnia-akademicka.pl\/index.php\/wp-json\/wp\/v2\/product\/6945","targetHints":{"allow":["GET"]}}],"collection":[{"href":"http:\/\/ksiegarnia-akademicka.pl\/index.php\/wp-json\/wp\/v2\/product"}],"about":[{"href":"http:\/\/ksiegarnia-akademicka.pl\/index.php\/wp-json\/wp\/v2\/types\/product"}],"wp:featuredmedia":[{"embeddable":true,"href":"http:\/\/ksiegarnia-akademicka.pl\/index.php\/wp-json\/wp\/v2\/media\/11139"}],"wp:attachment":[{"href":"http:\/\/ksiegarnia-akademicka.pl\/index.php\/wp-json\/wp\/v2\/media?parent=6945"}],"wp:term":[{"taxonomy":"product_brand","embeddable":true,"href":"http:\/\/ksiegarnia-akademicka.pl\/index.php\/wp-json\/wp\/v2\/product_brand?post=6945"},{"taxonomy":"product_cat","embeddable":true,"href":"http:\/\/ksiegarnia-akademicka.pl\/index.php\/wp-json\/wp\/v2\/product_cat?post=6945"},{"taxonomy":"product_tag","embeddable":true,"href":"http:\/\/ksiegarnia-akademicka.pl\/index.php\/wp-json\/wp\/v2\/product_tag?post=6945"}],"curies":[{"name":"wp","href":"https:\/\/api.w.org\/{rel}","templated":true}]}}