{"id":6919,"date":"2018-05-22T12:57:46","date_gmt":"2018-05-22T10:57:46","guid":{"rendered":"http:\/\/ksiegarnia-akademicka.pl\/index.php\/product\/biologia-campbella\/"},"modified":"2023-10-12T08:58:22","modified_gmt":"2023-10-12T06:58:22","slug":"biologia-campbella","status":"publish","type":"product","link":"http:\/\/ksiegarnia-akademicka.pl\/index.php\/product\/biologia-campbella\/","title":{"rendered":"Biologia Campbella"},"content":{"rendered":"<p>Redakcja: Bandel El\u017cbieta<br \/>\nT\u0142umacze: dr hab. Dabert Miros\u0142awa, prof. dr hab. Dabert Jacek<br \/>\nWydawca: Rebis<br \/>\nOprawa: Twarda<br \/>\nFormat: 23.0&#215;28.0cm<br \/>\nLiczba stron: 1488<br \/>\nWydanie: 3<br \/>\nRok wydania: 2023<br \/>\nJ\u0119zyk wydania: polski<\/p>\n<p>NAJLEPIEJ SPRZEDAJ\u0104CY SI\u0118 PODR\u0118CZNIK BIOLOGII NA \u015aWIECIE.<br \/>\nTrzecia polska edycja fenomenalnego podr\u0119cznika biologii opracowanego przez zesp\u00f3\u0142 s\u0142ynnych biolog\u00f3w ameryka\u0144skich. Logiczny, \u015bwietnie przemy\u015blany uk\u0142ad materia\u0142u, kilkadziesi\u0105t nowych, doskona\u0142ych ilustracji, rzetelne opracowanie i przyst\u0119pny j\u0119zyk, to niezaprzeczalne atuty tej niezwyk\u0142ej ksi\u0105\u017cki, kt\u00f3rej poprzednie wydania ciesz\u0105 si\u0119 doskona\u0142\u0105 opini\u0105 w\u015br\u00f3d nauczycieli, student\u00f3w i uczni\u00f3w.<br \/>\nTo wydanie \u2013 zmienione, unowocze\u015bnione i znacznie poszerzone \u2013 zawiera najnowsze odkrycia i wyniki bada\u0144, szczeg\u00f3lnie w takich dynamicznie rozwijaj\u0105cych si\u0119 dziedzinach jak genetyka, ewolucja i ekologia.<br \/>\nPodr\u0119cznik stanowi nieodzown\u0105 pomoc dla uczni\u00f3w i student\u00f3w kierunk\u00f3w medycznych i biologiczno-chemicznych ale jest tak\u017ce pasjonuj\u0105c\u0105 lektur\u0105 dla wszystkich tych, kt\u00f3rzy po prostu s\u0105 ciekawi \u015bwiata i rz\u0105dz\u0105cych nim mechanizm\u00f3w.<\/p>\n","protected":false},"excerpt":{"rendered":"<p>Redakcja: Bandel El\u017cbieta T\u0142umacze: dr hab. Dabert Miros\u0142awa, prof. dr [&hellip;]<\/p>\n","protected":false},"featured_media":16750,"template":"","meta":[],"product_brand":[],"product_cat":[7964,7493],"product_tag":[4390,269],"class_list":{"0":"post-6919","1":"product","2":"type-product","3":"status-publish","4":"has-post-thumbnail","6":"product_cat-biochemia","7":"product_cat-medycyna","8":"product_tag-biologia","9":"product_tag-podrecznik-akademicki","11":"first","12":"instock","13":"sale","14":"shipping-taxable","15":"purchasable","16":"product-type-simple"},"_links":{"self":[{"href":"http:\/\/ksiegarnia-akademicka.pl\/index.php\/wp-json\/wp\/v2\/product\/6919","targetHints":{"allow":["GET"]}}],"collection":[{"href":"http:\/\/ksiegarnia-akademicka.pl\/index.php\/wp-json\/wp\/v2\/product"}],"about":[{"href":"http:\/\/ksiegarnia-akademicka.pl\/index.php\/wp-json\/wp\/v2\/types\/product"}],"wp:featuredmedia":[{"embeddable":true,"href":"http:\/\/ksiegarnia-akademicka.pl\/index.php\/wp-json\/wp\/v2\/media\/16750"}],"wp:attachment":[{"href":"http:\/\/ksiegarnia-akademicka.pl\/index.php\/wp-json\/wp\/v2\/media?parent=6919"}],"wp:term":[{"taxonomy":"product_brand","embeddable":true,"href":"http:\/\/ksiegarnia-akademicka.pl\/index.php\/wp-json\/wp\/v2\/product_brand?post=6919"},{"taxonomy":"product_cat","embeddable":true,"href":"http:\/\/ksiegarnia-akademicka.pl\/index.php\/wp-json\/wp\/v2\/product_cat?post=6919"},{"taxonomy":"product_tag","embeddable":true,"href":"http:\/\/ksiegarnia-akademicka.pl\/index.php\/wp-json\/wp\/v2\/product_tag?post=6919"}],"curies":[{"name":"wp","href":"https:\/\/api.w.org\/{rel}","templated":true}]}}