{"id":688,"date":"2018-05-22T12:41:56","date_gmt":"2018-05-22T10:41:56","guid":{"rendered":"http:\/\/ksiegarnia-akademicka.pl\/index.php\/product\/zadania-projektowe-z-teorii-sterowania-czesc-2\/"},"modified":"2021-10-21T10:04:56","modified_gmt":"2021-10-21T08:04:56","slug":"zadania-projektowe-z-teorii-sterowania-czesc-2","status":"publish","type":"product","link":"http:\/\/ksiegarnia-akademicka.pl\/index.php\/product\/zadania-projektowe-z-teorii-sterowania-czesc-2\/","title":{"rendered":"Zadania projektowe z teorii sterowania cz\u0119\u015b\u0107 2 UK\u0141ADY WIELOWYMIAROWE, LINIOWE UK\u0141ADY IMPULSOWE, NIELINIOWE UK\u0141ADY STEROWANIA"},"content":{"rendered":"<p>Miros\u0142aw Luft, Konrad Krzysztoszek, Dariusz Podsiad\u0142y, Daniel Pietruszczak<br \/>\n2007, wyd. I, format B5, stron 230,<\/p>\n<p>W skrypcie zawarto zadania projektowe z zakresu teorii sterowania, obejmuj\u0105cych liniowe uk\u0142ady wielowymiarowe, liniowe uk\u0142ady impulsowe oraz nieliniowe uk\u0142ady sterowania- z odpowiednio wybranym i przystosowanym aparatem matematycznym. W ka\u017cdym rozdziale zamieszczono niezb\u0119dne zagadnienia teoretyczne, pomocne w rozwi\u0105zywaniu zada\u0144 z danego zakresu. Na ko\u0144cu ka\u017cdego rozdzia\u0142u podano zestaw zada\u0144 do samodzielnego rozwi\u0105zania, umo\u017cliwiaj\u0105cych studentom samokontrol\u0119 przyswajania i zrozumienia danej partii materia\u0142u.<\/p>\n","protected":false},"excerpt":{"rendered":"<p>Miros\u0142aw Luft, Konrad Krzysztoszek, Dariusz Podsiad\u0142y, Daniel Pietruszczak 2007, wyd. [&hellip;]<\/p>\n","protected":false},"featured_media":8722,"template":"","meta":[],"product_brand":[],"product_cat":[7526,43],"product_tag":[5096,79,1836,1835,7590],"class_list":{"0":"post-688","1":"product","2":"type-product","3":"status-publish","4":"has-post-thumbnail","6":"product_cat-automatyka-elektronika-telekomunikacja","7":"product_cat-wydawnictwo-uth","8":"product_tag-laboratoria","9":"product_tag-skrypty-uth","10":"product_tag-uklady-impulsowe","11":"product_tag-uklady-wielowymiarowe","12":"product_tag-zadania-projektowe","14":"first","15":"outofstock","16":"shipping-taxable","17":"purchasable","18":"product-type-simple"},"_links":{"self":[{"href":"http:\/\/ksiegarnia-akademicka.pl\/index.php\/wp-json\/wp\/v2\/product\/688","targetHints":{"allow":["GET"]}}],"collection":[{"href":"http:\/\/ksiegarnia-akademicka.pl\/index.php\/wp-json\/wp\/v2\/product"}],"about":[{"href":"http:\/\/ksiegarnia-akademicka.pl\/index.php\/wp-json\/wp\/v2\/types\/product"}],"wp:featuredmedia":[{"embeddable":true,"href":"http:\/\/ksiegarnia-akademicka.pl\/index.php\/wp-json\/wp\/v2\/media\/8722"}],"wp:attachment":[{"href":"http:\/\/ksiegarnia-akademicka.pl\/index.php\/wp-json\/wp\/v2\/media?parent=688"}],"wp:term":[{"taxonomy":"product_brand","embeddable":true,"href":"http:\/\/ksiegarnia-akademicka.pl\/index.php\/wp-json\/wp\/v2\/product_brand?post=688"},{"taxonomy":"product_cat","embeddable":true,"href":"http:\/\/ksiegarnia-akademicka.pl\/index.php\/wp-json\/wp\/v2\/product_cat?post=688"},{"taxonomy":"product_tag","embeddable":true,"href":"http:\/\/ksiegarnia-akademicka.pl\/index.php\/wp-json\/wp\/v2\/product_tag?post=688"}],"curies":[{"name":"wp","href":"https:\/\/api.w.org\/{rel}","templated":true}]}}