{"id":6851,"date":"2018-05-22T12:57:33","date_gmt":"2018-05-22T10:57:33","guid":{"rendered":"http:\/\/ksiegarnia-akademicka.pl\/index.php\/product\/uklady-elektroniczne-dla-studentow-wydzialu-transportu-materialy-pomocnicze-do-wykladu-i-laboratorium\/"},"modified":"2018-07-20T09:14:23","modified_gmt":"2018-07-20T07:14:23","slug":"uklady-elektroniczne-dla-studentow-wydzialu-transportu-materialy-pomocnicze-do-wykladu-i-laboratorium","status":"publish","type":"product","link":"http:\/\/ksiegarnia-akademicka.pl\/index.php\/product\/uklady-elektroniczne-dla-studentow-wydzialu-transportu-materialy-pomocnicze-do-wykladu-i-laboratorium\/","title":{"rendered":"Uk\u0142ady elektroniczne dla student\u00f3w wydzia\u0142u transportu. Materia\u0142y pomocnicze do wyk\u0142adu i laboratorium"},"content":{"rendered":"<p>Andrzej Lewi\u0144ski, Piotr Bojarczak, Tomasz Perzy\u0144ski<br \/>\n2015, wyd. I,<\/p>\n<p>W podr\u0119czniku zaprezentowano: podstawy teoretyczne i og\u00f3ln\u0105 charakterystyk\u0119: typowych uk\u0142ad\u00f3w elektronicznych, r\u00f3\u017cnego typu wzmacniaczy, podstawowych uk\u0142ad\u00f3w impulsowych, podstawowych uk\u0142ad\u00f3w generator\u00f3w przebieg\u00f3w prostok\u0105tnych i tr\u00f3jk\u0105tnych oraz techniki cyfrowej. \u0106wiczenia laboratoryjne zosta\u0142y opracowane z wykorzystaniem modu\u0142\u00f3w i element\u00f3w firmy Leybold Didactic Mobiliar GmbH. Ksi\u0105\u017cka jest przeznaczona g\u0142\u00f3wnie dla specjalno\u015bci sterowanie ruchem w transporcie a tak\u017ce specjalno\u015bci zwi\u0105zanych z aparatur\u0105 pomiarowo-diagnostyczn\u0105 w transporcie i automatyzacj\u0105 proces\u00f3w transportowych.<\/p>\n","protected":false},"excerpt":{"rendered":"<p>Andrzej Lewi\u0144ski, Piotr Bojarczak, Tomasz Perzy\u0144ski 2015, wyd. I, W [&hellip;]<\/p>\n","protected":false},"featured_media":8110,"template":"","meta":[],"product_brand":[],"product_cat":[7526,43],"product_tag":[120,5096,79],"class_list":{"0":"post-6851","1":"product","2":"type-product","3":"status-publish","4":"has-post-thumbnail","6":"product_cat-automatyka-elektronika-telekomunikacja","7":"product_cat-wydawnictwo-uth","8":"product_tag-elektronika","9":"product_tag-laboratoria","10":"product_tag-skrypty-uth","12":"first","13":"instock","14":"shipping-taxable","15":"purchasable","16":"product-type-simple"},"_links":{"self":[{"href":"http:\/\/ksiegarnia-akademicka.pl\/index.php\/wp-json\/wp\/v2\/product\/6851","targetHints":{"allow":["GET"]}}],"collection":[{"href":"http:\/\/ksiegarnia-akademicka.pl\/index.php\/wp-json\/wp\/v2\/product"}],"about":[{"href":"http:\/\/ksiegarnia-akademicka.pl\/index.php\/wp-json\/wp\/v2\/types\/product"}],"wp:featuredmedia":[{"embeddable":true,"href":"http:\/\/ksiegarnia-akademicka.pl\/index.php\/wp-json\/wp\/v2\/media\/8110"}],"wp:attachment":[{"href":"http:\/\/ksiegarnia-akademicka.pl\/index.php\/wp-json\/wp\/v2\/media?parent=6851"}],"wp:term":[{"taxonomy":"product_brand","embeddable":true,"href":"http:\/\/ksiegarnia-akademicka.pl\/index.php\/wp-json\/wp\/v2\/product_brand?post=6851"},{"taxonomy":"product_cat","embeddable":true,"href":"http:\/\/ksiegarnia-akademicka.pl\/index.php\/wp-json\/wp\/v2\/product_cat?post=6851"},{"taxonomy":"product_tag","embeddable":true,"href":"http:\/\/ksiegarnia-akademicka.pl\/index.php\/wp-json\/wp\/v2\/product_tag?post=6851"}],"curies":[{"name":"wp","href":"https:\/\/api.w.org\/{rel}","templated":true}]}}