{"id":6796,"date":"2018-05-22T12:57:23","date_gmt":"2018-05-22T10:57:23","guid":{"rendered":"http:\/\/ksiegarnia-akademicka.pl\/index.php\/product\/public-relations-od-a-do-z-analiza-sytuacji-wyjsciowej-planowanie-dzialalnosci\/"},"modified":"2018-07-23T12:05:33","modified_gmt":"2018-07-23T10:05:33","slug":"public-relations-od-a-do-z-analiza-sytuacji-wyjsciowej-planowanie-dzialalnosci","status":"publish","type":"product","link":"http:\/\/ksiegarnia-akademicka.pl\/index.php\/product\/public-relations-od-a-do-z-analiza-sytuacji-wyjsciowej-planowanie-dzialalnosci\/","title":{"rendered":"Public relations od A do Z. Analiza sytuacji wyj\u015bciowej planowanie dzia\u0142alno\u015bci"},"content":{"rendered":"<p>Autorzy:  Wojcik Krystyna <\/p>\n<p>Wydawca:  Agencja Wydawnicza Placet. <\/p>\n<p>ISBN:  83-85428-61-5<br \/>\nMiejsce i rok wydania:  Warszawa 2001<br \/>\nWydanie:  II<br \/>\nIlo\u015b\u0107 stron:  367<br \/>\nFormat  B5<\/p>\n","protected":false},"excerpt":{"rendered":"<p>Autorzy: Wojcik Krystyna Wydawca: Agencja Wydawnicza Placet. ISBN: 83-85428-61-5 Miejsce [&hellip;]<\/p>\n","protected":false},"featured_media":8171,"template":"","meta":[],"product_brand":[],"product_cat":[29],"product_tag":[2158],"class_list":{"0":"post-6796","1":"product","2":"type-product","3":"status-publish","4":"has-post-thumbnail","6":"product_cat-marketing-i-reklama","7":"product_tag-public-relations","9":"first","10":"instock","11":"sale","12":"shipping-taxable","13":"purchasable","14":"product-type-simple"},"_links":{"self":[{"href":"http:\/\/ksiegarnia-akademicka.pl\/index.php\/wp-json\/wp\/v2\/product\/6796","targetHints":{"allow":["GET"]}}],"collection":[{"href":"http:\/\/ksiegarnia-akademicka.pl\/index.php\/wp-json\/wp\/v2\/product"}],"about":[{"href":"http:\/\/ksiegarnia-akademicka.pl\/index.php\/wp-json\/wp\/v2\/types\/product"}],"wp:featuredmedia":[{"embeddable":true,"href":"http:\/\/ksiegarnia-akademicka.pl\/index.php\/wp-json\/wp\/v2\/media\/8171"}],"wp:attachment":[{"href":"http:\/\/ksiegarnia-akademicka.pl\/index.php\/wp-json\/wp\/v2\/media?parent=6796"}],"wp:term":[{"taxonomy":"product_brand","embeddable":true,"href":"http:\/\/ksiegarnia-akademicka.pl\/index.php\/wp-json\/wp\/v2\/product_brand?post=6796"},{"taxonomy":"product_cat","embeddable":true,"href":"http:\/\/ksiegarnia-akademicka.pl\/index.php\/wp-json\/wp\/v2\/product_cat?post=6796"},{"taxonomy":"product_tag","embeddable":true,"href":"http:\/\/ksiegarnia-akademicka.pl\/index.php\/wp-json\/wp\/v2\/product_tag?post=6796"}],"curies":[{"name":"wp","href":"https:\/\/api.w.org\/{rel}","templated":true}]}}