{"id":6779,"date":"2018-05-22T12:57:20","date_gmt":"2018-05-22T10:57:20","guid":{"rendered":"http:\/\/ksiegarnia-akademicka.pl\/index.php\/product\/zarzadzanie-biznesem-i-samym-soba-pol-zartem-pol-serio\/"},"modified":"2018-12-14T16:11:00","modified_gmt":"2018-12-14T15:11:00","slug":"zarzadzanie-biznesem-i-samym-soba-pol-zartem-pol-serio","status":"publish","type":"product","link":"http:\/\/ksiegarnia-akademicka.pl\/index.php\/product\/zarzadzanie-biznesem-i-samym-soba-pol-zartem-pol-serio\/","title":{"rendered":"Zarz\u0105dzanie biznesem i samym sob\u0105 p\u00f3\u0142 \u017cartem p\u00f3\u0142 serio"},"content":{"rendered":"<p>Autor:<br \/>\nHenryk Bieniok<br \/>\nWydawca: Difin<br \/>\nOprawa: Mi\u0119kka<br \/>\nFormat: 16.0&#215;23.0cm<br \/>\nLiczba stron: 284<br \/>\nRok wydania: 2015<\/p>\n<p>Ta niezwyk\u0142a ksi\u0105\u017cka jest idealnym prezentem dla siebie samego.<br \/>\nJest doskona\u0142ym prezentem dla bliskiej osoby.<br \/>\nJest wymarzonym prezentem dla szefa.<\/p>\n<p>Autor dedykuje j\u0105 wszystkim:<\/p>\n<p>chaotycznym, niezorganizowanym i nieefektywnym, kt\u00f3rzy bardzo szybko i du\u017co pracuj\u0105, ale nie potrafi\u0105 skupi\u0107 si\u0119 na tym, co w \u017cyciu jest najwa\u017cniejsze,<br \/>\nnieporadnym i lekkomy\u015blnym, kt\u00f3rzy nie potrafi\u0105 odnale\u017a\u0107 si\u0119 w dzisiejszym \u015bwiecie i zrezygnowali ju\u017c z w\u0142asnego szcz\u0119\u015bcia oraz uszcz\u0119\u015bliwiania innych,<br \/>\nnieudacznikom i leniwym, kt\u00f3rzy uznali, \u017ce \u017cycie jest zbyt kr\u00f3tkie, aby cokolwiek robi\u0107 dla siebie i dla bli\u017anich,<br \/>\nzabawiaj\u0105cym si\u0119 bez przerwy swymi gad\u017cetami elektronicznymi, kt\u00f3rzy przez to nie maj\u0105 ju\u017c czasu na nic innego, bardziej po\u017cytecznego,<br \/>\nprzepracowanym, kt\u00f3rzy zagubili si\u0119 w pracy do tego stopnia, \u017ce zapomnieli o sobie i rodzinie.<\/p>\n<p>Mam nadziej\u0119, \u017ce ksi\u0105\u017cka podpowie wszystkim zainteresowanym, jak skuteczniej pracowa\u0107 na sw\u00f3j sukces w \u017cyciu osobistym i zawodowym oraz jak by\u0107 szcz\u0119\u015bliwym.<\/p>\n<p>Autor dostarczy\u0142 Czytelnikom ksi\u0105\u017ck\u0119 zapewniaj\u0105c\u0105 nie tylko podstawow\u0105 wiedz\u0119 z zakresu zarz\u0105dzania i odpowiednie warto\u015bci praktyczne w tym wzgl\u0119dzie, ale tak\u017ce intelektualn\u0105 rozrywk\u0119 w postaci opis\u00f3w przypadk\u00f3w, powiedzonek s\u0142awnych ludzi, przys\u0142\u00f3w ludowych, minitest\u00f3w, a nawet zabawnych wierszyk\u00f3w z tym zwi\u0105zanych. Wszystkie one pr\u00f3buj\u0105 nawi\u0105zywa\u0107 do r\u00f3\u017cnych aspekt\u00f3w zarz\u0105dzania, w zwi\u0105zku z czym mo\u017cna si\u0119 z nich du\u017co nauczy\u0107. Dotychczas nie ma na rynku polskim takiej pozycji z zakresu zarz\u0105dzania.<\/p>\n","protected":false},"excerpt":{"rendered":"<p>Autor: Henryk Bieniok Wydawca: Difin Oprawa: Mi\u0119kka Format: 16.0&#215;23.0cm Liczba [&hellip;]<\/p>\n","protected":false},"featured_media":8239,"template":"","meta":[],"product_brand":[],"product_cat":[32,7511,30],"product_tag":[1802,541,7605],"class_list":{"0":"post-6779","1":"product","2":"type-product","3":"status-publish","4":"has-post-thumbnail","6":"product_cat-biznes","7":"product_cat-kierowanie-i-zarzadzanie","8":"product_cat-zarzadzanie","9":"product_tag-biznes","10":"product_tag-zarzadzanie","11":"product_tag-zasoby-ludzkie","13":"first","14":"instock","15":"sale","16":"shipping-taxable","17":"purchasable","18":"product-type-simple"},"_links":{"self":[{"href":"http:\/\/ksiegarnia-akademicka.pl\/index.php\/wp-json\/wp\/v2\/product\/6779","targetHints":{"allow":["GET"]}}],"collection":[{"href":"http:\/\/ksiegarnia-akademicka.pl\/index.php\/wp-json\/wp\/v2\/product"}],"about":[{"href":"http:\/\/ksiegarnia-akademicka.pl\/index.php\/wp-json\/wp\/v2\/types\/product"}],"wp:featuredmedia":[{"embeddable":true,"href":"http:\/\/ksiegarnia-akademicka.pl\/index.php\/wp-json\/wp\/v2\/media\/8239"}],"wp:attachment":[{"href":"http:\/\/ksiegarnia-akademicka.pl\/index.php\/wp-json\/wp\/v2\/media?parent=6779"}],"wp:term":[{"taxonomy":"product_brand","embeddable":true,"href":"http:\/\/ksiegarnia-akademicka.pl\/index.php\/wp-json\/wp\/v2\/product_brand?post=6779"},{"taxonomy":"product_cat","embeddable":true,"href":"http:\/\/ksiegarnia-akademicka.pl\/index.php\/wp-json\/wp\/v2\/product_cat?post=6779"},{"taxonomy":"product_tag","embeddable":true,"href":"http:\/\/ksiegarnia-akademicka.pl\/index.php\/wp-json\/wp\/v2\/product_tag?post=6779"}],"curies":[{"name":"wp","href":"https:\/\/api.w.org\/{rel}","templated":true}]}}