{"id":6702,"date":"2018-05-22T12:57:06","date_gmt":"2018-05-22T10:57:06","guid":{"rendered":"http:\/\/ksiegarnia-akademicka.pl\/index.php\/product\/postepowanie-karne-2\/"},"modified":"2018-12-11T14:53:35","modified_gmt":"2018-12-11T13:53:35","slug":"postepowanie-karne-2","status":"publish","type":"product","link":"http:\/\/ksiegarnia-akademicka.pl\/index.php\/product\/postepowanie-karne-2\/","title":{"rendered":"Post\u0119powanie karne"},"content":{"rendered":"<p>Autor:<br \/>\nWojciech Jasi\u0144ski<br \/>\nKatarzyna T. Boraty\u0144ska<br \/>\n\u0141ukasz Chojniak<br \/>\nWydawca: C.H. Beck<br \/>\nOprawa: Mi\u0119kka<br \/>\nFormat: 13.0&#215;22.0cm<br \/>\nLiczba stron: 786<br \/>\nWydanie: 3<br \/>\nRok wydania: 2018<\/p>\n<p>Podr\u0119cznik &#8222;Post\u0119powanie karne&#8221; w spos\u00f3b kompleksowy, zwi\u0119z\u0142y i przyst\u0119pny omawia wszystkie najwa\u017cniejsze zagadnienia dotycz\u0105ce polskiego procesu karnego.<\/p>\n<p>Autorzy w poszczeg\u00f3lnych rozdzia\u0142ach omawiaj\u0105 zar\u00f3wno unormowania, kt\u00f3re nie uleg\u0142y zmianom jak i te, kt\u00f3re poddano, cz\u0119sto daleko id\u0105cym, modyfikacjom. Podr\u0119cznik stanowi w tym kontek\u015bcie przewodnik pomagaj\u0105cy zrozumie\u0107 istot\u0119 wprowadzonych nowelizacji i wskazuj\u0105cy na mo\u017cliwy spos\u00f3b interpretacji nowych unormowa\u0144 karnoprocesowych. W publikacji po\u0142o\u017cono nacisk na przedstawienie przebiegu post\u0119powania karnego i praktycznych aspekt\u00f3w funkcjonowania prawa karnego procesowego, przez co ograniczone zosta\u0142y rozwa\u017cania o charakterze teoretycznym. Nie oznacza to jednak zaniechania przedstawienia dorobku teoretycznego doktryny prawa karnego procesowego.<\/p>\n<p>Podr\u0119cznik skierowany jest przede wszystkim do student\u00f3w studi\u00f3w prawniczych. Z powodzeniem jednak mo\u017ce s\u0142u\u017cy\u0107 tak\u017ce jako pomoc do nauki podstaw procesu karnego na innych kierunkach studi\u00f3w. Opracowanie mo\u017ce okaza\u0107 si\u0119 r\u00f3wnie\u017c pomocne dla absolwent\u00f3w studi\u00f3w prawniczych przygotowuj\u0105cym si\u0119 do egzaminu na aplikacje prawnicze, jak i aplikant\u00f3w w trakcie ich nauki.<\/p>\n","protected":false},"excerpt":{"rendered":"<p>Autor: Wojciech Jasi\u0144ski Katarzyna T. Boraty\u0144ska \u0141ukasz Chojniak Wydawca: C.H. [&hellip;]<\/p>\n","protected":false},"featured_media":9424,"template":"","meta":[],"product_brand":[],"product_cat":[7490,18],"product_tag":[259,331,698,296,5445],"class_list":{"0":"post-6702","1":"product","2":"type-product","3":"status-publish","4":"has-post-thumbnail","6":"product_cat-karne","7":"product_cat-prawo","8":"product_tag-podreczniki-akademickie","9":"product_tag-postepowanie-karne","10":"product_tag-prawo-i-postepowanie-karne","11":"product_tag-prawo-karne","12":"product_tag-seria-studia-prawnicze","14":"first","15":"instock","16":"sale","17":"shipping-taxable","18":"purchasable","19":"product-type-simple"},"_links":{"self":[{"href":"http:\/\/ksiegarnia-akademicka.pl\/index.php\/wp-json\/wp\/v2\/product\/6702","targetHints":{"allow":["GET"]}}],"collection":[{"href":"http:\/\/ksiegarnia-akademicka.pl\/index.php\/wp-json\/wp\/v2\/product"}],"about":[{"href":"http:\/\/ksiegarnia-akademicka.pl\/index.php\/wp-json\/wp\/v2\/types\/product"}],"wp:featuredmedia":[{"embeddable":true,"href":"http:\/\/ksiegarnia-akademicka.pl\/index.php\/wp-json\/wp\/v2\/media\/9424"}],"wp:attachment":[{"href":"http:\/\/ksiegarnia-akademicka.pl\/index.php\/wp-json\/wp\/v2\/media?parent=6702"}],"wp:term":[{"taxonomy":"product_brand","embeddable":true,"href":"http:\/\/ksiegarnia-akademicka.pl\/index.php\/wp-json\/wp\/v2\/product_brand?post=6702"},{"taxonomy":"product_cat","embeddable":true,"href":"http:\/\/ksiegarnia-akademicka.pl\/index.php\/wp-json\/wp\/v2\/product_cat?post=6702"},{"taxonomy":"product_tag","embeddable":true,"href":"http:\/\/ksiegarnia-akademicka.pl\/index.php\/wp-json\/wp\/v2\/product_tag?post=6702"}],"curies":[{"name":"wp","href":"https:\/\/api.w.org\/{rel}","templated":true}]}}