{"id":6588,"date":"2018-05-22T12:56:45","date_gmt":"2018-05-22T10:56:45","guid":{"rendered":"http:\/\/ksiegarnia-akademicka.pl\/index.php\/product\/kodeks-postepowania-administracyjnego-orzecznictwo-aplikanta\/"},"modified":"2025-12-03T12:41:40","modified_gmt":"2025-12-03T11:41:40","slug":"kodeks-postepowania-administracyjnego-orzecznictwo-aplikanta","status":"publish","type":"product","link":"http:\/\/ksiegarnia-akademicka.pl\/index.php\/product\/kodeks-postepowania-administracyjnego-orzecznictwo-aplikanta\/","title":{"rendered":"Kodeks rodzinny i opieku\u0144czy. Orzecznictwo Aplikanta"},"content":{"rendered":"<p>Autor: Mateusz Kurman<br \/>\nWydawnictwo: C.H. Beck<br \/>\nSeria: Orzecznictwo Aplikanta<br \/>\nRok wydania: 2024<br \/>\nWydanie: 5<br \/>\nLiczba stron: 332<br \/>\nWymiary: 165&#215;238 mm<br \/>\nWaga: 470 g<\/p>\n<p>Orzecznictwo Aplikanta \u2013 Kodeks rodzinny i opieku\u0144czy, zawiera tezy orzecze\u0144 do poszczeg\u00f3lnych (wybranych) artyku\u0142\u00f3w tego Kodeksu.<\/p>\n<p>W zbiorze znajdziesz\u00a0<strong>tezy najwa\u017cniejszych orzecze\u0144\u00a0S\u0105du Najwy\u017cszego, s\u0105d\u00f3w apelacyjnych oraz s\u0105d\u00f3w okr\u0119gowych<\/strong>. Pe\u0142n\u0105 tre\u015b\u0107 orzeczenia wraz z uzasadnieniem mo\u017cesz nast\u0119pnie wyszuka\u0107 w dost\u0119pnym na egzaminie komputerze.<\/p>\n<p>Orzecznictwo aplikanta\u00a0jest wyj\u0105tkowe poniewa\u017c nasze\u00a0<strong>materia\u0142y mo\u017cesz zabra\u0107 na egzamin<\/strong>, a ponadto artyku\u0142y i przyporz\u0105dkowane im tezy pozwol\u0105 Ci na\u00a0<strong>szybkie znalezienie w\u0142a\u015bciwego orzeczenia<\/strong>. Dzi\u0119ki temu unikniesz kolejek do komputer\u00f3w w trakcie egzaminu.<\/p>\n<p>Co wi\u0119cej, nie martw si\u0119, \u017ce przed egzaminem zostan\u0105 opublikowane nowe orzeczenia, kt\u00f3rych niniejsza ksi\u0105\u017cka nie zawiera, a kt\u00f3re b\u0119d\u0105 podstawa do prawid\u0142owego rozwi\u0105zania kazus\u00f3w.\u00a0<strong>Gwarantujmy\u00a0aktualno\u015b\u0107 stanu prawnego do dnia egzaminu zawodowego w 2026 r.\u00a0<\/strong>Zbi\u00f3r b\u0119dzie aktualizowany przez dodawanie nowych, wa\u017cnych tez do orzecze\u0144 oraz przez aktualizacj\u0119 stanu prawnego \u2013 szukaj aktualizacji na stronie\u00a0<a title=\"Sprawd\u017a aktualizacje publikacji\" href=\"https:\/\/aktualizacje.beck.pl\/\" target=\"_blank\" rel=\"noopener\">aktualizacje.beck.pl<\/a><\/p>\n<p>Je\u015bli zatem jeste\u015b aplikantem przed ko\u0144cowym egzaminem prawniczym zawodowym oto zestaw ksi\u0105\u017cek z Orzecznictwem aplikanta, kt\u00f3re musisz mie\u0107 ka\u017cdego dnia pod r\u0119k\u0105, aby zda\u0107 egzamin adwokacki lub radcowski w 2026 r.<\/p>\n<p>Pozycja ta przyda si\u0119 r\u00f3wnie\u017c Aplikantom, kt\u00f3rzy chc\u0105 poszerzy\u0107 swoj\u0105 wiedz\u0119 z poszczeg\u00f3lnych dziedzin prawa w trakcie aplikacji.<\/p>\n","protected":false},"excerpt":{"rendered":"<p>Autor: Mateusz Kurman Wydawnictwo: C.H. Beck Seria: Orzecznictwo Aplikanta Rok [&hellip;]<\/p>\n","protected":false},"featured_media":21555,"template":"","meta":[],"product_brand":[],"product_cat":[7491,18],"product_tag":[7918,645,7653],"class_list":{"0":"post-6588","1":"product","2":"type-product","3":"status-publish","4":"has-post-thumbnail","6":"product_cat-cywilne","7":"product_cat-prawo","8":"product_tag-egzamin-prawniczy-2020","9":"product_tag-prawo-rodzinne","10":"product_tag-seria-orzecznictwo-aplikanta","12":"first","13":"outofstock","14":"sale","15":"shipping-taxable","16":"purchasable","17":"product-type-simple"},"_links":{"self":[{"href":"http:\/\/ksiegarnia-akademicka.pl\/index.php\/wp-json\/wp\/v2\/product\/6588","targetHints":{"allow":["GET"]}}],"collection":[{"href":"http:\/\/ksiegarnia-akademicka.pl\/index.php\/wp-json\/wp\/v2\/product"}],"about":[{"href":"http:\/\/ksiegarnia-akademicka.pl\/index.php\/wp-json\/wp\/v2\/types\/product"}],"wp:featuredmedia":[{"embeddable":true,"href":"http:\/\/ksiegarnia-akademicka.pl\/index.php\/wp-json\/wp\/v2\/media\/21555"}],"wp:attachment":[{"href":"http:\/\/ksiegarnia-akademicka.pl\/index.php\/wp-json\/wp\/v2\/media?parent=6588"}],"wp:term":[{"taxonomy":"product_brand","embeddable":true,"href":"http:\/\/ksiegarnia-akademicka.pl\/index.php\/wp-json\/wp\/v2\/product_brand?post=6588"},{"taxonomy":"product_cat","embeddable":true,"href":"http:\/\/ksiegarnia-akademicka.pl\/index.php\/wp-json\/wp\/v2\/product_cat?post=6588"},{"taxonomy":"product_tag","embeddable":true,"href":"http:\/\/ksiegarnia-akademicka.pl\/index.php\/wp-json\/wp\/v2\/product_tag?post=6588"}],"curies":[{"name":"wp","href":"https:\/\/api.w.org\/{rel}","templated":true}]}}