{"id":6575,"date":"2018-05-22T12:56:43","date_gmt":"2018-05-22T10:56:43","guid":{"rendered":"http:\/\/ksiegarnia-akademicka.pl\/index.php\/product\/etyka-w-administracji-publicznej\/"},"modified":"2023-01-16T13:21:57","modified_gmt":"2023-01-16T12:21:57","slug":"etyka-w-administracji-publicznej","status":"publish","type":"product","link":"http:\/\/ksiegarnia-akademicka.pl\/index.php\/product\/etyka-w-administracji-publicznej\/","title":{"rendered":"Etyka w administracji publicznej"},"content":{"rendered":"<p>Nale\u017cy do serii:<br \/>\nSERIA AKADEMICKA<br \/>\nAutor:<br \/>\nTomasz Pietrzykowski<br \/>\nIwona Bogucka<br \/>\nWydawca: Wolters Kluwer<br \/>\nOprawa: Mi\u0119kka<br \/>\nFormat: 17.0&#215;24.0cm<br \/>\nLiczba stron: 240<br \/>\nWydanie: 5<br \/>\nRok wydania: 2022<br \/>\nJ\u0119zyk wydania: polski<\/p>\n<p>Etyka w administracji publicznej to podr\u0119cznik, w kt\u00f3rym Autorzy dokonali analizy aspekt\u00f3w etycznych pracy urz\u0119dnika administracji publicznej oraz najwa\u017cniejszych standard\u00f3w i warto\u015bci zwi\u0105zanych z pe\u0142nion\u0105 przez niego funkcj\u0105 spo\u0142eczn\u0105. Omawiane zagadnienia wskazuj\u0105 przenikanie si\u0119 wymog\u00f3w stawianych urz\u0119dnikom przez prawo i zasady etyki zawodowej.<\/p>\n<p>Praca jest napisana jasnym i zrozumia\u0142ym j\u0119zykiem, stanowi cenn\u0105 pomoc zar\u00f3wno dla student\u00f3w, jak i urz\u0119dnik\u00f3w oraz innych os\u00f3b zwi\u0105zanych ze s\u0142u\u017cb\u0105 publiczn\u0105, zainteresowanych etycznym wymiarem funkcjonowania administracji wsp\u00f3\u0142czesnego pa\u0144stwa.<\/p>\n<p>Niniejsze 5. wydanie zosta\u0142o uaktualnione zgodnie z obowi\u0105zuj\u0105cym stanem prawnym, a tak\u017ce wzbogacone o prezentacj\u0119 najnowszych wyzwa\u0144 etycznych pojawiaj\u0105cych si\u0119 w pracy urz\u0119dnika administracji publicznej.<\/p>\n","protected":false},"excerpt":{"rendered":"<p>Nale\u017cy do serii: SERIA AKADEMICKA Autor: Tomasz Pietrzykowski Iwona Bogucka [&hellip;]<\/p>\n","protected":false},"featured_media":16062,"template":"","meta":[],"product_brand":[],"product_cat":[7492,18],"product_tag":[235,485,330],"class_list":{"0":"post-6575","1":"product","2":"type-product","3":"status-publish","4":"has-post-thumbnail","6":"product_cat-administracyjne","7":"product_cat-prawo","8":"product_tag-etyka","9":"product_tag-prawo-administracyjne","10":"product_tag-seria-akademicka","12":"first","13":"instock","14":"sale","15":"shipping-taxable","16":"purchasable","17":"product-type-simple"},"_links":{"self":[{"href":"http:\/\/ksiegarnia-akademicka.pl\/index.php\/wp-json\/wp\/v2\/product\/6575","targetHints":{"allow":["GET"]}}],"collection":[{"href":"http:\/\/ksiegarnia-akademicka.pl\/index.php\/wp-json\/wp\/v2\/product"}],"about":[{"href":"http:\/\/ksiegarnia-akademicka.pl\/index.php\/wp-json\/wp\/v2\/types\/product"}],"wp:featuredmedia":[{"embeddable":true,"href":"http:\/\/ksiegarnia-akademicka.pl\/index.php\/wp-json\/wp\/v2\/media\/16062"}],"wp:attachment":[{"href":"http:\/\/ksiegarnia-akademicka.pl\/index.php\/wp-json\/wp\/v2\/media?parent=6575"}],"wp:term":[{"taxonomy":"product_brand","embeddable":true,"href":"http:\/\/ksiegarnia-akademicka.pl\/index.php\/wp-json\/wp\/v2\/product_brand?post=6575"},{"taxonomy":"product_cat","embeddable":true,"href":"http:\/\/ksiegarnia-akademicka.pl\/index.php\/wp-json\/wp\/v2\/product_cat?post=6575"},{"taxonomy":"product_tag","embeddable":true,"href":"http:\/\/ksiegarnia-akademicka.pl\/index.php\/wp-json\/wp\/v2\/product_tag?post=6575"}],"curies":[{"name":"wp","href":"https:\/\/api.w.org\/{rel}","templated":true}]}}