{"id":6506,"date":"2018-05-22T12:56:31","date_gmt":"2018-05-22T10:56:31","guid":{"rendered":"http:\/\/ksiegarnia-akademicka.pl\/index.php\/product\/kodeks-pracy-komentarz-4\/"},"modified":"2018-09-07T09:55:36","modified_gmt":"2018-09-07T07:55:36","slug":"kodeks-pracy-komentarz-4","status":"publish","type":"product","link":"http:\/\/ksiegarnia-akademicka.pl\/index.php\/product\/kodeks-pracy-komentarz-4\/","title":{"rendered":"Kodeks pracy Komentarz"},"content":{"rendered":"<p>Nale\u017cy do serii:<br \/>\nDU\u017bE KOMENTARZE<br \/>\nRedakcja: Florek Ludwik<br \/>\nWydawca: Wolters Kluwer<br \/>\nOprawa: Twarda<br \/>\nFormat: 17.0&#215;25.0cm<br \/>\nLiczba stron: 1604<br \/>\nWydanie: 7<br \/>\nRok wydania: 2017<\/p>\n<p>Kolejne, 7. wydanie ciesz\u0105cego si\u0119 najwi\u0119kszym uznaniem czytelnik\u00f3w komentarza do kodeksu pracy zawiera wnikliwe om\u00f3wienie przepis\u00f3w kodeksu z uwzgl\u0119dnieniem wszystkich nowelizacji, kt\u00f3re mia\u0142y miejsce od daty ostatniego wydania, k\u0142ad\u0105c szczeg\u00f3lny nacisk na przybli\u017cenie donios\u0142ych nowelizacji z lat 2016 i 2017.<br \/>\nDotycz\u0105 one m.in.:<br \/>\n&#8211; podniesienia progu liczebno\u015bci zatrudnionych pracownik\u00f3w, od kt\u00f3rego powstaje obowi\u0105zek pracodawcy ustalania regulaminu pracy i regulaminu wynagradzania,<br \/>\n&#8211; nowych zasad wystawiania \u015bwiadectwa pracy,<br \/>\n&#8211; wprowadzenia wymogu formy pisemnej pod rygorem niewa\u017cno\u015bci dla umowy o wsp\u00f3\u0142odpowiedzialno\u015bci materialnej pracownik\u00f3w za mienie powierzone,<br \/>\n&#8211; wyd\u0142u\u017cenia termin\u00f3w na wniesienie przez pracownika odwo\u0142ania do s\u0105du od wypowiedzenia umowy o prac\u0119, odwo\u0142ania od rozwi\u0105zania umowy bez wypowiedzenia, \u017c\u0105dania nawi\u0105zania umowy o prac\u0119,<br \/>\n&#8211; zawierania um\u00f3w terminowych o prac\u0119.<br \/>\nW opracowaniu w przyst\u0119pny spos\u00f3b przybli\u017cono stosowanie w praktyce przepis\u00f3w dotycz\u0105cych np.:<br \/>\n&#8211; nawi\u0105zania i ustania stosunku pracy,<br \/>\n&#8211; urlop\u00f3w pracowniczych,<br \/>\n&#8211; ochrony rodzicielstwa,<br \/>\n&#8211; czasu pracy,<br \/>\n&#8211; wynagrodze\u0144 pracownik\u00f3w,<br \/>\n&#8211; bezpiecze\u0144stwa i higieny pracy,<br \/>\n&#8211; odpowiedzialno\u015bci pracownik\u00f3w.<br \/>\nAutorami komentarza s\u0105 najwybitniejsi przedstawiciele nauki prawa pracy oraz praktycy, eksperci doradzaj\u0105cy pracodawcom, pracownikom, przedstawicielom zwi\u0105zk\u00f3w zawodowych w sprawach z zakresu prawa pracy. <\/p>\n<p>Komentarz zawiera bogaty wyb\u00f3r orzecznictwa S\u0105du Najwy\u017cszego oraz Trybuna\u0142u Konstytucyjnego. Dla praktyk\u00f3w szczeg\u00f3lnie przydatna mo\u017ce si\u0119 okaza\u0107 znajomo\u015b\u0107 zaprezentowanych tu glos do uchwa\u0142 i wyrok\u00f3w S\u0105du Najwy\u017cszego. Obok wyk\u0142adni s\u0105dowej czytelnik znajdzie tu r\u00f3wnie\u017c oficjalne opinie i interpretacje Ministerstwa Pracy i Polityki Spo\u0142ecznej oraz Pa\u0144stwowej Inspekcji Pracy.<\/p>\n","protected":false},"excerpt":{"rendered":"<p>Nale\u017cy do serii: DU\u017bE KOMENTARZE Redakcja: Florek Ludwik Wydawca: Wolters [&hellip;]<\/p>\n","protected":false},"featured_media":8558,"template":"","meta":[],"product_brand":[],"product_cat":[18,7550],"product_tag":[794,4993,793],"class_list":{"0":"post-6506","1":"product","2":"type-product","3":"status-publish","4":"has-post-thumbnail","6":"product_cat-prawo","7":"product_cat-prawo-pracy","8":"product_tag-kodeks-pracy","9":"product_tag-komentarze-i-opracowania-prawne","10":"product_tag-prawo-pracy","12":"first","13":"instock","14":"sale","15":"shipping-taxable","16":"purchasable","17":"product-type-simple"},"_links":{"self":[{"href":"http:\/\/ksiegarnia-akademicka.pl\/index.php\/wp-json\/wp\/v2\/product\/6506","targetHints":{"allow":["GET"]}}],"collection":[{"href":"http:\/\/ksiegarnia-akademicka.pl\/index.php\/wp-json\/wp\/v2\/product"}],"about":[{"href":"http:\/\/ksiegarnia-akademicka.pl\/index.php\/wp-json\/wp\/v2\/types\/product"}],"wp:featuredmedia":[{"embeddable":true,"href":"http:\/\/ksiegarnia-akademicka.pl\/index.php\/wp-json\/wp\/v2\/media\/8558"}],"wp:attachment":[{"href":"http:\/\/ksiegarnia-akademicka.pl\/index.php\/wp-json\/wp\/v2\/media?parent=6506"}],"wp:term":[{"taxonomy":"product_brand","embeddable":true,"href":"http:\/\/ksiegarnia-akademicka.pl\/index.php\/wp-json\/wp\/v2\/product_brand?post=6506"},{"taxonomy":"product_cat","embeddable":true,"href":"http:\/\/ksiegarnia-akademicka.pl\/index.php\/wp-json\/wp\/v2\/product_cat?post=6506"},{"taxonomy":"product_tag","embeddable":true,"href":"http:\/\/ksiegarnia-akademicka.pl\/index.php\/wp-json\/wp\/v2\/product_tag?post=6506"}],"curies":[{"name":"wp","href":"https:\/\/api.w.org\/{rel}","templated":true}]}}