{"id":6482,"date":"2018-05-22T12:56:26","date_gmt":"2018-05-22T10:56:26","guid":{"rendered":"http:\/\/ksiegarnia-akademicka.pl\/index.php\/product\/podrecznik-pierwszej-pomocy\/"},"modified":"2021-05-25T12:42:46","modified_gmt":"2021-05-25T10:42:46","slug":"podrecznik-pierwszej-pomocy","status":"publish","type":"product","link":"http:\/\/ksiegarnia-akademicka.pl\/index.php\/product\/podrecznik-pierwszej-pomocy\/","title":{"rendered":"Podr\u0119cznik pierwszej pomocy"},"content":{"rendered":"<p>Autor:<br \/>\nMichael Buchfelder<br \/>\nAlbert Buchfelder<br \/>\nT\u0142umacze: Mikaszewska-Sokolewicz Ma\u0142gorzata<br \/>\nWydawca: PZWL<br \/>\nOprawa: Mi\u0119kka<br \/>\nFormat: 14.0&#215;20.5cm<br \/>\nLiczba stron: 334<br \/>\nWydanie: 5<br \/>\nRok wydania: 2014<br \/>\nJ\u0119zyk wydania: polski<\/p>\n<p>Jest to kolejne, uaktualnione wydanie podr\u0119cznika, w kt\u00f3rym s\u0105 om\u00f3wione zasady udzielania pierwszej pomocy przedlekarskiej. Autorzy uwzgl\u0119dnili wszystkie podstawowe zagadnienia niezb\u0119dne do wykonywania prawid\u0142owych czynno\u015bci, cz\u0119sto ratuj\u0105cych \u017cycie poszkodowanego w wypadku. Ka\u017cdy z nas mo\u017ce by\u0107 osob\u0105 poszkodowan\u0105 lub przyczyni\u0107 si\u0119 do uratowania \u017cycia innego cz\u0142owieka. Ze wzgl\u0119du na przejrzyst\u0105 form\u0119, czytelny spos\u00f3b przedstawiania informacji oraz dydaktyczne, dwubarwne ryciny ksi\u0105\u017cka jest przydatna dla szerokiego kr\u0119gu czytelnik\u00f3w.<br \/>\nW najnowszym wydaniu publikacji wprowadzono wiele zmian. wynikaj\u0105cych z nowych zalece\u0144 post\u0119powania w ratowaniu os\u00f3b poszkodowanych, m.in. w resuscytacji.<\/p>\n","protected":false},"excerpt":{"rendered":"<p>Autor: Michael Buchfelder Albert Buchfelder T\u0142umacze: Mikaszewska-Sokolewicz Ma\u0142gorzata Wydawca: PZWL [&hellip;]<\/p>\n","protected":false},"featured_media":14588,"template":"","meta":[],"product_brand":[],"product_cat":[7493,8116],"product_tag":[5254,6586],"class_list":{"0":"post-6482","1":"product","2":"type-product","3":"status-publish","4":"has-post-thumbnail","6":"product_cat-medycyna","7":"product_cat-medycyna-ratunkowa","8":"product_tag-medycyna-ratunkowa","9":"product_tag-pierwsza-pomoc","11":"first","12":"instock","13":"sale","14":"shipping-taxable","15":"purchasable","16":"product-type-simple"},"_links":{"self":[{"href":"http:\/\/ksiegarnia-akademicka.pl\/index.php\/wp-json\/wp\/v2\/product\/6482","targetHints":{"allow":["GET"]}}],"collection":[{"href":"http:\/\/ksiegarnia-akademicka.pl\/index.php\/wp-json\/wp\/v2\/product"}],"about":[{"href":"http:\/\/ksiegarnia-akademicka.pl\/index.php\/wp-json\/wp\/v2\/types\/product"}],"wp:featuredmedia":[{"embeddable":true,"href":"http:\/\/ksiegarnia-akademicka.pl\/index.php\/wp-json\/wp\/v2\/media\/14588"}],"wp:attachment":[{"href":"http:\/\/ksiegarnia-akademicka.pl\/index.php\/wp-json\/wp\/v2\/media?parent=6482"}],"wp:term":[{"taxonomy":"product_brand","embeddable":true,"href":"http:\/\/ksiegarnia-akademicka.pl\/index.php\/wp-json\/wp\/v2\/product_brand?post=6482"},{"taxonomy":"product_cat","embeddable":true,"href":"http:\/\/ksiegarnia-akademicka.pl\/index.php\/wp-json\/wp\/v2\/product_cat?post=6482"},{"taxonomy":"product_tag","embeddable":true,"href":"http:\/\/ksiegarnia-akademicka.pl\/index.php\/wp-json\/wp\/v2\/product_tag?post=6482"}],"curies":[{"name":"wp","href":"https:\/\/api.w.org\/{rel}","templated":true}]}}