{"id":6465,"date":"2018-05-22T12:56:23","date_gmt":"2018-05-22T10:56:23","guid":{"rendered":"http:\/\/ksiegarnia-akademicka.pl\/index.php\/product\/pedagogika-podrecznik-dla-pierwszego-stopnia-ksztalcenia-na-poziomie-wyzszym\/"},"modified":"2018-05-22T12:56:23","modified_gmt":"2018-05-22T10:56:23","slug":"pedagogika-podrecznik-dla-pierwszego-stopnia-ksztalcenia-na-poziomie-wyzszym","status":"publish","type":"product","link":"http:\/\/ksiegarnia-akademicka.pl\/index.php\/product\/pedagogika-podrecznik-dla-pierwszego-stopnia-ksztalcenia-na-poziomie-wyzszym\/","title":{"rendered":"Pedagogika. Podr\u0119cznik dla pierwszego stopnia kszta\u0142cenia na poziomie wy\u017cszym"},"content":{"rendered":"","protected":false},"excerpt":{"rendered":"","protected":false},"featured_media":0,"template":"","meta":[],"product_brand":[],"product_cat":[16],"product_tag":[],"class_list":{"0":"post-6465","1":"product","2":"type-product","3":"status-publish","5":"product_cat-ksiegarnia-akademicka-radom","7":"first","8":"instock","9":"shipping-taxable","10":"purchasable","11":"product-type-simple"},"_links":{"self":[{"href":"http:\/\/ksiegarnia-akademicka.pl\/index.php\/wp-json\/wp\/v2\/product\/6465","targetHints":{"allow":["GET"]}}],"collection":[{"href":"http:\/\/ksiegarnia-akademicka.pl\/index.php\/wp-json\/wp\/v2\/product"}],"about":[{"href":"http:\/\/ksiegarnia-akademicka.pl\/index.php\/wp-json\/wp\/v2\/types\/product"}],"wp:attachment":[{"href":"http:\/\/ksiegarnia-akademicka.pl\/index.php\/wp-json\/wp\/v2\/media?parent=6465"}],"wp:term":[{"taxonomy":"product_brand","embeddable":true,"href":"http:\/\/ksiegarnia-akademicka.pl\/index.php\/wp-json\/wp\/v2\/product_brand?post=6465"},{"taxonomy":"product_cat","embeddable":true,"href":"http:\/\/ksiegarnia-akademicka.pl\/index.php\/wp-json\/wp\/v2\/product_cat?post=6465"},{"taxonomy":"product_tag","embeddable":true,"href":"http:\/\/ksiegarnia-akademicka.pl\/index.php\/wp-json\/wp\/v2\/product_tag?post=6465"}],"curies":[{"name":"wp","href":"https:\/\/api.w.org\/{rel}","templated":true}]}}